{"id":9358,"date":"2025-01-12T18:24:10","date_gmt":"2025-01-12T11:24:10","guid":{"rendered":"https:\/\/ladigi.vn\/thiet-ke-website\/?post_type=product&#038;p=9358"},"modified":"2025-01-12T18:25:50","modified_gmt":"2025-01-12T11:25:50","slug":"theme-wordpress-trung-tam-gia-su","status":"publish","type":"product","link":"https:\/\/ladigi.vn\/thiet-ke-website\/mau-web\/theme-wordpress-trung-tam-gia-su\/","title":{"rendered":"Trung t\u00e2m gia s\u01b0"},"content":{"rendered":"<p>\n Ch\u00e0o m\u1eebng \u0111\u1ebfn v\u1edbi trang web c\u1ee7a trung t\u00e2m gia s\u01b0! Ch\u00fang t\u00f4i t\u1ef1 h\u00e0o cung c\u1ea5p d\u1ecbch v\u1ee5 thi\u1ebft k\u1ebf website Theme wordpress chuy\u00ean nghi\u1ec7p v\u00e0 \u0111\u1eb9p m\u1eaft cho trung t\u00e2m gia s\u01b0 c\u1ee7a b\u1ea1n.\n<\/p>\n<p>\n V\u1edbi giao di\u1ec7n \u0111\u01b0\u1ee3c thi\u1ebft k\u1ebf \u0111\u1eb9p v\u00e0 d\u1ec5 s\u1eed d\u1ee5ng, trang web s\u1ebd gi\u00fap trung t\u00e2m gia s\u01b0 c\u1ee7a b\u1ea1n thu h\u00fat \u0111\u01b0\u1ee3c nhi\u1ec1u h\u1ecdc vi\u00ean v\u00e0 t\u0103ng c\u01b0\u1eddng uy t\u00edn trong ng\u00e0nh gi\u00e1o d\u1ee5c. B\u00ean c\u1ea1nh \u0111\u00f3, trang web c\u1ee7a b\u1ea1n s\u1ebd \u0111\u01b0\u1ee3c t\u1ed1i \u01b0u h\u00f3a \u0111\u1ec3 hi\u1ec3n th\u1ecb t\u1ed1t tr\u00ean m\u1ecdi thi\u1ebft b\u1ecb, t\u1eeb m\u00e1y t\u00ednh \u0111\u1ec3 b\u00e0n cho \u0111\u1ebfn \u0111i\u1ec7n tho\u1ea1i di \u0111\u1ed9ng.\n<\/p>\n<p>\n V\u1edbi m\u00e3 ngu\u1ed3n WordPress v\u00e0 s\u1eed d\u1ee5ng Theme Flatsome v\u00e0 UX Builder, ch\u00fang t\u00f4i cam k\u1ebft s\u1ebd t\u1ea1o ra m\u1ed9t trang web d\u1ec5 t\u00f9y bi\u1ebfn v\u00e0 linh ho\u1ea1t, gi\u00fap b\u1ea1n d\u1ec5 d\u00e0ng thay \u0111\u1ed5i n\u1ed9i dung v\u00e0 c\u1eadp nh\u1eadt th\u00f4ng tin m\u1edbi nh\u1ea5t cho trung t\u00e2m gia s\u01b0 c\u1ee7a m\u00ecnh.\n<\/p>\n<p>\n \u0110\u1eb7c bi\u1ec7t, trang web c\u1ee7a b\u1ea1n s\u1ebd c\u00f3 t\u1ed1c \u0111\u1ed9 t\u1ea3i trang nhanh, gi\u00fap ng\u01b0\u1eddi d\u00f9ng kh\u00f4ng ph\u1ea3i ch\u1edd \u0111\u1ee3i l\u00e2u \u0111\u1ec3 truy c\u1eadp v\u00e0 t\u00ecm ki\u1ebfm th\u00f4ng tin. \u0110i\u1ec1u n\u00e0y s\u1ebd gi\u00fap t\u0103ng tr\u1ea3i nghi\u1ec7m c\u1ee7a ng\u01b0\u1eddi d\u00f9ng v\u00e0 gi\u1eef ch\u00e2n h\u1ecd tr\u00ean trang web c\u1ee7a b\u1ea1n l\u00e2u h\u01a1n.\n<\/p>\n<p>\n Ch\u00fang t\u00f4i l\u00e0 LADIGI Agency, \u0111\u01a1n v\u1ecb chuy\u00ean cung c\u1ea5p d\u1ecbch v\u1ee5 thi\u1ebft k\u1ebf website chuy\u00ean nghi\u1ec7p v\u00e0 uy t\u00edn. V\u1edbi \u0111\u1ed9i ng\u0169 nh\u00e2n vi\u00ean gi\u00e0u kinh nghi\u1ec7m v\u00e0 t\u00e2m huy\u1ebft, ch\u00fang t\u00f4i cam k\u1ebft s\u1ebd mang \u0111\u1ebfn cho b\u1ea1n m\u1ed9t trang web ho\u00e0n h\u1ea3o v\u00e0 \u0111\u00e1p \u1ee9ng \u0111\u01b0\u1ee3c m\u1ecdi y\u00eau c\u1ea7u c\u1ee7a b\u1ea1n.\n<\/p>\n<p>\n N\u1ebfu b\u1ea1n \u0111ang t\u00ecm ki\u1ebfm m\u1ed9t g\u00f3i d\u1ecbch v\u1ee5 thi\u1ebft k\u1ebf website gi\u00e1 h\u1ee3p l\u00fd cho trung t\u00e2m gia s\u01b0 c\u1ee7a m\u00ecnh, h\u00e3y \u0111\u1ebfn v\u1edbi LADIGI Agency. Ch\u00fang t\u00f4i s\u1ebd gi\u00fap b\u1ea1n x\u00e2y d\u1ef1ng m\u1ed9t trang web chuy\u00ean nghi\u1ec7p v\u00e0 hi\u1ec7u qu\u1ea3, gi\u00fap trung t\u00e2m gia s\u01b0 c\u1ee7a b\u1ea1n ph\u00e1t tri\u1ec3n m\u1ea1nh m\u1ebd v\u00e0 th\u00e0nh c\u00f4ng h\u01a1n.\n<\/p>\n<p>\n \u0110\u1eebng ng\u1ea7n ng\u1ea1i li\u00ean h\u1ec7 v\u1edbi ch\u00fang t\u00f4i ngay h\u00f4m nay \u0111\u1ec3 \u0111\u01b0\u1ee3c t\u01b0 v\u1ea5n v\u00e0 h\u1ed7 tr\u1ee3 t\u1ed1t nh\u1ea5t. C\u00f9ng ch\u00fang t\u00f4i thay \u0111\u1ed5i v\u00e0 n\u00e2ng c\u1ea5p trang web c\u1ee7a trung t\u00e2m gia s\u01b0 c\u1ee7a b\u1ea1n \u0111\u1ec3 \u0111\u1ea1t \u0111\u01b0\u1ee3c nh\u1eefng th\u00e0nh c\u00f4ng m\u1edbi!\n<\/p>\n<p>\n <a href=\"https:\/\/ladigi.vn\/thiet-ke-website\/\"><br \/>\n  G\u00f3i d\u1ecbch v\u1ee5 thi\u1ebft k\u1ebf website gi\u00e1 h\u1ee3p l\u00fd<br \/>\n <\/a><br \/>\n ch\u1edd \u0111\u00f3n b\u1ea1n t\u1ea1i LADIGI Agency. H\u00e3y \u0111\u1ec3 ch\u00fang t\u00f4i gi\u00fap b\u1ea1n th\u1ec3 hi\u1ec7n s\u1ef1 chuy\u00ean nghi\u1ec7p v\u00e0 t\u1ea1o d\u1ef1ng th\u01b0\u01a1ng hi\u1ec7u cho trung t\u00e2m gia s\u01b0 c\u1ee7a b\u1ea1n!<\/p>\n","protected":false},"excerpt":{"rendered":"<p>Trung t\u00e2m gia s\u01b0 lu\u00f4n c\u1ea7n c\u00f3 m\u1ed9t website chuy\u00ean nghi\u1ec7p \u0111\u1ec3 gi\u1edbi thi\u1ec7u v\u00e0 t\u01b0\u01a1ng t\u00e1c v\u1edbi kh\u00e1ch h\u00e0ng. Ch\u00ednh v\u00ec v\u1eady, d\u1ecbch v\u1ee5 Thi\u1ebft k\u1ebf website Theme wordpress c\u1ee7a ch\u00fang t\u00f4i s\u1ebd \u0111\u00e1p \u1ee9ng m\u1ecdi y\u00eau c\u1ea7u c\u1ee7a b\u1ea1n. Giao di\u1ec7n web \u0111\u01b0\u1ee3c thi\u1ebft k\u1ebf \u0111\u1eb9p, d\u1ec5 s\u1eed d\u1ee5ng v\u00e0 t\u01b0\u01a1ng th\u00edch tr\u00ean m\u1ecdi thi\u1ebft b\u1ecb. V\u1edbi m\u00e3 ngu\u1ed3n Wordpress v\u00e0 s\u1eed d\u1ee5ng Theme Flatsome c\u00f9ng UX Builder, ch\u00fang t\u00f4i cam k\u1ebft s\u1ebd mang \u0111\u1ebfn cho b\u1ea1n m\u1ed9t website \u0111\u1eb9p v\u00e0 d\u1ec5 t\u00f9y bi\u1ebfn. \u0110\u1eb7c bi\u1ec7t, t\u1ed1c \u0111\u1ed9 t\u1ea3i trang nhanh s\u1ebd gi\u00fap website c\u1ee7a b\u1ea1n lu\u00f4n \u0111\u01b0\u1ee3c tr\u1ea3i nghi\u1ec7m t\u1ed1t nh\u1ea5t.<\/p>\n","protected":false},"featured_media":9359,"comment_status":"open","ping_status":"closed","template":"","meta":[],"product_cat":[16],"product_tag":[],"class_list":{"0":"post-9358","1":"product","2":"type-product","3":"status-publish","4":"has-post-thumbnail","6":"product_cat-tat-ca","8":"first","9":"instock","10":"shipping-taxable","11":"product-type-external"},"_links":{"self":[{"href":"https:\/\/ladigi.vn\/thiet-ke-website\/wp-json\/wp\/v2\/product\/9358","targetHints":{"allow":["GET"]}}],"collection":[{"href":"https:\/\/ladigi.vn\/thiet-ke-website\/wp-json\/wp\/v2\/product"}],"about":[{"href":"https:\/\/ladigi.vn\/thiet-ke-website\/wp-json\/wp\/v2\/types\/product"}],"replies":[{"embeddable":true,"href":"https:\/\/ladigi.vn\/thiet-ke-website\/wp-json\/wp\/v2\/comments?post=9358"}],"wp:featuredmedia":[{"embeddable":true,"href":"https:\/\/ladigi.vn\/thiet-ke-website\/wp-json\/wp\/v2\/media\/9359"}],"wp:attachment":[{"href":"https:\/\/ladigi.vn\/thiet-ke-website\/wp-json\/wp\/v2\/media?parent=9358"}],"wp:term":[{"taxonomy":"product_cat","embeddable":true,"href":"https:\/\/ladigi.vn\/thiet-ke-website\/wp-json\/wp\/v2\/product_cat?post=9358"},{"taxonomy":"product_tag","embeddable":true,"href":"https:\/\/ladigi.vn\/thiet-ke-website\/wp-json\/wp\/v2\/product_tag?post=9358"}],"curies":[{"name":"wp","href":"https:\/\/api.w.org\/{rel}","templated":true}]}}