{"id":9362,"date":"2025-01-12T07:58:33","date_gmt":"2025-01-12T00:58:33","guid":{"rendered":"https:\/\/ladigi.vn\/thiet-ke-website\/?post_type=product&#038;p=9362"},"modified":"2025-01-12T19:39:22","modified_gmt":"2025-01-12T12:39:22","slug":"theme-wordpress-gioi-thieu-cong-ty-dep","status":"publish","type":"product","link":"https:\/\/ladigi.vn\/thiet-ke-website\/mau-web\/theme-wordpress-gioi-thieu-cong-ty-dep\/","title":{"rendered":"Gi\u1edbi thi\u1ec7u c\u00f4ng ty"},"content":{"rendered":"<p>\n Xin ch\u00e0o c\u00e1c b\u1ea1n,\n<\/p>\n<p>\n B\u1ea1n \u0111ang c\u00f3 k\u1ebf ho\u1ea1ch kinh doanh v\u00e0 mu\u1ed1n gi\u1edbi thi\u1ec7u c\u00f4ng ty c\u1ee7a m\u00ecnh tr\u00ean m\u1ea1ng? B\u1ea1n \u0111ang t\u00ecm ki\u1ebfm m\u1ed9t gi\u1ea3i ph\u00e1p \u0111\u1ec3 t\u1ea1o ra m\u1ed9t website chuy\u00ean nghi\u1ec7p v\u00e0 \u0111\u1eb9p m\u1eaft? \u0110\u1eebng lo l\u1eafng, LADIGI Agency s\u1ebd gi\u00fap b\u1ea1n th\u1ef1c hi\u1ec7n \u0111i\u1ec1u \u0111\u00f3 v\u1edbi d\u1ecbch v\u1ee5 Thi\u1ebft k\u1ebf website Theme WordPress.\n<\/p>\n<p>\n V\u1edbi s\u1ef1 ph\u00e1t tri\u1ec3n c\u1ee7a c\u00f4ng ngh\u1ec7, vi\u1ec7c s\u1edf h\u1eefu m\u1ed9t website tr\u1edf n\u00ean c\u1ea7n thi\u1ebft cho b\u1ea5t k\u1ef3 doanh nghi\u1ec7p n\u00e0o. Tuy nhi\u00ean, kh\u00f4ng ph\u1ea3i ai c\u0169ng c\u00f3 ki\u1ebfn th\u1ee9c v\u00e0 k\u1ef9 n\u0103ng \u0111\u1ec3 t\u1ef1 thi\u1ebft k\u1ebf m\u1ed9t website \u0111\u1eb9p v\u00e0 chuy\u00ean nghi\u1ec7p. \u0110\u00f3 l\u00e0 l\u00fd do t\u1ea1i sao ch\u00fang t\u00f4i t\u1ea1o ra d\u1ecbch v\u1ee5 Thi\u1ebft k\u1ebf website Theme WordPress, gi\u00fap b\u1ea1n c\u00f3 \u0111\u01b0\u1ee3c m\u1ed9t giao di\u1ec7n web \u0111\u1eb9p m\u1eaft v\u00e0 chuy\u00ean nghi\u1ec7p, gi\u00fap t\u0103ng c\u01b0\u1eddng h\u00ecnh \u1ea3nh v\u00e0 uy t\u00edn c\u1ee7a c\u00f4ng ty b\u1ea1n tr\u00ean m\u1ea1ng.\n<\/p>\n<p>\n Giao di\u1ec7n web c\u1ee7a ch\u00fang t\u00f4i \u0111\u01b0\u1ee3c thi\u1ebft k\u1ebf \u0111\u1eb9p m\u1eaft v\u00e0 d\u1ec5 s\u1eed d\u1ee5ng, gi\u00fap kh\u00e1ch h\u00e0ng d\u1ec5 d\u00e0ng t\u00ecm th\u1ea5y th\u00f4ng tin v\u00e0 s\u1ea3n ph\u1ea9m c\u1ee7a b\u1ea1n. Ch\u00fang t\u00f4i c\u0169ng \u0111\u1ea3m b\u1ea3o giao di\u1ec7n web t\u01b0\u01a1ng th\u00edch tr\u00ean m\u1ecdi thi\u1ebft b\u1ecb, t\u1eeb m\u00e1y t\u00ednh \u0111\u1ec3 b\u00e0n \u0111\u1ebfn \u0111i\u1ec7n tho\u1ea1i di \u0111\u1ed9ng, gi\u00fap kh\u00e1ch h\u00e0ng c\u00f3 th\u1ec3 truy c\u1eadp v\u00e0o website c\u1ee7a b\u1ea1n m\u1ecdi l\u00fac, m\u1ecdi n\u01a1i.\n<\/p>\n<p>\n M\u00e3 ngu\u1ed3n WordPress v\u1edbi Theme Flatsome v\u00e0 UX Builder l\u00e0 nh\u1eefng c\u00f4ng c\u1ee5 \u0111\u01b0\u1ee3c ch\u00fang t\u00f4i s\u1eed d\u1ee5ng \u0111\u1ec3 thi\u1ebft k\u1ebf website cho b\u1ea1n. \u0110\u00e2y l\u00e0 nh\u1eefng c\u00f4ng c\u1ee5 \u0111\u01b0\u1ee3c \u0111\u00e1nh gi\u00e1 cao v\u1ec1 t\u00ednh n\u0103ng v\u00e0 t\u00ednh t\u00f9y bi\u1ebfn, gi\u00fap ch\u00fang t\u00f4i t\u1ea1o ra nh\u1eefng giao di\u1ec7n web \u0111\u1eb9p v\u00e0 \u0111\u1ed9c \u0111\u00e1o theo \u00fd t\u01b0\u1edfng v\u00e0 mong mu\u1ed1n c\u1ee7a kh\u00e1ch h\u00e0ng.\n<\/p>\n<p>\n M\u1ed9t trong nh\u1eefng y\u1ebfu t\u1ed1 quan tr\u1ecdng c\u1ee7a m\u1ed9t website l\u00e0 t\u1ed1c \u0111\u1ed9 t\u1ea3i trang. Ch\u00fang t\u00f4i cam k\u1ebft s\u1eed d\u1ee5ng c\u00f4ng ngh\u1ec7 t\u1ed1i \u01b0u h\u00f3a \u0111\u1ec3 \u0111\u1ea3m b\u1ea3o t\u1ed1c \u0111\u1ed9 t\u1ea3i trang nhanh, gi\u00fap kh\u00e1ch h\u00e0ng c\u00f3 tr\u1ea3i nghi\u1ec7m duy\u1ec7t web tuy\u1ec7t v\u1eddi v\u00e0 t\u0103ng c\u01b0\u1eddng kh\u1ea3 n\u0103ng t\u01b0\u01a1ng t\u00e1c v\u1edbi website c\u1ee7a b\u1ea1n.\n<\/p>\n<p>\n LADIGI Agency l\u00e0 \u0111\u01a1n v\u1ecb chuy\u00ean cung c\u1ea5p c\u00e1c d\u1ecbch v\u1ee5 thi\u1ebft k\u1ebf website chuy\u00ean nghi\u1ec7p v\u00e0 hi\u1ec7u qu\u1ea3. V\u1edbi \u0111\u1ed9i ng\u0169 nh\u00e2n vi\u00ean gi\u00e0u kinh nghi\u1ec7m v\u00e0 tay ngh\u1ec1 cao, ch\u00fang t\u00f4i cam k\u1ebft s\u1ebd mang \u0111\u1ebfn cho b\u1ea1n m\u1ed9t giao di\u1ec7n web \u0111\u1eb9p, chuy\u00ean nghi\u1ec7p v\u00e0 hi\u1ec7u qu\u1ea3 nh\u1ea5t.\n<\/p>\n<p>\n \u0110\u1eebng ch\u1ea7n ch\u1eeb n\u1eefa, h\u00e3y \u0111\u1ec3 LADIGI Agency gi\u00fap b\u1ea1n th\u1ef1c hi\u1ec7n k\u1ebf ho\u1ea1ch kinh doanh th\u00e0nh c\u00f4ng v\u1edbi d\u1ecbch v\u1ee5 Thi\u1ebft k\u1ebf website Theme WordPress. \u0110\u1ec3 bi\u1ebft th\u00eam th\u00f4ng tin chi ti\u1ebft v\u00e0 \u0111\u0103ng k\u00fd d\u1ecbch v\u1ee5, vui l\u00f2ng truy c\u1eadp<br \/>\n <a href=\"https:\/\/ladigi.vn\/thiet-ke-website\/\"><br \/>\n  Thi\u1ebft k\u1ebf website b\u00e1n h\u00e0ng LADIGI<br \/>\n <\/a><br \/>\n .\n<\/p>\n<p>\n C\u1ea3m \u01a1n c\u00e1c b\u1ea1n \u0111\u00e3 \u0111\u1ecdc b\u00e0i vi\u1ebft c\u1ee7a ch\u00fang t\u00f4i. Ch\u00fac b\u1ea1n th\u00e0nh c\u00f4ng v\u1edbi kinh doanh c\u1ee7a m\u00ecnh!<\/p>\n","protected":false},"excerpt":{"rendered":"<p>D\u1ecbch v\u1ee5 Thi\u1ebft k\u1ebf website Theme wordpress gi\u1edbi thi\u1ec7u c\u00f4ng ty l\u00e0 s\u1ef1 l\u1ef1a ch\u1ecdn tuy\u1ec7t v\u1eddi cho c\u00e1c doanh nghi\u1ec7p mu\u1ed1n c\u00f3 m\u1ed9t giao di\u1ec7n web \u0111\u1eb9p, chuy\u00ean nghi\u1ec7p v\u00e0 d\u1ec5 s\u1eed d\u1ee5ng. V\u1edbi s\u1ef1 k\u1ebft h\u1ee3p gi\u1eefa m\u00e3 ngu\u1ed3n Wordpress, Theme Flatsome v\u00e0 UX Builder, ch\u00fang t\u00f4i cam k\u1ebft mang \u0111\u1ebfn cho b\u1ea1n m\u1ed9t trang web t\u01b0\u01a1ng th\u00edch tr\u00ean m\u1ecdi thi\u1ebft b\u1ecb v\u00e0 c\u00f3 t\u1ed1c \u0111\u1ed9 t\u1ea3i trang nhanh. B\u1ea1n c\u00f3 th\u1ec3 t\u00f9y bi\u1ebfn giao di\u1ec7n theo \u00fd mu\u1ed1n m\u00e0 kh\u00f4ng c\u1ea7n ph\u1ea3i c\u00f3 ki\u1ebfn th\u1ee9c v\u1ec1 l\u1eadp tr\u00ecnh. H\u00e3y \u0111\u1ec3 ch\u00fang t\u00f4i gi\u00fap b\u1ea1n th\u1ec3 hi\u1ec7n \u0111\u1eb3ng c\u1ea5p v\u00e0 chuy\u00ean nghi\u1ec7p c\u1ee7a c\u00f4ng ty tr\u00ean m\u1ed9t giao di\u1ec7n web ho\u00e0n h\u1ea3o.<\/p>\n","protected":false},"featured_media":9363,"comment_status":"open","ping_status":"closed","template":"","meta":[],"product_cat":[16],"product_tag":[],"class_list":{"0":"post-9362","1":"product","2":"type-product","3":"status-publish","4":"has-post-thumbnail","6":"product_cat-tat-ca","8":"first","9":"instock","10":"shipping-taxable","11":"product-type-external"},"_links":{"self":[{"href":"https:\/\/ladigi.vn\/thiet-ke-website\/wp-json\/wp\/v2\/product\/9362","targetHints":{"allow":["GET"]}}],"collection":[{"href":"https:\/\/ladigi.vn\/thiet-ke-website\/wp-json\/wp\/v2\/product"}],"about":[{"href":"https:\/\/ladigi.vn\/thiet-ke-website\/wp-json\/wp\/v2\/types\/product"}],"replies":[{"embeddable":true,"href":"https:\/\/ladigi.vn\/thiet-ke-website\/wp-json\/wp\/v2\/comments?post=9362"}],"wp:featuredmedia":[{"embeddable":true,"href":"https:\/\/ladigi.vn\/thiet-ke-website\/wp-json\/wp\/v2\/media\/9363"}],"wp:attachment":[{"href":"https:\/\/ladigi.vn\/thiet-ke-website\/wp-json\/wp\/v2\/media?parent=9362"}],"wp:term":[{"taxonomy":"product_cat","embeddable":true,"href":"https:\/\/ladigi.vn\/thiet-ke-website\/wp-json\/wp\/v2\/product_cat?post=9362"},{"taxonomy":"product_tag","embeddable":true,"href":"https:\/\/ladigi.vn\/thiet-ke-website\/wp-json\/wp\/v2\/product_tag?post=9362"}],"curies":[{"name":"wp","href":"https:\/\/api.w.org\/{rel}","templated":true}]}}