{"id":9378,"date":"2025-01-11T12:29:14","date_gmt":"2025-01-11T05:29:14","guid":{"rendered":"https:\/\/ladigi.vn\/thiet-ke-website\/?post_type=product&#038;p=9378"},"modified":"2025-01-11T12:31:15","modified_gmt":"2025-01-11T05:31:15","slug":"theme-wordpress-ban-tra-sua-thuc-uong-giai-khat","status":"publish","type":"product","link":"https:\/\/ladigi.vn\/thiet-ke-website\/mau-web\/theme-wordpress-ban-tra-sua-thuc-uong-giai-khat\/","title":{"rendered":"Shop b\u00e1n tr\u00e0 s\u1eefa v\u00e0 th\u1ee9c u\u1ed1ng gi\u1ea3i kh\u00e1t"},"content":{"rendered":"<h1>\n D\u1ecbch v\u1ee5 Thi\u1ebft k\u1ebf website Theme WordPress b\u00e1n tr\u00e0 s\u1eefa, th\u1ee9c u\u1ed1ng gi\u1ea3i kh\u00e1t<br \/>\n<\/h1>\n<p>\n B\u1ea1n \u0111ang t\u00ecm ki\u1ebfm m\u1ed9t gi\u1ea3i ph\u00e1p website ho\u00e0n h\u1ea3o cho c\u1eeda h\u00e0ng tr\u00e0 s\u1eefa v\u00e0 th\u1ee9c u\u1ed1ng gi\u1ea3i kh\u00e1t c\u1ee7a m\u00ecnh? Ch\u00fang t\u00f4i t\u1ef1 h\u00e0o gi\u1edbi thi\u1ec7u d\u1ecbch v\u1ee5 thi\u1ebft k\u1ebf website chuy\u00ean nghi\u1ec7p v\u1edbi Theme WordPress, mang \u0111\u1ebfn cho b\u1ea1n m\u1ed9t s\u1ea3n ph\u1ea9m tuy\u1ec7t v\u1eddi v\u1edbi nhi\u1ec1u ti\u1ec7n \u00edch.\n<\/p>\n<h2>\n Giao di\u1ec7n \u0111\u1eb9p v\u00e0 chuy\u00ean nghi\u1ec7p<br \/>\n<\/h2>\n<p>\n Giao di\u1ec7n website \u0111\u01b0\u1ee3c thi\u1ebft k\u1ebf v\u1edbi s\u1ef1 ch\u00fa tr\u1ecdng \u0111\u1ebfn th\u1ea9m m\u1ef9 v\u00e0 t\u00ednh chuy\u00ean nghi\u1ec7p. M\u1eabu giao di\u1ec7n ph\u00f9 h\u1ee3p v\u1edbi ng\u00e0nh h\u00e0ng tr\u00e0 s\u1eefa, kh\u00f4ng ch\u1ec9 g\u00e2y \u1ea5n t\u01b0\u1ee3ng v\u1edbi kh\u00e1ch h\u00e0ng m\u00e0 c\u00f2n d\u1ec5 d\u00e0ng t\u1ea1o d\u1ea5u \u1ea5n th\u01b0\u01a1ng hi\u1ec7u ri\u00eang c\u1ee7a b\u1ea1n. \u0110\u1eb7c bi\u1ec7t, giao di\u1ec7n th\u00e2n thi\u1ec7n v\u1edbi ng\u01b0\u1eddi s\u1eed d\u1ee5ng, gi\u00fap kh\u00e1ch h\u00e0ng d\u1ec5 d\u00e0ng t\u00ecm ki\u1ebfm th\u00f4ng tin v\u00e0 s\u1edf h\u1eefu nh\u1eefng tr\u1ea3i nghi\u1ec7m t\u1ed1t nh\u1ea5t.\n<\/p>\n<h2>\n T\u01b0\u01a1ng th\u00edch tr\u00ean m\u1ecdi thi\u1ebft b\u1ecb<br \/>\n<\/h2>\n<p>\n Ch\u00fang t\u00f4i cam k\u1ebft website c\u1ee7a b\u1ea1n s\u1ebd t\u01b0\u01a1ng th\u00edch ho\u00e0n h\u1ea3o tr\u00ean m\u1ecdi thi\u1ebft b\u1ecb, t\u1eeb m\u00e1y t\u00ednh \u0111\u1ec3 b\u00e0n, laptop \u0111\u1ebfn c\u00e1c thi\u1ebft b\u1ecb di \u0111\u1ed9ng nh\u01b0 \u0111i\u1ec7n tho\u1ea1i v\u00e0 tablet. \u0110i\u1ec1u n\u00e0y gi\u00fap \u0111\u1ea3m b\u1ea3o r\u1eb1ng kh\u00e1ch h\u00e0ng c\u00f3 th\u1ec3 truy c\u1eadp website c\u1ee7a b\u1ea1n m\u1ecdi l\u00fac, m\u1ecdi n\u01a1i m\u00e0 kh\u00f4ng g\u1eb7p ph\u1ea3i b\u1ea5t k\u1ef3 tr\u1edf ng\u1ea1i n\u00e0o.\n<\/p>\n<h2>\n M\u00e3 ngu\u1ed3n WordPress v\u1edbi Theme Flatsome v\u00e0 UX Builder<br \/>\n<\/h2>\n<p>\n V\u1edbi m\u00e3 ngu\u1ed3n WordPress m\u1ea1nh m\u1ebd k\u1ebft h\u1ee3p v\u1edbi Theme Flatsome v\u00e0 UX Builder, b\u1ea1n s\u1ebd c\u00f3 m\u1ed9t n\u1ec1n t\u1ea3ng d\u1ec5 d\u00e0ng t\u00f9y bi\u1ebfn. B\u1ea5t k\u1ec3 b\u1ea1n mu\u1ed1n \u0111i\u1ec1u ch\u1ec9nh layout, th\u00eam s\u1ea3n ph\u1ea9m, hay ch\u1ec9nh s\u1eeda n\u1ed9i dung, t\u1ea5t c\u1ea3 \u0111\u1ec1u c\u00f3 th\u1ec3 th\u1ef1c hi\u1ec7n m\u1ed9t c\u00e1ch \u0111\u01a1n gi\u1ea3n ch\u1ec9 v\u1edbi v\u00e0i c\u00fa click chu\u1ed9t.\n<\/p>\n<h2>\n T\u1ed1c \u0111\u1ed9 t\u1ea3i trang nhanh<br \/>\n<\/h2>\n<p>\n T\u1ed1c \u0111\u1ed9 t\u1ea3i trang nhanh c\u0169ng l\u00e0 m\u1ed9t y\u1ebfu t\u1ed1 quan tr\u1ecdng m\u00e0 ch\u00fang t\u00f4i \u0111\u1eb7c bi\u1ec7t ch\u00fa tr\u1ecdng. Website c\u1ee7a b\u1ea1n s\u1ebd \u0111\u01b0\u1ee3c t\u1ed1i \u01b0u h\u00f3a \u0111\u1ec3 mang \u0111\u1ebfn tr\u1ea3i nghi\u1ec7m duy\u1ec7t web m\u01b0\u1ee3t m\u00e0, gi\u1ea3m thi\u1ec3u t\u00ecnh tr\u1ea1ng tho\u00e1t trang v\u00e0 gi\u1eef ch\u00e2n kh\u00e1ch h\u00e0ng l\u00e2u h\u01a1n tr\u00ean website.\n<\/p>\n<hr\/>\n<p>\n \u0110\u1eebng ch\u1ea7n ch\u1edd n\u1eefa! H\u00e3y \u0111\u1ec3 ch\u00fang t\u00f4i gi\u00fap b\u1ea1n hi\u1ec7n th\u1ef1c h\u00f3a \u01b0\u1edbc m\u01a1 kinh doanh tr\u00e0 s\u1eefa v\u1edbi m\u1ed9t website \u0111\u1eb9p, chuy\u00ean nghi\u1ec7p v\u00e0 hi\u1ec7u qu\u1ea3. Li\u00ean h\u1ec7 v\u1edbi<br \/>\n <strong><br \/>\n  LADIGI Agency<br \/>\n <\/strong><br \/>\n ngay h\u00f4m nay \u0111\u1ec3 \u0111\u01b0\u1ee3c t\u01b0 v\u1ea5n v\u00e0 tr\u1ea3i nghi\u1ec7m d\u1ecbch v\u1ee5 thi\u1ebft k\u1ebf website \u0111a n\u1ec1n t\u1ea3ng h\u00e0ng \u0111\u1ea7u.\n<\/p>\n<p>\n <a href=\"https:\/\/ladigi.vn\/thiet-ke-website\/\"><br \/>\n  Xem th\u00eam v\u1ec1 d\u1ecbch v\u1ee5 thi\u1ebft k\u1ebf website \u0111a n\u1ec1n t\u1ea3ng LADIGI<br \/>\n <\/a><\/p>\n","protected":false},"excerpt":{"rendered":"<p>D\u1ecbch v\u1ee5 thi\u1ebft k\u1ebf website b\u00e1n tr\u00e0 s\u1eefa chuy\u00ean nghi\u1ec7p v\u1edbi giao di\u1ec7n \u0111\u1eb9p m\u1eaft, d\u1ec5 s\u1eed d\u1ee5ng v\u00e0 t\u01b0\u01a1ng th\u00edch m\u1ecdi thi\u1ebft b\u1ecb. S\u1eed d\u1ee5ng m\u00e3 ngu\u1ed3n Wordpress c\u00f9ng Theme Flatsome v\u00e0 UX Builder, d\u1ec5 d\u00e0ng t\u00f9y bi\u1ebfn theo nhu c\u1ea7u. \u0110\u1eb7c bi\u1ec7t, t\u1ed1c \u0111\u1ed9 t\u1ea3i trang nhanh ch\u00f3ng, mang \u0111\u1ebfn tr\u1ea3i nghi\u1ec7m tuy\u1ec7t v\u1eddi cho kh\u00e1ch h\u00e0ng.<\/p>\n","protected":false},"featured_media":9379,"comment_status":"open","ping_status":"closed","template":"","meta":[],"product_cat":[16],"product_tag":[],"class_list":{"0":"post-9378","1":"product","2":"type-product","3":"status-publish","4":"has-post-thumbnail","6":"product_cat-tat-ca","8":"first","9":"instock","10":"shipping-taxable","11":"product-type-external"},"_links":{"self":[{"href":"https:\/\/ladigi.vn\/thiet-ke-website\/wp-json\/wp\/v2\/product\/9378","targetHints":{"allow":["GET"]}}],"collection":[{"href":"https:\/\/ladigi.vn\/thiet-ke-website\/wp-json\/wp\/v2\/product"}],"about":[{"href":"https:\/\/ladigi.vn\/thiet-ke-website\/wp-json\/wp\/v2\/types\/product"}],"replies":[{"embeddable":true,"href":"https:\/\/ladigi.vn\/thiet-ke-website\/wp-json\/wp\/v2\/comments?post=9378"}],"wp:featuredmedia":[{"embeddable":true,"href":"https:\/\/ladigi.vn\/thiet-ke-website\/wp-json\/wp\/v2\/media\/9379"}],"wp:attachment":[{"href":"https:\/\/ladigi.vn\/thiet-ke-website\/wp-json\/wp\/v2\/media?parent=9378"}],"wp:term":[{"taxonomy":"product_cat","embeddable":true,"href":"https:\/\/ladigi.vn\/thiet-ke-website\/wp-json\/wp\/v2\/product_cat?post=9378"},{"taxonomy":"product_tag","embeddable":true,"href":"https:\/\/ladigi.vn\/thiet-ke-website\/wp-json\/wp\/v2\/product_tag?post=9378"}],"curies":[{"name":"wp","href":"https:\/\/api.w.org\/{rel}","templated":true}]}}