{"id":9384,"date":"2025-01-10T16:36:46","date_gmt":"2025-01-10T09:36:46","guid":{"rendered":"https:\/\/ladigi.vn\/thiet-ke-website\/?post_type=product&#038;p=9384"},"modified":"2025-01-10T16:38:24","modified_gmt":"2025-01-10T09:38:24","slug":"theme-wordpress-ban-decal","status":"publish","type":"product","link":"https:\/\/ladigi.vn\/thiet-ke-website\/mau-web\/theme-wordpress-ban-decal\/","title":{"rendered":"B\u00e1n decal"},"content":{"rendered":"<h1>\n D\u1ecbch v\u1ee5 Thi\u1ebft k\u1ebf website Theme WordPress b\u00e1n decal<br \/>\n<\/h1>\n<p>\n Ch\u00fang t\u00f4i t\u1ef1 h\u00e0o gi\u1edbi thi\u1ec7u d\u1ecbch v\u1ee5 thi\u1ebft k\u1ebf website chuy\u00ean nghi\u1ec7p d\u00e0nh cho c\u00e1c doanh nghi\u1ec7p b\u00e1n decal. V\u1edbi giao di\u1ec7n web \u0111\u01b0\u1ee3c thi\u1ebft k\u1ebf \u0111\u1eb9p m\u1eaft v\u00e0 hi\u1ec7n \u0111\u1ea1i, b\u1ea1n s\u1ebd thu h\u00fat \u0111\u01b0\u1ee3c s\u1ef1 ch\u00fa \u00fd c\u1ee7a kh\u00e1ch h\u00e0ng ngay t\u1eeb l\u1ea7n truy c\u1eadp \u0111\u1ea7u ti\u00ean. Giao di\u1ec7n th\u00e2n thi\u1ec7n, tr\u1ef1c quan gi\u00fap ng\u01b0\u1eddi d\u00f9ng d\u1ec5 d\u00e0ng \u0111i\u1ec1u h\u01b0\u1edbng v\u00e0 t\u00ecm ki\u1ebfm s\u1ea3n ph\u1ea9m m\u1ed9t c\u00e1ch thu\u1eadn ti\u1ec7n.\n<\/p>\n<h2>\n T\u00ednh n\u0103ng n\u1ed5i b\u1eadt:<br \/>\n<\/h2>\n<ul>\n<li>\n  <strong><br \/>\n   Giao di\u1ec7n \u0111\u1eb9p v\u00e0 chuy\u00ean nghi\u1ec7p:<br \/>\n  <\/strong><br \/>\n  Website \u0111\u01b0\u1ee3c thi\u1ebft k\u1ebf theo c\u00e1c ti\u00eau chu\u1ea9n hi\u1ec7n \u0111\u1ea1i, b\u1eaft k\u1ecbp xu h\u01b0\u1edbng \u0111\u1ec3 mang \u0111\u1ebfn tr\u1ea3i nghi\u1ec7m t\u1ed1t nh\u1ea5t cho ng\u01b0\u1eddi d\u00f9ng.\n <\/li>\n<li>\n  <strong><br \/>\n   T\u01b0\u01a1ng th\u00edch tr\u00ean m\u1ecdi thi\u1ebft b\u1ecb:<br \/>\n  <\/strong><br \/>\n  V\u1edbi thi\u1ebft k\u1ebf Responsive, website c\u1ee7a b\u1ea1n s\u1ebd hi\u1ec3n th\u1ecb t\u1ed1i \u01b0u tr\u00ean t\u1ea5t c\u1ea3 c\u00e1c thi\u1ebft b\u1ecb t\u1eeb m\u00e1y t\u00ednh b\u00e0n, laptop \u0111\u1ebfn smartphone v\u00e0 m\u00e1y t\u00ednh b\u1ea3ng.\n <\/li>\n<li>\n  <strong><br \/>\n   M\u00e3 ngu\u1ed3n WordPress v\u1edbi Theme Flatsome v\u00e0 UX Builder:<br \/>\n  <\/strong><br \/>\n  Ch\u00fang t\u00f4i s\u1eed d\u1ee5ng m\u00e3 ngu\u1ed3n m\u1edf WordPress k\u1ebft h\u1ee3p v\u1edbi theme Flatsome v\u00e0 c\u00f4ng c\u1ee5 UX Builder d\u1ec5 t\u00f9y bi\u1ebfn, gi\u00fap b\u1ea1n c\u00f3 th\u1ec3 ch\u1ec9nh s\u1eeda v\u00e0 c\u1eadp nh\u1eadt n\u1ed9i dung trang web m\u1ed9t c\u00e1ch nhanh ch\u00f3ng v\u00e0 d\u1ec5 d\u00e0ng.\n <\/li>\n<li>\n  <strong><br \/>\n   T\u1ed1c \u0111\u1ed9 t\u1ea3i trang nhanh:<br \/>\n  <\/strong><br \/>\n  \u0110\u01b0\u1ee3c t\u1ed1i \u01b0u h\u00f3a \u0111\u1ec3 c\u00f3 t\u1ed1c \u0111\u1ed9 t\u1ea3i nhanh ch\u00f3ng, gi\u00fap c\u1ea3i thi\u1ec7n tr\u1ea3i nghi\u1ec7m ng\u01b0\u1eddi d\u00f9ng v\u00e0 t\u0103ng kh\u1ea3 n\u0103ng gi\u1eef ch\u00e2n kh\u00e1ch h\u00e0ng.\n <\/li>\n<\/ul>\n<p>\n Ch\u00fang t\u00f4i,<br \/>\n <strong><br \/>\n  LADIGI Agency<br \/>\n <\/strong><br \/>\n , t\u1ef1 h\u00e0o l\u00e0 \u0111\u01a1n v\u1ecb thi\u1ebft k\u1ebf website chuy\u00ean nghi\u1ec7p, s\u1eb5n s\u00e0ng \u0111\u1ed3ng h\u00e0nh c\u00f9ng b\u1ea1n trong vi\u1ec7c ph\u00e1t tri\u1ec3n th\u01b0\u01a1ng hi\u1ec7u v\u00e0 n\u00e2ng cao tr\u1ea3i nghi\u1ec7m mua s\u1eafm tr\u1ef1c tuy\u1ebfn. \u0110\u1eebng ng\u1ea7n ng\u1ea1i, h\u00e3y kh\u00e1m ph\u00e1 th\u00eam v\u1ec1 d\u1ecbch v\u1ee5 c\u1ee7a ch\u00fang t\u00f4i t\u1ea1i<br \/>\n <a href=\"https:\/\/ladigi.vn\/thiet-ke-website\/\"><br \/>\n  Thi\u1ebft k\u1ebf giao di\u1ec7n website LADIGI<br \/>\n <\/a><br \/>\n .<\/p>\n","protected":false},"excerpt":{"rendered":"<p>D\u1ecbch v\u1ee5 thi\u1ebft k\u1ebf website b\u00e1n decal v\u1edbi giao di\u1ec7n \u0111\u1eb9p, chuy\u00ean nghi\u1ec7p v\u00e0 d\u1ec5 s\u1eed d\u1ee5ng. Web t\u01b0\u01a1ng th\u00edch tr\u00ean m\u1ecdi thi\u1ebft b\u1ecb, s\u1eed d\u1ee5ng m\u00e3 ngu\u1ed3n Wordpress c\u00f9ng Theme Flatsome v\u00e0 UX Builder d\u1ec5 t\u00f9y bi\u1ebfn. \u0110\u1eb7c bi\u1ec7t, t\u1ed1c \u0111\u1ed9 t\u1ea3i trang nhanh, mang l\u1ea1i tr\u1ea3i nghi\u1ec7m t\u1ed1i \u01b0u cho ng\u01b0\u1eddi d\u00f9ng.<\/p>\n","protected":false},"featured_media":9385,"comment_status":"open","ping_status":"closed","template":"","meta":[],"product_cat":[16],"product_tag":[],"class_list":{"0":"post-9384","1":"product","2":"type-product","3":"status-publish","4":"has-post-thumbnail","6":"product_cat-tat-ca","8":"first","9":"instock","10":"shipping-taxable","11":"product-type-external"},"_links":{"self":[{"href":"https:\/\/ladigi.vn\/thiet-ke-website\/wp-json\/wp\/v2\/product\/9384","targetHints":{"allow":["GET"]}}],"collection":[{"href":"https:\/\/ladigi.vn\/thiet-ke-website\/wp-json\/wp\/v2\/product"}],"about":[{"href":"https:\/\/ladigi.vn\/thiet-ke-website\/wp-json\/wp\/v2\/types\/product"}],"replies":[{"embeddable":true,"href":"https:\/\/ladigi.vn\/thiet-ke-website\/wp-json\/wp\/v2\/comments?post=9384"}],"wp:featuredmedia":[{"embeddable":true,"href":"https:\/\/ladigi.vn\/thiet-ke-website\/wp-json\/wp\/v2\/media\/9385"}],"wp:attachment":[{"href":"https:\/\/ladigi.vn\/thiet-ke-website\/wp-json\/wp\/v2\/media?parent=9384"}],"wp:term":[{"taxonomy":"product_cat","embeddable":true,"href":"https:\/\/ladigi.vn\/thiet-ke-website\/wp-json\/wp\/v2\/product_cat?post=9384"},{"taxonomy":"product_tag","embeddable":true,"href":"https:\/\/ladigi.vn\/thiet-ke-website\/wp-json\/wp\/v2\/product_tag?post=9384"}],"curies":[{"name":"wp","href":"https:\/\/api.w.org\/{rel}","templated":true}]}}