{"id":9398,"date":"2025-01-10T15:52:43","date_gmt":"2025-01-10T08:52:43","guid":{"rendered":"https:\/\/ladigi.vn\/thiet-ke-website\/?post_type=product&#038;p=9398"},"modified":"2025-01-11T11:16:53","modified_gmt":"2025-01-11T04:16:53","slug":"theme-wordpress-ban-banh-ngot-banh-kem-dep","status":"publish","type":"product","link":"https:\/\/ladigi.vn\/thiet-ke-website\/mau-web\/theme-wordpress-ban-banh-ngot-banh-kem-dep\/","title":{"rendered":"Shop b\u00e1n b\u00e1nh ng\u1ecdt, b\u00e1nh kem"},"content":{"rendered":"<h1>\n D\u1ecbch V\u1ee5 Thi\u1ebft K\u1ebf Website Theme WordPress B\u00e1n B\u00e1nh Ng\u1ecdt, B\u00e1nh Kem \u0110\u1eb9p<br \/>\n<\/h1>\n<p>\n B\u1ea1n \u0111ang t\u00ecm ki\u1ebfm m\u1ed9t gi\u1ea3i ph\u00e1p thi\u1ebft k\u1ebf website cho c\u1eeda h\u00e0ng b\u00e1nh ng\u1ecdt, b\u00e1nh kem c\u1ee7a m\u00ecnh? Ch\u00fang t\u00f4i xin gi\u1edbi thi\u1ec7u d\u1ecbch v\u1ee5 thi\u1ebft k\u1ebf website chuy\u00ean nghi\u1ec7p v\u1edbi giao di\u1ec7n \u0111\u1eb9p v\u00e0 t\u1ed1i \u01b0u cho vi\u1ec7c b\u00e1n h\u00e0ng!\n<\/p>\n<h2>\n Giao Di\u1ec7n Web \u0110\u1eb9p, Chuy\u00ean Nghi\u1ec7p<br \/>\n<\/h2>\n<p>\n Ch\u00fang t\u00f4i cam k\u1ebft mang \u0111\u1ebfn cho b\u1ea1n m\u1ed9t giao di\u1ec7n website kh\u00f4ng ch\u1ec9 \u0111\u1eb9p m\u1eaft m\u00e0 c\u00f2n chuy\u00ean nghi\u1ec7p v\u00e0 d\u1ec5 s\u1eed d\u1ee5ng. V\u1edbi thi\u1ebft k\u1ebf tinh t\u1ebf, ng\u01b0\u1eddi d\u00f9ng s\u1ebd d\u1ec5 d\u00e0ng t\u00ecm th\u1ea5y s\u1ea3n ph\u1ea9m v\u00e0 th\u00f4ng tin c\u1ea7n thi\u1ebft ch\u1ec9 trong v\u00e0i c\u00e1i click.\n<\/p>\n<h2>\n T\u01b0\u01a1ng Th\u00edch Tr\u00ean M\u1ecdi Thi\u1ebft B\u1ecb<br \/>\n<\/h2>\n<p>\n D\u1ecbch v\u1ee5 thi\u1ebft k\u1ebf website c\u1ee7a ch\u00fang t\u00f4i \u0111\u1ea3m b\u1ea3o t\u01b0\u01a1ng th\u00edch tr\u00ean t\u1ea5t c\u1ea3 c\u00e1c thi\u1ebft b\u1ecb t\u1eeb m\u00e1y t\u00ednh, m\u00e1y t\u00ednh b\u1ea3ng \u0111\u1ebfn \u0111i\u1ec7n tho\u1ea1i di \u0111\u1ed9ng. B\u1ea1n s\u1ebd kh\u00f4ng ph\u1ea3i lo l\u1eafng v\u1ec1 v\u1ea5n \u0111\u1ec1 hi\u1ec3n th\u1ecb c\u1ee7a website tr\u00ean c\u00e1c n\u1ec1n t\u1ea3ng kh\u00e1c nhau.\n<\/p>\n<h2>\n M\u00e3 Ngu\u1ed3n WordPress V\u1edbi Theme Flatsome v\u00e0 UX Builder<br \/>\n<\/h2>\n<p>\n \u0110\u1ec3 b\u1ea1n c\u00f3 th\u1ec3 t\u1ef1 do t\u00f9y ch\u1ec9nh website theo \u00fd mu\u1ed1n, ch\u00fang t\u00f4i s\u1eed d\u1ee5ng m\u00e3 ngu\u1ed3n WordPress m\u1ea1nh m\u1ebd v\u1edbi theme Flatsome v\u00e0 UX Builder d\u1ec5 s\u1eed d\u1ee5ng. B\u1ea1n c\u00f3 th\u1ec3 d\u1ec5 d\u00e0ng thay \u0111\u1ed5i h\u00ecnh \u1ea3nh, n\u1ed9i dung v\u00e0 b\u1ed1 c\u1ee5c c\u1ee7a website m\u00e0 kh\u00f4ng c\u1ea7n c\u00f3 nhi\u1ec1u ki\u1ebfn th\u1ee9c v\u1ec1 l\u1eadp tr\u00ecnh.\n<\/p>\n<h2>\n T\u1ed1c \u0110\u1ed9 T\u1ea3i Trang Nhanh<br \/>\n<\/h2>\n<p>\n Ch\u00fang t\u00f4i hi\u1ec3u r\u1eb1ng t\u1ed1c \u0111\u1ed9 t\u1ea3i trang l\u00e0 y\u1ebfu t\u1ed1 c\u1ef1c k\u1ef3 quan tr\u1ecdng trong tr\u1ea3i nghi\u1ec7m ng\u01b0\u1eddi d\u00f9ng. V\u00ec v\u1eady, c\u00e1c website m\u00e0 ch\u00fang t\u00f4i thi\u1ebft k\u1ebf \u0111\u1ec1u \u0111\u01b0\u1ee3c t\u1ed1i \u01b0u h\u00f3a \u0111\u1ec3 t\u1ea3i nhanh, gi\u00fap kh\u00e1ch h\u00e0ng kh\u00f4ng ph\u1ea3i ch\u1edd \u0111\u1ee3i l\u00e2u, t\u1eeb \u0111\u00f3 gi\u1ea3m t\u1ef7 l\u1ec7 tho\u00e1t kh\u1ecfi trang.\n<\/p>\n<hr\/>\n<p>\n N\u1ebfu b\u1ea1n \u0111ang t\u00ecm ki\u1ebfm m\u1ed9t \u0111\u01a1n v\u1ecb thi\u1ebft k\u1ebf website uy t\u00edn, h\u00e3y \u0111\u1ebfn v\u1edbi<br \/>\n <strong><br \/>\n  LADIGI Agency<br \/>\n <\/strong><br \/>\n . Ch\u00fang t\u00f4i chuy\u00ean cung c\u1ea5p d\u1ecbch v\u1ee5 thi\u1ebft k\u1ebf website gi\u00e1 r\u1ebb nh\u01b0ng ch\u1ea5t l\u01b0\u1ee3ng, gi\u00fap b\u1ea1n hi\u1ec7n th\u1ef1c h\u00f3a \u01b0\u1edbc m\u01a1 kinh doanh tr\u1ef1c tuy\u1ebfn c\u1ee7a m\u00ecnh.\n<\/p>\n<p>\n \u0110\u1ec3 bi\u1ebft th\u00eam chi ti\u1ebft, vui l\u00f2ng tham kh\u1ea3o t\u1ea1i \u0111\u00e2y:<br \/>\n <a href=\"https:\/\/ladigi.vn\/thiet-ke-website\/\"><br \/>\n  Thi\u1ebft k\u1ebf web gi\u00e1 r\u1ebb LADIGI<br \/>\n <\/a><\/p>\n","protected":false},"excerpt":{"rendered":"<p>D\u1ecbch v\u1ee5 thi\u1ebft k\u1ebf website b\u00e1n b\u00e1nh ng\u1ecdt v\u00e0 b\u00e1nh kem chuy\u00ean nghi\u1ec7p v\u1edbi giao di\u1ec7n \u0111\u1eb9p m\u1eaft, d\u1ec5 s\u1eed d\u1ee5ng. Website t\u01b0\u01a1ng th\u00edch tr\u00ean m\u1ecdi thi\u1ebft b\u1ecb, s\u1eed d\u1ee5ng m\u00e3 ngu\u1ed3n WordPress v\u1edbi Theme Flatsome v\u00e0 UX Builder d\u1ec5 t\u00f9y bi\u1ebfn. \u0110\u1ea3m b\u1ea3o t\u1ed1c \u0111\u1ed9 t\u1ea3i trang nhanh cho tr\u1ea3i nghi\u1ec7m ng\u01b0\u1eddi d\u00f9ng t\u1ed1t nh\u1ea5t.<\/p>\n","protected":false},"featured_media":9399,"comment_status":"open","ping_status":"closed","template":"","meta":[],"product_cat":[16],"product_tag":[],"class_list":{"0":"post-9398","1":"product","2":"type-product","3":"status-publish","4":"has-post-thumbnail","6":"product_cat-tat-ca","8":"first","9":"instock","10":"shipping-taxable","11":"product-type-external"},"_links":{"self":[{"href":"https:\/\/ladigi.vn\/thiet-ke-website\/wp-json\/wp\/v2\/product\/9398","targetHints":{"allow":["GET"]}}],"collection":[{"href":"https:\/\/ladigi.vn\/thiet-ke-website\/wp-json\/wp\/v2\/product"}],"about":[{"href":"https:\/\/ladigi.vn\/thiet-ke-website\/wp-json\/wp\/v2\/types\/product"}],"replies":[{"embeddable":true,"href":"https:\/\/ladigi.vn\/thiet-ke-website\/wp-json\/wp\/v2\/comments?post=9398"}],"wp:featuredmedia":[{"embeddable":true,"href":"https:\/\/ladigi.vn\/thiet-ke-website\/wp-json\/wp\/v2\/media\/9399"}],"wp:attachment":[{"href":"https:\/\/ladigi.vn\/thiet-ke-website\/wp-json\/wp\/v2\/media?parent=9398"}],"wp:term":[{"taxonomy":"product_cat","embeddable":true,"href":"https:\/\/ladigi.vn\/thiet-ke-website\/wp-json\/wp\/v2\/product_cat?post=9398"},{"taxonomy":"product_tag","embeddable":true,"href":"https:\/\/ladigi.vn\/thiet-ke-website\/wp-json\/wp\/v2\/product_tag?post=9398"}],"curies":[{"name":"wp","href":"https:\/\/api.w.org\/{rel}","templated":true}]}}