{"id":9406,"date":"2025-01-10T16:38:56","date_gmt":"2025-01-10T09:38:56","guid":{"rendered":"https:\/\/ladigi.vn\/thiet-ke-website\/?post_type=product&#038;p=9406"},"modified":"2025-01-10T16:40:31","modified_gmt":"2025-01-10T09:40:31","slug":"theme-wordpress-ban-dich-vu-thu-cung-1","status":"publish","type":"product","link":"https:\/\/ladigi.vn\/thiet-ke-website\/mau-web\/theme-wordpress-ban-dich-vu-thu-cung-1\/","title":{"rendered":"D\u1ecbch v\u1ee5 th\u00fa c\u01b0ng"},"content":{"rendered":"<h1>\n D\u1ecbch v\u1ee5 Thi\u1ebft k\u1ebf website Theme WordPress b\u00e1n d\u1ecbch v\u1ee5 th\u00fa c\u01b0ng<br \/>\n<\/h1>\n<p>\n Trong th\u1eddi \u0111\u1ea1i s\u1ed1 h\u00f3a ng\u00e0y nay, vi\u1ec7c s\u1edf h\u1eefu m\u1ed9t trang web chuy\u00ean nghi\u1ec7p l\u00e0 \u0111i\u1ec1u c\u1ea7n thi\u1ebft \u0111\u1ec3 ph\u00e1t tri\u1ec3n kinh doanh. V\u1edbi d\u1ecbch v\u1ee5 thi\u1ebft k\u1ebf website theme WordPress b\u00e1n d\u1ecbch v\u1ee5 th\u00fa c\u01b0ng, ch\u00fang t\u00f4i cam k\u1ebft mang \u0111\u1ebfn cho b\u1ea1n m\u1ed9t giao di\u1ec7n web \u0111\u1eb9p m\u1eaft, chuy\u00ean nghi\u1ec7p v\u00e0 d\u1ec5 s\u1eed d\u1ee5ng.\n<\/p>\n<h2>\n Giao di\u1ec7n web \u0111\u1eb9p, chuy\u00ean nghi\u1ec7p, d\u1ec5 s\u1eed d\u1ee5ng<br \/>\n<\/h2>\n<p>\n Giao di\u1ec7n website c\u1ee7a b\u1ea1n s\u1ebd \u0111\u01b0\u1ee3c thi\u1ebft k\u1ebf v\u1edbi \u0111\u1ed9 th\u1ea9m m\u1ef9 cao, t\u1ea1o \u1ea5n t\u01b0\u1ee3ng m\u1ea1nh m\u1ebd v\u1edbi kh\u00e1ch h\u00e0ng ngay t\u1eeb c\u00e1i nh\u00ecn \u0111\u1ea7u ti\u00ean. Ch\u00fang t\u00f4i ch\u00fa tr\u1ecdng \u0111\u1ebfn s\u1ef1 d\u1ec5 d\u00e0ng trong vi\u1ec7c s\u1eed d\u1ee5ng, gi\u00fap kh\u00e1ch h\u00e0ng d\u1ec5 d\u00e0ng t\u00ecm ki\u1ebfm th\u00f4ng tin v\u00e0 d\u1ecbch v\u1ee5 m\u00e0 h\u1ecd c\u1ea7n.\n<\/p>\n<h2>\n T\u01b0\u01a1ng th\u00edch tr\u00ean m\u1ecdi thi\u1ebft b\u1ecb<br \/>\n<\/h2>\n<p>\n V\u1edbi nhu c\u1ea7u truy c\u1eadp ng\u00e0y c\u00e0ng cao t\u1eeb c\u00e1c thi\u1ebft b\u1ecb di \u0111\u1ed9ng, website c\u1ee7a b\u1ea1n s\u1ebd \u0111\u01b0\u1ee3c t\u1ed1i \u01b0u h\u00f3a \u0111\u1ec3 ho\u1ea1t \u0111\u1ed9ng t\u1ed1t tr\u00ean t\u1ea5t c\u1ea3 c\u00e1c lo\u1ea1i thi\u1ebft b\u1ecb: t\u1eeb m\u00e1y t\u00ednh b\u00e0n, laptop cho \u0111\u1ebfn \u0111i\u1ec7n tho\u1ea1i th\u00f4ng minh v\u00e0 m\u00e1y t\u00ednh b\u1ea3ng. \u0110i\u1ec1u n\u00e0y gi\u00fap \u0111\u1ea3m b\u1ea3o r\u1eb1ng kh\u00e1ch h\u00e0ng c\u1ee7a b\u1ea1n c\u00f3 th\u1ec3 truy c\u1eadp th\u00f4ng tin m\u1ecdi l\u00fac, m\u1ecdi n\u01a1i.\n<\/p>\n<h2>\n M\u00e3 ngu\u1ed3n WordPress v\u1edbi Theme Flatsome v\u00e0 UX Builder<br \/>\n<\/h2>\n<p>\n Ch\u00fang t\u00f4i s\u1eed d\u1ee5ng m\u00e3 ngu\u1ed3n WordPress v\u1edbi theme Flatsome &#8211; m\u1ed9t trong nh\u1eefng theme t\u1ed1t nh\u1ea5t v\u00e0 ph\u1ed5 bi\u1ebfn nh\u1ea5t cho c\u00e1c trang web b\u00e1n h\u00e0ng. K\u1ebft h\u1ee3p v\u1edbi UX Builder, b\u1ea1n c\u00f3 th\u1ec3 d\u1ec5 d\u00e0ng t\u00f9y bi\u1ebfn giao di\u1ec7n c\u1ee7a m\u00ecnh theo \u00fd mu\u1ed1n m\u00e0 kh\u00f4ng c\u1ea7n b\u1ea5t k\u1ef3 ki\u00ean th\u1ee9c l\u1eadp tr\u00ecnh n\u00e0o.\n<\/p>\n<h2>\n T\u1ed1c \u0111\u1ed9 t\u1ea3i trang nhanh<br \/>\n<\/h2>\n<p>\n Ch\u00fang t\u00f4i hi\u1ec3u r\u1eb1ng t\u1ed1c \u0111\u1ed9 t\u1ea3i trang \u1ea3nh h\u01b0\u1edfng l\u1edbn \u0111\u1ebfn tr\u1ea3i nghi\u1ec7m ng\u01b0\u1eddi d\u00f9ng v\u00e0 SEO. V\u00ec v\u1eady, m\u1ecdi trang web m\u00e0 ch\u00fang t\u00f4i thi\u1ebft k\u1ebf \u0111\u1ec1u \u0111\u01b0\u1ee3c t\u1ed1i \u01b0u h\u00f3a \u0111\u1ec3 c\u00f3 t\u1ed1c \u0111\u1ed9 t\u1ea3i nhanh, gi\u00fap gi\u1eef ch\u00e2n kh\u00e1ch h\u00e0ng v\u00e0 t\u0103ng c\u01b0\u1eddng th\u1ee9 h\u1ea1ng t\u00ecm ki\u1ebfm.\n<\/p>\n<hr\/>\n<p>\n N\u1ebfu b\u1ea1n \u0111ang t\u00ecm ki\u1ebfm m\u1ed9t \u0111\u01a1n v\u1ecb thi\u1ebft k\u1ebf website chuy\u00ean nghi\u1ec7p cho d\u1ecbch v\u1ee5 th\u00fa c\u01b0ng c\u1ee7a m\u00ecnh, h\u00e3y \u0111\u1ebfn v\u1edbi<br \/>\n <strong><br \/>\n  LADIGI (LADIGI Agency)<br \/>\n <\/strong><br \/>\n . Ch\u00fang t\u00f4i s\u1ebd gi\u00fap b\u1ea1n t\u1ea1o d\u1ef1ng m\u1ed9t trang web \u1ea5n t\u01b0\u1ee3ng, thu h\u00fat v\u00e0 mang l\u1ea1i gi\u00e1 tr\u1ecb th\u1ef1c cho doanh nghi\u1ec7p c\u1ee7a b\u1ea1n. \u0110\u1ec3 bi\u1ebft th\u00eam th\u00f4ng tin, h\u00e3y tham kh\u1ea3o<br \/>\n <a href=\"https:\/\/ladigi.vn\/thiet-ke-website\/\"><br \/>\n  Thi\u1ebft k\u1ebf web b\u00e1n h\u00e0ng<br \/>\n <\/a><br \/>\n .<\/p>\n","protected":false},"excerpt":{"rendered":"<p>D\u1ecbch v\u1ee5 thi\u1ebft k\u1ebf website b\u00e1n th\u00fa c\u01b0ng chuy\u00ean nghi\u1ec7p v\u1edbi giao di\u1ec7n \u0111\u1eb9p, d\u1ec5 s\u1eed d\u1ee5ng. T\u01b0\u01a1ng th\u00edch m\u1ecdi thi\u1ebft b\u1ecb, s\u1eed d\u1ee5ng m\u00e3 ngu\u1ed3n WordPress v\u1edbi Theme Flatsome v\u00e0 UX Builder, gi\u00fap t\u00f9y bi\u1ebfn linh ho\u1ea1t. \u0110\u1eb7c bi\u1ec7t, t\u1ed1c \u0111\u1ed9 t\u1ea3i trang nhanh, mang l\u1ea1i tr\u1ea3i nghi\u1ec7m t\u1ed1t cho ng\u01b0\u1eddi d\u00f9ng.<\/p>\n","protected":false},"featured_media":9407,"comment_status":"open","ping_status":"closed","template":"","meta":[],"product_cat":[16],"product_tag":[],"class_list":{"0":"post-9406","1":"product","2":"type-product","3":"status-publish","4":"has-post-thumbnail","6":"product_cat-tat-ca","8":"first","9":"instock","10":"shipping-taxable","11":"product-type-external"},"_links":{"self":[{"href":"https:\/\/ladigi.vn\/thiet-ke-website\/wp-json\/wp\/v2\/product\/9406","targetHints":{"allow":["GET"]}}],"collection":[{"href":"https:\/\/ladigi.vn\/thiet-ke-website\/wp-json\/wp\/v2\/product"}],"about":[{"href":"https:\/\/ladigi.vn\/thiet-ke-website\/wp-json\/wp\/v2\/types\/product"}],"replies":[{"embeddable":true,"href":"https:\/\/ladigi.vn\/thiet-ke-website\/wp-json\/wp\/v2\/comments?post=9406"}],"wp:featuredmedia":[{"embeddable":true,"href":"https:\/\/ladigi.vn\/thiet-ke-website\/wp-json\/wp\/v2\/media\/9407"}],"wp:attachment":[{"href":"https:\/\/ladigi.vn\/thiet-ke-website\/wp-json\/wp\/v2\/media?parent=9406"}],"wp:term":[{"taxonomy":"product_cat","embeddable":true,"href":"https:\/\/ladigi.vn\/thiet-ke-website\/wp-json\/wp\/v2\/product_cat?post=9406"},{"taxonomy":"product_tag","embeddable":true,"href":"https:\/\/ladigi.vn\/thiet-ke-website\/wp-json\/wp\/v2\/product_tag?post=9406"}],"curies":[{"name":"wp","href":"https:\/\/api.w.org\/{rel}","templated":true}]}}