{"id":9410,"date":"2025-01-11T18:27:43","date_gmt":"2025-01-11T11:27:43","guid":{"rendered":"https:\/\/ladigi.vn\/thiet-ke-website\/?post_type=product&#038;p=9410"},"modified":"2025-01-11T18:29:57","modified_gmt":"2025-01-11T11:29:57","slug":"theme-wordpress-dich-vu-tiec-cuoi","status":"publish","type":"product","link":"https:\/\/ladigi.vn\/thiet-ke-website\/mau-web\/theme-wordpress-dich-vu-tiec-cuoi\/","title":{"rendered":"D\u1ecbch v\u1ee5 ti\u1ec7c c\u01b0\u1edbi"},"content":{"rendered":"<h1>\n D\u1ecbch v\u1ee5 Thi\u1ebft k\u1ebf website Theme WordPress cho d\u1ecbch v\u1ee5 ti\u1ec7c c\u01b0\u1edbi<br \/>\n<\/h1>\n<p>\n B\u1ea1n \u0111ang t\u00ecm ki\u1ebfm m\u1ed9t gi\u1ea3i ph\u00e1p t\u1ed1i \u01b0u cho vi\u1ec7c qu\u1ea3ng b\u00e1 d\u1ecbch v\u1ee5 ti\u1ec7c c\u01b0\u1edbi c\u1ee7a m\u00ecnh? D\u1ecbch v\u1ee5 thi\u1ebft k\u1ebf website WordPress t\u1ea1i LADIGI ch\u1eafc ch\u1eafn s\u1ebd \u0111\u00e1p \u1ee9ng m\u1ecdi nhu c\u1ea7u c\u1ee7a b\u1ea1n. V\u1edbi giao di\u1ec7n web \u0111\u01b0\u1ee3c thi\u1ebft k\u1ebf \u0111\u1eb9p m\u1eaft, chuy\u00ean nghi\u1ec7p v\u00e0 d\u1ec5 s\u1eed d\u1ee5ng, ch\u00fang t\u00f4i cam k\u1ebft mang \u0111\u1ebfn tr\u1ea3i nghi\u1ec7m t\u1ed1t nh\u1ea5t cho kh\u00e1ch h\u00e0ng c\u1ee7a b\u1ea1n.\n<\/p>\n<h2>\n T\u00ednh n\u0103ng n\u1ed5i b\u1eadt<br \/>\n<\/h2>\n<ul>\n<li>\n  <strong><br \/>\n   Giao di\u1ec7n chuy\u00ean nghi\u1ec7p<br \/>\n  <\/strong><br \/>\n  : V\u1edbi thi\u1ebft k\u1ebf hi\u1ec7n \u0111\u1ea1i v\u00e0 sang tr\u1ecdng, website c\u1ee7a b\u1ea1n s\u1ebd thu h\u00fat s\u1ef1 ch\u00fa \u00fd c\u1ee7a kh\u00e1ch h\u00e0ng ngay t\u1eeb c\u00e1i nh\u00ecn \u0111\u1ea7u ti\u00ean.\n <\/li>\n<li>\n  <strong><br \/>\n   T\u01b0\u01a1ng th\u00edch v\u1edbi m\u1ecdi thi\u1ebft b\u1ecb<br \/>\n  <\/strong><br \/>\n  : Website c\u1ee7a b\u1ea1n s\u1ebd hi\u1ec3n th\u1ecb ho\u00e0n h\u1ea3o tr\u00ean t\u1ea5t c\u1ea3 c\u00e1c thi\u1ebft b\u1ecb, t\u1eeb m\u00e1y t\u00ednh \u0111\u1ec3 b\u00e0n cho \u0111\u1ebfn \u0111i\u1ec7n tho\u1ea1i di \u0111\u1ed9ng, gi\u00fap ti\u1ebfp c\u1eadn kh\u00e1ch h\u00e0ng m\u1ecdi l\u00fac, m\u1ecdi n\u01a1i.\n <\/li>\n<li>\n  <strong><br \/>\n   M\u00e3 ngu\u1ed3n WordPress v\u1edbi Theme Flatsome<br \/>\n  <\/strong><br \/>\n  : S\u1eed d\u1ee5ng theme Flatsome m\u1ea1nh m\u1ebd v\u00e0 UX Builder d\u1ec5 d\u00e0ng t\u00f9y bi\u1ebfn, b\u1ea1n c\u00f3 th\u1ec3 linh ho\u1ea1t thay \u0111\u1ed5i giao di\u1ec7n v\u00e0 n\u1ed9i dung m\u00e0 kh\u00f4ng c\u1ea7n ki\u1ebfn th\u1ee9c l\u1eadp tr\u00ecnh.\n <\/li>\n<li>\n  <strong><br \/>\n   T\u1ed1c \u0111\u1ed9 t\u1ea3i trang nhanh<br \/>\n  <\/strong><br \/>\n  : Ch\u00fang t\u00f4i lu\u00f4n t\u1ed1i \u01b0u h\u00f3a t\u1ed1c \u0111\u1ed9 t\u1ea3i trang \u0111\u1ec3 \u0111\u1ea3m b\u1ea3o r\u1eb1ng tr\u1ea3i nghi\u1ec7m c\u1ee7a kh\u00e1ch h\u00e0ng tr\u00ean website c\u1ee7a b\u1ea1n l\u00e0 nhanh ch\u00f3ng v\u00e0 m\u01b0\u1ee3t m\u00e0.\n <\/li>\n<\/ul>\n<p>\n H\u00e3y \u0111\u1ec3 LADIGI gi\u00fap b\u1ea1n t\u1ea1o ra m\u1ed9t website ti\u1ec7c c\u01b0\u1edbi chuy\u00ean nghi\u1ec7p, gi\u00fap b\u1ea1n thu h\u00fat v\u00e0 ti\u1ebfp c\u1eadn nhi\u1ec1u kh\u00e1ch h\u00e0ng h\u01a1n. \u0110\u1eebng ng\u1ea7n ng\u1ea1i, li\u00ean h\u1ec7 v\u1edbi ch\u00fang t\u00f4i ngay h\u00f4m nay \u0111\u1ec3 t\u01b0 v\u1ea5n v\u00e0 b\u1eaft \u0111\u1ea7u x\u00e2y d\u1ef1ng website c\u1ee7a b\u1ea1n!\n<\/p>\n<p>\n <a href=\"https:\/\/ladigi.vn\/thiet-ke-website\/\"><br \/>\n  Thi\u1ebft k\u1ebf website \u0111\u1ea7y \u0111\u1ee7 t\u00ednh n\u0103ng LADIGI<br \/>\n <\/a><\/p>\n","protected":false},"excerpt":{"rendered":"<p>D\u1ecbch v\u1ee5 thi\u1ebft k\u1ebf website ti\u1ec7c c\u01b0\u1edbi chuy\u00ean nghi\u1ec7p v\u1edbi giao di\u1ec7n \u0111\u1eb9p, d\u1ec5 s\u1eed d\u1ee5ng, t\u01b0\u01a1ng th\u00edch tr\u00ean m\u1ecdi thi\u1ebft b\u1ecb. S\u1eed d\u1ee5ng m\u00e3 ngu\u1ed3n Wordpress k\u1ebft h\u1ee3p Theme Flatsome v\u00e0 UX Builder, cho ph\u00e9p t\u00f9y bi\u1ebfn linh ho\u1ea1t. Trang web c\u00f3 t\u1ed1c \u0111\u1ed9 t\u1ea3i nhanh, mang l\u1ea1i tr\u1ea3i nghi\u1ec7m tuy\u1ec7t v\u1eddi cho ng\u01b0\u1eddi d\u00f9ng.<\/p>\n","protected":false},"featured_media":9411,"comment_status":"open","ping_status":"closed","template":"","meta":[],"product_cat":[16],"product_tag":[],"class_list":{"0":"post-9410","1":"product","2":"type-product","3":"status-publish","4":"has-post-thumbnail","6":"product_cat-tat-ca","8":"first","9":"instock","10":"shipping-taxable","11":"product-type-external"},"_links":{"self":[{"href":"https:\/\/ladigi.vn\/thiet-ke-website\/wp-json\/wp\/v2\/product\/9410","targetHints":{"allow":["GET"]}}],"collection":[{"href":"https:\/\/ladigi.vn\/thiet-ke-website\/wp-json\/wp\/v2\/product"}],"about":[{"href":"https:\/\/ladigi.vn\/thiet-ke-website\/wp-json\/wp\/v2\/types\/product"}],"replies":[{"embeddable":true,"href":"https:\/\/ladigi.vn\/thiet-ke-website\/wp-json\/wp\/v2\/comments?post=9410"}],"wp:featuredmedia":[{"embeddable":true,"href":"https:\/\/ladigi.vn\/thiet-ke-website\/wp-json\/wp\/v2\/media\/9411"}],"wp:attachment":[{"href":"https:\/\/ladigi.vn\/thiet-ke-website\/wp-json\/wp\/v2\/media?parent=9410"}],"wp:term":[{"taxonomy":"product_cat","embeddable":true,"href":"https:\/\/ladigi.vn\/thiet-ke-website\/wp-json\/wp\/v2\/product_cat?post=9410"},{"taxonomy":"product_tag","embeddable":true,"href":"https:\/\/ladigi.vn\/thiet-ke-website\/wp-json\/wp\/v2\/product_tag?post=9410"}],"curies":[{"name":"wp","href":"https:\/\/api.w.org\/{rel}","templated":true}]}}