{"id":9414,"date":"2025-01-10T20:15:29","date_gmt":"2025-01-10T13:15:29","guid":{"rendered":"https:\/\/ladigi.vn\/thiet-ke-website\/?post_type=product&#038;p=9414"},"modified":"2025-01-12T19:46:00","modified_gmt":"2025-01-12T12:46:00","slug":"theme-wordpress-ban-san-pham-gaming-doc-la","status":"publish","type":"product","link":"https:\/\/ladigi.vn\/thiet-ke-website\/mau-web\/theme-wordpress-ban-san-pham-gaming-doc-la\/","title":{"rendered":"B\u00e1n S\u1ea3n Ph\u1ea9m Gaming"},"content":{"rendered":"<h1>\n D\u1ecbch v\u1ee5 Thi\u1ebft k\u1ebf website Theme WordPress b\u00e1n s\u1ea3n ph\u1ea9m gaming, \u0111\u1ed9c l\u1ea1<br \/>\n<\/h1>\n<p>\n Ch\u00e0o m\u1eebng c\u00e1c b\u1ea1n \u0111\u1ebfn v\u1edbi d\u1ecbch v\u1ee5 thi\u1ebft k\u1ebf website b\u00e1n s\u1ea3n ph\u1ea9m gaming \u0111\u1ed9c l\u1ea1 c\u1ee7a ch\u00fang t\u00f4i! V\u1edbi s\u1ef1 ph\u00e1t tri\u1ec3n kh\u00f4ng ng\u1eebng c\u1ee7a ng\u00e0nh c\u00f4ng nghi\u1ec7p game, vi\u1ec7c c\u00f3 m\u1ed9t trang web \u0111\u1eb9p v\u00e0 chuy\u00ean nghi\u1ec7p \u0111\u1ec3 qu\u1ea3ng b\u00e1 s\u1ea3n ph\u1ea9m l\u00e0 \u0111i\u1ec1u c\u1ea7n thi\u1ebft. D\u01b0\u1edbi \u0111\u00e2y l\u00e0 nh\u1eefng \u0111i\u1ec3m n\u1ed5i b\u1eadt c\u1ee7a d\u1ecbch v\u1ee5 thi\u1ebft k\u1ebf website c\u1ee7a ch\u00fang t\u00f4i:\n<\/p>\n<h2>\n Giao di\u1ec7n web \u0111\u1eb9p, chuy\u00ean nghi\u1ec7p, d\u1ec5 s\u1eed d\u1ee5ng<br \/>\n<\/h2>\n<p>\n Ch\u00fang t\u00f4i cam k\u1ebft mang \u0111\u1ebfn m\u1ed9t giao di\u1ec7n website thu h\u00fat, b\u1eaft m\u1eaft v\u00e0 ph\u00f9 h\u1ee3p v\u1edbi ng\u00e0nh c\u00f4ng nghi\u1ec7p game. Nh\u1eefng thi\u1ebft k\u1ebf s\u00e1ng t\u1ea1o k\u1ebft h\u1ee3p v\u1edbi m\u00e0u s\u1eafc n\u1ed5i b\u1eadt kh\u00f4ng ch\u1ec9 gi\u00fap s\u1ea3n ph\u1ea9m c\u1ee7a b\u1ea1n n\u1ed5i b\u1eadt m\u00e0 c\u00f2n t\u1ea1o c\u1ea3m gi\u00e1c d\u1ec5 ch\u1ecbu cho ng\u01b0\u1eddi d\u00f9ng khi tham quan.\n<\/p>\n<h2>\n T\u01b0\u01a1ng th\u00edch tr\u00ean m\u1ecdi thi\u1ebft b\u1ecb<br \/>\n<\/h2>\n<p>\n Website \u0111\u01b0\u1ee3c thi\u1ebft k\u1ebf responsive, \u0111\u1ea3m b\u1ea3o hi\u1ec3n th\u1ecb t\u1ed1t tr\u00ean m\u1ecdi thi\u1ebft b\u1ecb t\u1eeb m\u00e1y t\u00ednh, laptop \u0111\u1ebfn smartphone v\u00e0 m\u00e1y t\u00ednh b\u1ea3ng. \u0110i\u1ec1u n\u00e0y cho ph\u00e9p kh\u00e1ch h\u00e0ng d\u1ec5 d\u00e0ng truy c\u1eadp v\u00e0o trang web c\u1ee7a b\u1ea1n m\u1ecdi l\u00fac, m\u1ecdi n\u01a1i.\n<\/p>\n<h2>\n M\u00e3 ngu\u1ed3n WordPress v\u1edbi Theme Flatsome v\u00e0 UX Builder d\u1ec5 t\u00f9y bi\u1ebfn<br \/>\n<\/h2>\n<p>\n Ch\u00fang t\u00f4i s\u1eed d\u1ee5ng m\u00e3 ngu\u1ed3n WordPress v\u1edbi Theme Flatsome \u2013 m\u1ed9t theme ph\u1ed5 bi\u1ebfn cho th\u01b0\u01a1ng m\u1ea1i \u0111i\u1ec7n t\u1eed. K\u1ebft h\u1ee3p v\u1edbi UX Builder, b\u1ea1n c\u00f3 th\u1ec3 d\u1ec5 d\u00e0ng t\u00f9y bi\u1ebfn giao di\u1ec7n c\u1ee7a website theo \u00fd mu\u1ed1n, m\u00e0 kh\u00f4ng c\u1ea7n c\u00f3 k\u1ef9 n\u0103ng l\u1eadp tr\u00ecnh ph\u1ee9c t\u1ea1p.\n<\/p>\n<h2>\n T\u1ed1c \u0111\u1ed9 t\u1ea3i trang nhanh<br \/>\n<\/h2>\n<p>\n Trong th\u1ebf gi\u1edbi s\u1ed1, t\u1ed1c \u0111\u1ed9 t\u1ea3i trang nhanh l\u00e0 y\u1ebfu t\u1ed1 v\u00f4 c\u00f9ng quan tr\u1ecdng. V\u1edbi c\u00e1c k\u1ef9 thu\u1eadt t\u1ed1i \u01b0u h\u00f3a hi\u1ec7n \u0111\u1ea1i, ch\u00fang t\u00f4i \u0111\u1ea3m b\u1ea3o r\u1eb1ng website c\u1ee7a b\u1ea1n s\u1ebd t\u1ea3i nhanh ch\u00f3ng, mang \u0111\u1ebfn tr\u1ea3i nghi\u1ec7m t\u1ed1t nh\u1ea5t cho ng\u01b0\u1eddi d\u00f9ng v\u00e0 gi\u00fap c\u1ea3i thi\u1ec7n th\u1ee9 h\u1ea1ng tr\u00ean c\u00e1c c\u00f4ng c\u1ee5 t\u00ecm ki\u1ebfm.\n<\/p>\n<hr\/>\n<p>\n N\u1ebfu b\u1ea1n \u0111ang t\u00ecm ki\u1ebfm m\u1ed9t \u0111\u01a1n v\u1ecb thi\u1ebft k\u1ebf website chuy\u00ean nghi\u1ec7p cho s\u1ea3n ph\u1ea9m gaming c\u1ee7a m\u00ecnh, h\u00e3y li\u00ean h\u1ec7 v\u1edbi LADIGI Agency. Ch\u00fang t\u00f4i s\u1ebd gi\u00fap b\u1ea1n hi\u1ec7n th\u1ef1c h\u00f3a \u01b0\u1edbc m\u01a1 x\u00e2y d\u1ef1ng m\u1ed9t trang web tuy\u1ec7t v\u1eddi, ph\u1ee5c v\u1ee5 t\u1ed1t nh\u1ea5t cho kh\u00e1ch h\u00e0ng c\u1ee7a b\u1ea1n.\n<\/p>\n<p>\n <a href=\"https:\/\/ladigi.vn\/thiet-ke-website\/\"><br \/>\n  Thi\u1ebft k\u1ebf website \u0111\u1ea7y \u0111\u1ee7 t\u00ednh n\u0103ng<br \/>\n <\/a><\/p>\n","protected":false},"excerpt":{"rendered":"<p>D\u1ecbch v\u1ee5 Thi\u1ebft k\u1ebf website Theme WordPress b\u00e1n s\u1ea3n ph\u1ea9m gaming \u0111\u1ed9c l\u1ea1 v\u1edbi giao di\u1ec7n \u0111\u1eb9p, chuy\u00ean nghi\u1ec7p v\u00e0 d\u1ec5 s\u1eed d\u1ee5ng. T\u01b0\u01a1ng th\u00edch m\u1ecdi thi\u1ebft b\u1ecb, m\u00e3 ngu\u1ed3n WordPress v\u1edbi Theme Flatsome v\u00e0 UX Builder cho ph\u00e9p t\u00f9y bi\u1ebfn linh ho\u1ea1t. T\u1ed1c \u0111\u1ed9 t\u1ea3i trang nhanh, n\u00e2ng cao tr\u1ea3i nghi\u1ec7m ng\u01b0\u1eddi d\u00f9ng.<\/p>\n","protected":false},"featured_media":9415,"comment_status":"open","ping_status":"closed","template":"","meta":[],"product_cat":[16],"product_tag":[],"class_list":{"0":"post-9414","1":"product","2":"type-product","3":"status-publish","4":"has-post-thumbnail","6":"product_cat-tat-ca","8":"first","9":"instock","10":"shipping-taxable","11":"product-type-external"},"_links":{"self":[{"href":"https:\/\/ladigi.vn\/thiet-ke-website\/wp-json\/wp\/v2\/product\/9414","targetHints":{"allow":["GET"]}}],"collection":[{"href":"https:\/\/ladigi.vn\/thiet-ke-website\/wp-json\/wp\/v2\/product"}],"about":[{"href":"https:\/\/ladigi.vn\/thiet-ke-website\/wp-json\/wp\/v2\/types\/product"}],"replies":[{"embeddable":true,"href":"https:\/\/ladigi.vn\/thiet-ke-website\/wp-json\/wp\/v2\/comments?post=9414"}],"wp:featuredmedia":[{"embeddable":true,"href":"https:\/\/ladigi.vn\/thiet-ke-website\/wp-json\/wp\/v2\/media\/9415"}],"wp:attachment":[{"href":"https:\/\/ladigi.vn\/thiet-ke-website\/wp-json\/wp\/v2\/media?parent=9414"}],"wp:term":[{"taxonomy":"product_cat","embeddable":true,"href":"https:\/\/ladigi.vn\/thiet-ke-website\/wp-json\/wp\/v2\/product_cat?post=9414"},{"taxonomy":"product_tag","embeddable":true,"href":"https:\/\/ladigi.vn\/thiet-ke-website\/wp-json\/wp\/v2\/product_tag?post=9414"}],"curies":[{"name":"wp","href":"https:\/\/api.w.org\/{rel}","templated":true}]}}