{"id":9418,"date":"2025-01-11T14:03:28","date_gmt":"2025-01-11T07:03:28","guid":{"rendered":"https:\/\/ladigi.vn\/thiet-ke-website\/?post_type=product&#038;p=9418"},"modified":"2025-01-11T14:05:29","modified_gmt":"2025-01-11T07:05:29","slug":"theme-wordpress-cong-nghe-01","status":"publish","type":"product","link":"https:\/\/ladigi.vn\/thiet-ke-website\/mau-web\/theme-wordpress-cong-nghe-01\/","title":{"rendered":"C\u00f4ng ngh\u1ec7"},"content":{"rendered":"<h1>\n D\u1ecbch v\u1ee5 Thi\u1ebft k\u1ebf website Theme WordPress C\u00f4ng ngh\u1ec7 01<br \/>\n<\/h1>\n<p>\n Ch\u00e0o m\u1eebng b\u1ea1n \u0111\u1ebfn v\u1edbi d\u1ecbch v\u1ee5 Thi\u1ebft k\u1ebf website Theme WordPress C\u00f4ng ngh\u1ec7 01! Ch\u00fang t\u00f4i cung c\u1ea5p gi\u1ea3i ph\u00e1p thi\u1ebft k\u1ebf website v\u1edbi giao di\u1ec7n \u0111\u1eb9p, chuy\u00ean nghi\u1ec7p v\u00e0 d\u1ec5 s\u1eed d\u1ee5ng, ph\u00f9 h\u1ee3p v\u1edbi nhu c\u1ea7u c\u1ee7a t\u1eebng doanh nghi\u1ec7p.\n<\/p>\n<h2>\n T\u00ednh N\u0103ng N\u1ed5i B\u1eadt<br \/>\n<\/h2>\n<ul>\n<li>\n<p>\n   <strong><br \/>\n    Giao di\u1ec7n \u0111\u1eb9p v\u00e0 chuy\u00ean nghi\u1ec7p:<br \/>\n   <\/strong><br \/>\n   Website c\u1ee7a b\u1ea1n s\u1ebd c\u00f3 thi\u1ebft k\u1ebf hi\u1ec7n \u0111\u1ea1i, b\u1eaft m\u1eaft, gi\u00fap thu h\u00fat kh\u00e1ch h\u00e0ng ngay t\u1eeb c\u00e1i nh\u00ecn \u0111\u1ea7u ti\u00ean.\n  <\/p>\n<\/li>\n<li>\n<p>\n   <strong><br \/>\n    D\u1ec5 s\u1eed d\u1ee5ng:<br \/>\n   <\/strong><br \/>\n   Giao di\u1ec7n ng\u01b0\u1eddi d\u00f9ng \u0111\u01b0\u1ee3c t\u1ed1i \u01b0u h\u00f3a, gi\u00fap kh\u00e1ch h\u00e0ng d\u1ec5 d\u00e0ng truy c\u1eadp v\u00e0 t\u01b0\u01a1ng t\u00e1c v\u1edbi n\u1ed9i dung c\u1ee7a website.\n  <\/p>\n<\/li>\n<li>\n<p>\n   <strong><br \/>\n    T\u01b0\u01a1ng th\u00edch tr\u00ean m\u1ecdi thi\u1ebft b\u1ecb:<br \/>\n   <\/strong><br \/>\n   D\u1ecbch v\u1ee5 c\u1ee7a ch\u00fang t\u00f4i \u0111\u1ea3m b\u1ea3o r\u1eb1ng website s\u1ebd ho\u1ea1t \u0111\u1ed9ng m\u01b0\u1ee3t m\u00e0 tr\u00ean m\u00e1y t\u00ednh, tablet v\u00e0 \u0111i\u1ec7n tho\u1ea1i di \u0111\u1ed9ng, mang l\u1ea1i tr\u1ea3i nghi\u1ec7m t\u1ed1t nh\u1ea5t cho ng\u01b0\u1eddi d\u00f9ng.\n  <\/p>\n<\/li>\n<li>\n<p>\n   <strong><br \/>\n    M\u00e3 ngu\u1ed3n WordPress v\u1edbi Theme Flatsome v\u00e0 UX Builder:<br \/>\n   <\/strong><br \/>\n   Gi\u1ea3i ph\u00e1p thi\u1ebft k\u1ebf c\u1ee7a ch\u00fang t\u00f4i s\u1eed d\u1ee5ng m\u00e3 ngu\u1ed3n m\u1edf WordPress c\u00f9ng v\u1edbi Theme Flatsome v\u00e0 UX Builder, gi\u00fap b\u1ea1n t\u00f9y bi\u1ebfn website m\u1ed9t c\u00e1ch d\u1ec5 d\u00e0ng v\u00e0 linh ho\u1ea1t.\n  <\/p>\n<\/li>\n<li>\n<p>\n   <strong><br \/>\n    T\u1ed1c \u0111\u1ed9 t\u1ea3i trang nhanh:<br \/>\n   <\/strong><br \/>\n   Ch\u00fang t\u00f4i cam k\u1ebft t\u1ed1i \u01b0u h\u00f3a t\u1ed1c \u0111\u1ed9 t\u1ea3i trang, gi\u00fap kh\u00e1ch h\u00e0ng kh\u00f4ng ph\u1ea3i ch\u1edd \u0111\u1ee3i, t\u1eeb \u0111\u00f3 c\u1ea3i thi\u1ec7n tr\u1ea3i nghi\u1ec7m ng\u01b0\u1eddi d\u00f9ng v\u00e0 t\u0103ng \u0111\u1ed9 h\u00e0i l\u00f2ng.\n  <\/p>\n<\/li>\n<\/ul>\n<h2>\n Gi\u1edbi thi\u1ec7u LADIGI Agency<br \/>\n<\/h2>\n<p>\n \u0110\u1ec3 hi\u1ec7n th\u1ef1c h\u00f3a \u01b0\u1edbc m\u01a1 s\u1edf h\u1eefu m\u1ed9t trang website ho\u00e0n h\u1ea3o, h\u00e3y \u0111\u1ebfn v\u1edbi LADIGI Agency. Ch\u00fang t\u00f4i kh\u00f4ng ch\u1ec9 cung c\u1ea5p d\u1ecbch v\u1ee5 thi\u1ebft k\u1ebf website ch\u1ea5t l\u01b0\u1ee3ng, m\u00e0 c\u00f2n mang \u0111\u1ebfn gi\u1ea3i ph\u00e1p t\u1ed1i \u01b0u cho doanh nghi\u1ec7p c\u1ee7a b\u1ea1n.\n<\/p>\n<p>\n T\u00ecm hi\u1ec3u th\u00eam v\u1ec1 d\u1ecbch v\u1ee5 c\u1ee7a ch\u00fang t\u00f4i t\u1ea1i<br \/>\n <a href=\"https:\/\/ladigi.vn\/thiet-ke-website\/\"><br \/>\n  D\u1ecbch v\u1ee5 thi\u1ebft k\u1ebf website \u0111a n\u1ec1n t\u1ea3ng<br \/>\n <\/a><br \/>\n .<\/p>\n","protected":false},"excerpt":{"rendered":"<p>D\u1ecbch v\u1ee5 Thi\u1ebft k\u1ebf website Theme WordPress C\u00f4ng ngh\u1ec7 01 mang \u0111\u1ebfn giao di\u1ec7n \u0111\u1eb9p m\u1eaft, chuy\u00ean nghi\u1ec7p v\u00e0 d\u1ec5 s\u1eed d\u1ee5ng. Website t\u01b0\u01a1ng th\u00edch m\u1ecdi thi\u1ebft b\u1ecb, s\u1eed d\u1ee5ng m\u00e3 ngu\u1ed3n WordPress v\u1edbi Theme Flatsome v\u00e0 UX Builder d\u1ec5 t\u00f9y bi\u1ebfn. \u0110\u1eb7c bi\u1ec7t, t\u1ed1c \u0111\u1ed9 t\u1ea3i trang nhanh ch\u00f3ng, t\u1ed1i \u01b0u tr\u1ea3i nghi\u1ec7m ng\u01b0\u1eddi d\u00f9ng.<\/p>\n","protected":false},"featured_media":9419,"comment_status":"open","ping_status":"closed","template":"","meta":[],"product_cat":[16],"product_tag":[],"class_list":{"0":"post-9418","1":"product","2":"type-product","3":"status-publish","4":"has-post-thumbnail","6":"product_cat-tat-ca","8":"first","9":"instock","10":"shipping-taxable","11":"product-type-external"},"_links":{"self":[{"href":"https:\/\/ladigi.vn\/thiet-ke-website\/wp-json\/wp\/v2\/product\/9418","targetHints":{"allow":["GET"]}}],"collection":[{"href":"https:\/\/ladigi.vn\/thiet-ke-website\/wp-json\/wp\/v2\/product"}],"about":[{"href":"https:\/\/ladigi.vn\/thiet-ke-website\/wp-json\/wp\/v2\/types\/product"}],"replies":[{"embeddable":true,"href":"https:\/\/ladigi.vn\/thiet-ke-website\/wp-json\/wp\/v2\/comments?post=9418"}],"wp:featuredmedia":[{"embeddable":true,"href":"https:\/\/ladigi.vn\/thiet-ke-website\/wp-json\/wp\/v2\/media\/9419"}],"wp:attachment":[{"href":"https:\/\/ladigi.vn\/thiet-ke-website\/wp-json\/wp\/v2\/media?parent=9418"}],"wp:term":[{"taxonomy":"product_cat","embeddable":true,"href":"https:\/\/ladigi.vn\/thiet-ke-website\/wp-json\/wp\/v2\/product_cat?post=9418"},{"taxonomy":"product_tag","embeddable":true,"href":"https:\/\/ladigi.vn\/thiet-ke-website\/wp-json\/wp\/v2\/product_tag?post=9418"}],"curies":[{"name":"wp","href":"https:\/\/api.w.org\/{rel}","templated":true}]}}