{"id":9422,"date":"2025-01-10T18:14:51","date_gmt":"2025-01-10T11:14:51","guid":{"rendered":"https:\/\/ladigi.vn\/thiet-ke-website\/?post_type=product&#038;p=9422"},"modified":"2025-01-10T18:16:27","modified_gmt":"2025-01-10T11:16:27","slug":"theme-wordpress-ban-giay-dep","status":"publish","type":"product","link":"https:\/\/ladigi.vn\/thiet-ke-website\/mau-web\/theme-wordpress-ban-giay-dep\/","title":{"rendered":"Shop b\u00e1n gi\u00e0y d\u00e9p"},"content":{"rendered":"<h1>\n D\u1ecbch v\u1ee5 Thi\u1ebft k\u1ebf website Theme WordPress b\u00e1n gi\u00e0y d\u00e9p<br \/>\n<\/h1>\n<p>\n B\u1ea1n \u0111ang t\u00ecm ki\u1ebfm m\u1ed9t gi\u1ea3i ph\u00e1p ho\u00e0n h\u1ea3o \u0111\u1ec3 gi\u1edbi thi\u1ec7u s\u1ea3n ph\u1ea9m gi\u00e0y d\u00e9p c\u1ee7a m\u00ecnh tr\u00ean internet? D\u1ecbch v\u1ee5 thi\u1ebft k\u1ebf website b\u1eb1ng WordPress v\u1edbi theme Flatsome l\u00e0 l\u1ef1a ch\u1ecdn l\u00fd t\u01b0\u1edfng d\u00e0nh cho b\u1ea1n.\n<\/p>\n<h2>\n Giao di\u1ec7n web \u0111\u1eb9p, chuy\u00ean nghi\u1ec7p, d\u1ec5 s\u1eed d\u1ee5ng<br \/>\n<\/h2>\n<p>\n Website c\u1ee7a b\u1ea1n s\u1ebd \u0111\u01b0\u1ee3c thi\u1ebft k\u1ebf v\u1edbi giao di\u1ec7n b\u1eaft m\u1eaft, chuy\u00ean nghi\u1ec7p, gi\u00fap thu h\u00fat kh\u00e1ch h\u00e0ng ngay t\u1eeb c\u00e1i nh\u00ecn \u0111\u1ea7u ti\u00ean. V\u1edbi m\u00e0u s\u1eafc v\u00e0 b\u1ed1 c\u1ee5c h\u00e0i h\u00f2a, ng\u01b0\u1eddi d\u00f9ng s\u1ebd d\u1ec5 d\u00e0ng t\u00ecm ki\u1ebfm th\u00f4ng tin v\u00e0 s\u1ea3n ph\u1ea9m m\u00e0 h\u1ecd mong mu\u1ed1n.\n<\/p>\n<h2>\n T\u01b0\u01a1ng th\u00edch tr\u00ean m\u1ecdi thi\u1ebft b\u1ecb<br \/>\n<\/h2>\n<p>\n Trong th\u1eddi \u0111\u1ea1i c\u00f4ng ngh\u1ec7 hi\u1ec7n nay, vi\u1ec7c website c\u1ee7a b\u1ea1n t\u01b0\u01a1ng th\u00edch t\u1ed1t tr\u00ean m\u1ecdi thi\u1ebft b\u1ecb l\u00e0 v\u00f4 c\u00f9ng quan tr\u1ecdng. Ch\u00fang t\u00f4i \u0111\u1ea3m b\u1ea3o r\u1eb1ng website c\u1ee7a b\u1ea1n s\u1ebd ho\u1ea1t \u0111\u1ed9ng m\u01b0\u1ee3t m\u00e0 tr\u00ean m\u00e1y t\u00ednh, laptop, tablet v\u00e0 \u0111i\u1ec7n tho\u1ea1i di \u0111\u1ed9ng, mang l\u1ea1i tr\u1ea3i nghi\u1ec7m t\u1ed1t nh\u1ea5t cho ng\u01b0\u1eddi d\u00f9ng.\n<\/p>\n<h2>\n M\u00e3 ngu\u1ed3n WordPress v\u1edbi Theme Flatsome v\u00e0 UX Builder d\u1ec5 t\u00f9y bi\u1ebfn<br \/>\n<\/h2>\n<p>\n Ch\u00fang t\u00f4i s\u1eed d\u1ee5ng m\u00e3 ngu\u1ed3n WordPress m\u1ea1nh m\u1ebd, k\u00e8m theo theme Flatsome n\u1ed5i b\u1eadt. V\u1edbi UX Builder tr\u1ef1c quan, b\u1ea1n c\u00f3 th\u1ec3 d\u1ec5 d\u00e0ng t\u00f9y bi\u1ebfn t\u1eebng chi ti\u1ebft tr\u00ean website c\u1ee7a m\u00ecnh m\u00e0 kh\u00f4ng c\u1ea7n c\u00f3 ki\u1ebfn th\u1ee9c l\u1eadp tr\u00ecnh ph\u1ee9c t\u1ea1p. \u0110i\u1ec1u n\u00e0y gi\u00fap b\u1ea1n tho\u1ea3i m\u00e1i s\u00e1ng t\u1ea1o v\u00e0 th\u1ec3 hi\u1ec7n phong c\u00e1ch ri\u00eang c\u1ee7a th\u01b0\u01a1ng hi\u1ec7u.\n<\/p>\n<h2>\n T\u1ed1c \u0111\u1ed9 t\u1ea3i trang nhanh<br \/>\n<\/h2>\n<p>\n Kh\u00e1ch h\u00e0ng s\u1ebd kh\u00f4ng ki\u00ean nh\u1eabn ch\u1edd \u0111\u1ee3i m\u1ed9t trang web t\u1ea3i ch\u1eadm. Do \u0111\u00f3, d\u1ecbch v\u1ee5 thi\u1ebft k\u1ebf website c\u1ee7a ch\u00fang t\u00f4i \u0111\u1ea3m b\u1ea3o t\u1ed1c \u0111\u1ed9 t\u1ea3i trang nhanh ch\u00f3ng, gi\u00fap kh\u00e1ch h\u00e0ng nhanh ch\u00f3ng truy c\u1eadp v\u00e0 tr\u1ea3i nghi\u1ec7m s\u1ea3n ph\u1ea9m c\u1ee7a b\u1ea1n.\n<\/p>\n<hr\/>\n<p>\n N\u1ebfu b\u1ea1n \u0111ang t\u00ecm ki\u1ebfm m\u1ed9t \u0111\u01a1n v\u1ecb thi\u1ebft k\u1ebf website chuy\u00ean nghi\u1ec7p, h\u00e3y \u0111\u1ebfn v\u1edbi<br \/>\n <strong><br \/>\n  LADIGI Agency<br \/>\n <\/strong><br \/>\n . Ch\u00fang t\u00f4i cam k\u1ebft mang l\u1ea1i cho b\u1ea1n nh\u1eefng s\u1ea3n ph\u1ea9m website ch\u1ea5t l\u01b0\u1ee3ng nh\u1ea5t!\n<\/p>\n<p>\n <a href=\"https:\/\/ladigi.vn\/thiet-ke-website\/\"><br \/>\n  <strong><br \/>\n   C\u00f4ng ty cung c\u1ea5p d\u1ecbch v\u1ee5 thi\u1ebft k\u1ebf website<br \/>\n  <\/strong><br \/>\n <\/a><\/p>\n","protected":false},"excerpt":{"rendered":"<p>D\u1ecbch v\u1ee5 thi\u1ebft k\u1ebf website b\u00e1n gi\u00e0y d\u00e9p s\u1eed d\u1ee5ng m\u00e3 ngu\u1ed3n Wordpress v\u1edbi Theme Flatsome v\u00e0 UX Builder, \u0111\u1ea3m b\u1ea3o giao di\u1ec7n \u0111\u1eb9p, chuy\u00ean nghi\u1ec7p, v\u00e0 d\u1ec5 s\u1eed d\u1ee5ng. Website t\u01b0\u01a1ng th\u00edch tr\u00ean m\u1ecdi thi\u1ebft b\u1ecb, t\u1ed1c \u0111\u1ed9 t\u1ea3i trang nhanh, gi\u00fap c\u1ea3i thi\u1ec7n tr\u1ea3i nghi\u1ec7m ng\u01b0\u1eddi d\u00f9ng v\u00e0 th\u00fac \u0111\u1ea9y doanh s\u1ed1 hi\u1ec7u qu\u1ea3.<\/p>\n","protected":false},"featured_media":9423,"comment_status":"open","ping_status":"closed","template":"","meta":[],"product_cat":[16],"product_tag":[],"class_list":{"0":"post-9422","1":"product","2":"type-product","3":"status-publish","4":"has-post-thumbnail","6":"product_cat-tat-ca","8":"first","9":"instock","10":"shipping-taxable","11":"product-type-external"},"_links":{"self":[{"href":"https:\/\/ladigi.vn\/thiet-ke-website\/wp-json\/wp\/v2\/product\/9422","targetHints":{"allow":["GET"]}}],"collection":[{"href":"https:\/\/ladigi.vn\/thiet-ke-website\/wp-json\/wp\/v2\/product"}],"about":[{"href":"https:\/\/ladigi.vn\/thiet-ke-website\/wp-json\/wp\/v2\/types\/product"}],"replies":[{"embeddable":true,"href":"https:\/\/ladigi.vn\/thiet-ke-website\/wp-json\/wp\/v2\/comments?post=9422"}],"wp:featuredmedia":[{"embeddable":true,"href":"https:\/\/ladigi.vn\/thiet-ke-website\/wp-json\/wp\/v2\/media\/9423"}],"wp:attachment":[{"href":"https:\/\/ladigi.vn\/thiet-ke-website\/wp-json\/wp\/v2\/media?parent=9422"}],"wp:term":[{"taxonomy":"product_cat","embeddable":true,"href":"https:\/\/ladigi.vn\/thiet-ke-website\/wp-json\/wp\/v2\/product_cat?post=9422"},{"taxonomy":"product_tag","embeddable":true,"href":"https:\/\/ladigi.vn\/thiet-ke-website\/wp-json\/wp\/v2\/product_tag?post=9422"}],"curies":[{"name":"wp","href":"https:\/\/api.w.org\/{rel}","templated":true}]}}