{"id":9426,"date":"2025-01-10T19:42:57","date_gmt":"2025-01-10T12:42:57","guid":{"rendered":"https:\/\/ladigi.vn\/thiet-ke-website\/?post_type=product&#038;p=9426"},"modified":"2025-01-12T19:49:18","modified_gmt":"2025-01-12T12:49:18","slug":"theme-wordpress-ban-o-to-dep-mau-toyota-01","status":"publish","type":"product","link":"https:\/\/ladigi.vn\/thiet-ke-website\/mau-web\/theme-wordpress-ban-o-to-dep-mau-toyota-01\/","title":{"rendered":"B\u00e1n \u00f4 t\u00f4"},"content":{"rendered":"<h1>\n D\u1ecbch v\u1ee5 Thi\u1ebft k\u1ebf website Theme WordPress b\u00e1n \u00f4 t\u00f4 \u0111\u1eb9p \u2013 M\u1eabu Toyota 01<br \/>\n<\/h1>\n<p>\n B\u1ea1n \u0111ang t\u00ecm ki\u1ebfm m\u1ed9t gi\u1ea3i ph\u00e1p thi\u1ebft k\u1ebf website b\u00e1n \u00f4 t\u00f4 chuy\u00ean nghi\u1ec7p? H\u00e3y \u0111\u1ebfn v\u1edbi d\u1ecbch v\u1ee5<br \/>\n <strong><br \/>\n  Thi\u1ebft k\u1ebf website Theme WordPress b\u00e1n \u00f4 t\u00f4 \u0111\u1eb9p \u2013 M\u1eabu Toyota 01<br \/>\n <\/strong><br \/>\n c\u1ee7a ch\u00fang t\u00f4i.\n<\/p>\n<h2>\n Giao di\u1ec7n web \u0111\u1eb9p, chuy\u00ean nghi\u1ec7p v\u00e0 d\u1ec5 s\u1eed d\u1ee5ng<br \/>\n<\/h2>\n<p>\n M\u1eabu website n\u00e0y \u0111\u01b0\u1ee3c thi\u1ebft k\u1ebf v\u1edbi giao di\u1ec7n \u0111\u1eb9p, hi\u1ec7n \u0111\u1ea1i v\u00e0 r\u1ea5t d\u1ec5 s\u1eed d\u1ee5ng. Ng\u01b0\u1eddi d\u00f9ng c\u00f3 th\u1ec3 d\u1ec5 d\u00e0ng truy c\u1eadp v\u00e0 t\u00ecm ki\u1ebfm th\u00f4ng tin v\u1ec1 c\u00e1c m\u1eabu \u00f4 t\u00f4 Toyota m\u1ed9t c\u00e1ch nhanh ch\u00f3ng v\u00e0 thu\u1eadn ti\u1ec7n.\n<\/p>\n<h2>\n T\u01b0\u01a1ng th\u00edch tr\u00ean m\u1ecdi thi\u1ebft b\u1ecb<br \/>\n<\/h2>\n<p>\n Ch\u00fang t\u00f4i \u0111\u1ea3m b\u1ea3o r\u1eb1ng website \u0111\u01b0\u1ee3c t\u1ed1i \u01b0u h\u00f3a cho m\u1ecdi thi\u1ebft b\u1ecb, t\u1eeb m\u00e1y t\u00ednh \u0111\u1ec3 b\u00e0n cho \u0111\u1ebfn \u0111i\u1ec7n tho\u1ea1i di \u0111\u1ed9ng. Kh\u00e1ch h\u00e0ng s\u1ebd c\u00f3 tr\u1ea3i nghi\u1ec7m m\u01b0\u1ee3t m\u00e0 kh\u00f4ng b\u1ecb gi\u00e1n \u0111o\u1ea1n, b\u1ea5t k\u1ec3 h\u1ecd s\u1eed d\u1ee5ng thi\u1ebft b\u1ecb n\u00e0o.\n<\/p>\n<h2>\n M\u00e3 ngu\u1ed3n WordPress v\u1edbi Theme Flatsome v\u00e0 UX Builder d\u1ec5 t\u00f9y bi\u1ebfn<br \/>\n<\/h2>\n<p>\n V\u1edbi m\u00e3 ngu\u1ed3n WordPress v\u00e0 s\u1eed d\u1ee5ng Theme Flatsome c\u00f9ng v\u1edbi UX Builder, b\u1ea1n c\u00f3 th\u1ec3 d\u1ec5 d\u00e0ng t\u00f9y bi\u1ebfn website theo \u00fd mu\u1ed1n c\u1ee7a m\u00ecnh. D\u00f9 b\u1ea1n kh\u00f4ng ph\u1ea3i l\u00e0 m\u1ed9t chuy\u00ean gia IT, v\u1eabn c\u00f3 th\u1ec3 \u0111i\u1ec1u ch\u1ec9nh m\u1ed9t c\u00e1ch d\u1ec5 d\u00e0ng \u0111\u1ec3 c\u1eadp nh\u1eadt n\u1ed9i dung c\u0169ng nh\u01b0 h\u00ecnh \u1ea3nh m\u1ed9t c\u00e1ch linh ho\u1ea1t.\n<\/p>\n<h2>\n T\u1ed1c \u0111\u1ed9 t\u1ea3i trang nhanh<br \/>\n<\/h2>\n<p>\n Ch\u00fang t\u00f4i hi\u1ec3u r\u1eb1ng t\u1ed1c \u0111\u1ed9 t\u1ea3i trang l\u00e0 m\u1ed9t y\u1ebfu t\u1ed1 quan tr\u1ecdng trong vi\u1ec7c gi\u1eef ch\u00e2n kh\u00e1ch h\u00e0ng. Website m\u1eabu Toyota 01 \u0111\u01b0\u1ee3c t\u1ed1i \u01b0u h\u00f3a \u0111\u1ec3 c\u00f3 t\u1ed1c \u0111\u1ed9 t\u1ea3i nhanh, gi\u00fap n\u00e2ng cao tr\u1ea3i nghi\u1ec7m ng\u01b0\u1eddi d\u00f9ng v\u00e0 t\u0103ng kh\u1ea3 n\u0103ng chuy\u1ec3n \u0111\u1ed5i.\n<\/p>\n<hr\/>\n<p>\n \u0110\u1ec3 bi\u1ebft th\u00eam th\u00f4ng tin chi ti\u1ebft v\u1ec1 d\u1ecbch v\u1ee5 thi\u1ebft k\u1ebf website chuy\u00ean nghi\u1ec7p, h\u00e3y li\u00ean h\u1ec7 v\u1edbi ch\u00fang t\u00f4i t\u1ea1i<br \/>\n <a href=\"https:\/\/ladigi.vn\/thiet-ke-website\/\"><br \/>\n  T\u01b0 v\u1ea5n thi\u1ebft k\u1ebf web chuy\u00ean nghi\u1ec7p<br \/>\n <\/a><br \/>\n .\n<\/p>\n<p>\n <strong><br \/>\n  LADIGI Agency<br \/>\n <\/strong><br \/>\n s\u1eb5n s\u00e0ng \u0111\u1ed3ng h\u00e0nh c\u00f9ng b\u1ea1n trong vi\u1ec7c x\u00e2y d\u1ef1ng m\u1ed9t trang web b\u00e1n \u00f4 t\u00f4 \u1ea5n t\u01b0\u1ee3ng v\u00e0 hi\u1ec7u qu\u1ea3.<\/p>\n","protected":false},"excerpt":{"rendered":"<p>D\u1ecbch v\u1ee5 thi\u1ebft k\u1ebf website b\u00e1n \u00f4 t\u00f4 \u0111\u1eb9p v\u1edbi m\u1eabu Toyota 01 mang \u0111\u1ebfn giao di\u1ec7n chuy\u00ean nghi\u1ec7p, d\u1ec5 s\u1eed d\u1ee5ng v\u00e0 th\u00e2n thi\u1ec7n v\u1edbi ng\u01b0\u1eddi d\u00f9ng. Website t\u01b0\u01a1ng th\u00edch tr\u00ean m\u1ecdi thi\u1ebft b\u1ecb, s\u1eed d\u1ee5ng m\u00e3 ngu\u1ed3n Wordpress v\u1edbi Theme Flatsome v\u00e0 UX Builder d\u1ec5 t\u00f9y bi\u1ebfn, c\u00f9ng t\u1ed1c \u0111\u1ed9 t\u1ea3i trang nhanh ch\u00f3ng.<\/p>\n","protected":false},"featured_media":9427,"comment_status":"open","ping_status":"closed","template":"","meta":[],"product_cat":[16],"product_tag":[],"class_list":{"0":"post-9426","1":"product","2":"type-product","3":"status-publish","4":"has-post-thumbnail","6":"product_cat-tat-ca","8":"first","9":"instock","10":"shipping-taxable","11":"product-type-external"},"_links":{"self":[{"href":"https:\/\/ladigi.vn\/thiet-ke-website\/wp-json\/wp\/v2\/product\/9426","targetHints":{"allow":["GET"]}}],"collection":[{"href":"https:\/\/ladigi.vn\/thiet-ke-website\/wp-json\/wp\/v2\/product"}],"about":[{"href":"https:\/\/ladigi.vn\/thiet-ke-website\/wp-json\/wp\/v2\/types\/product"}],"replies":[{"embeddable":true,"href":"https:\/\/ladigi.vn\/thiet-ke-website\/wp-json\/wp\/v2\/comments?post=9426"}],"wp:featuredmedia":[{"embeddable":true,"href":"https:\/\/ladigi.vn\/thiet-ke-website\/wp-json\/wp\/v2\/media\/9427"}],"wp:attachment":[{"href":"https:\/\/ladigi.vn\/thiet-ke-website\/wp-json\/wp\/v2\/media?parent=9426"}],"wp:term":[{"taxonomy":"product_cat","embeddable":true,"href":"https:\/\/ladigi.vn\/thiet-ke-website\/wp-json\/wp\/v2\/product_cat?post=9426"},{"taxonomy":"product_tag","embeddable":true,"href":"https:\/\/ladigi.vn\/thiet-ke-website\/wp-json\/wp\/v2\/product_tag?post=9426"}],"curies":[{"name":"wp","href":"https:\/\/api.w.org\/{rel}","templated":true}]}}