{"id":9440,"date":"2025-01-11T16:19:37","date_gmt":"2025-01-11T09:19:37","guid":{"rendered":"https:\/\/ladigi.vn\/thiet-ke-website\/?post_type=product&#038;p=9440"},"modified":"2025-01-11T16:21:40","modified_gmt":"2025-01-11T09:21:40","slug":"theme-wordpress-dich-vu-quang-cao-bien-quang-cao","status":"publish","type":"product","link":"https:\/\/ladigi.vn\/thiet-ke-website\/mau-web\/theme-wordpress-dich-vu-quang-cao-bien-quang-cao\/","title":{"rendered":"D\u1ecbch v\u1ee5 qu\u1ea3ng c\u00e1o, bi\u1ec3n qu\u1ea3ng c\u00e1o"},"content":{"rendered":"<h1>\n D\u1ecbch v\u1ee5 Thi\u1ebft k\u1ebf website Theme WordPress v\u00e0 Qu\u1ea3ng c\u00e1o<br \/>\n<\/h1>\n<p>\n B\u1ea1n \u0111ang t\u00ecm ki\u1ebfm m\u1ed9t gi\u1ea3i ph\u00e1p thi\u1ebft k\u1ebf website v\u1eeba \u0111\u1eb9p v\u1eeba d\u1ec5 s\u1eed d\u1ee5ng? H\u00e3y \u0111\u1ebfn v\u1edbi d\u1ecbch v\u1ee5 thi\u1ebft k\u1ebf website Theme WordPress c\u1ee7a ch\u00fang t\u00f4i, n\u01a1i mang \u0111\u1ebfn cho b\u1ea1n m\u1ed9t giao di\u1ec7n web chuy\u00ean nghi\u1ec7p, b\u1eaft m\u1eaft v\u00e0 d\u1ec5 d\u00e0ng t\u01b0\u01a1ng t\u00e1c.\n<\/p>\n<h2>\n Giao di\u1ec7n web \u0111\u1eb9p, chuy\u00ean nghi\u1ec7p v\u00e0 d\u1ec5 s\u1eed d\u1ee5ng<br \/>\n<\/h2>\n<p>\n Ch\u00fang t\u00f4i cam k\u1ebft cung c\u1ea5p cho b\u1ea1n nh\u1eefng giao di\u1ec7n \u0111\u01b0\u1ee3c thi\u1ebft k\u1ebf tinh t\u1ebf, hi\u1ec7n \u0111\u1ea1i, gi\u00fap ng\u01b0\u1eddi d\u00f9ng c\u1ea3m th\u1ea5y tho\u1ea3i m\u00e1i khi truy c\u1eadp v\u00e0 t\u00ecm ki\u1ebfm th\u00f4ng tin. Giao di\u1ec7n c\u1ee7a website kh\u00f4ng ch\u1ec9 \u0111\u1eb9p m\u1eaft m\u00e0 c\u00f2n \u0111\u01b0\u1ee3c t\u1ed1i \u01b0u h\u00f3a \u0111\u1ec3 ng\u01b0\u1eddi d\u00f9ng d\u1ec5 d\u00e0ng s\u1eed d\u1ee5ng.\n<\/p>\n<h2>\n T\u01b0\u01a1ng th\u00edch tr\u00ean m\u1ecdi thi\u1ebft b\u1ecb<br \/>\n<\/h2>\n<p>\n V\u1edbi xu h\u01b0\u1edbng ng\u01b0\u1eddi d\u00f9ng ng\u00e0y c\u00e0ng d\u00f9ng nhi\u1ec1u thi\u1ebft b\u1ecb kh\u00e1c nhau \u0111\u1ec3 truy c\u1eadp internet, ch\u00fang t\u00f4i \u0111\u1ea3m b\u1ea3o r\u1eb1ng website \u0111\u01b0\u1ee3c thi\u1ebft k\u1ebf s\u1ebd t\u01b0\u01a1ng th\u00edch ho\u00e0n h\u1ea3o tr\u00ean m\u1ecdi lo\u1ea1i thi\u1ebft b\u1ecb, t\u1eeb m\u00e1y t\u00ednh, laptop cho \u0111\u1ebfn smartphone v\u00e0 tablet. \u0110i\u1ec1u n\u00e0y gi\u00fap b\u1ea1n ti\u1ebfp c\u1eadn \u0111\u01b0\u1ee3c nhi\u1ec1u kh\u00e1ch h\u00e0ng h\u01a1n v\u00e0 mang l\u1ea1i tr\u1ea3i nghi\u1ec7m t\u1ed1t nh\u1ea5t cho ng\u01b0\u1eddi d\u00f9ng.\n<\/p>\n<h2>\n M\u00e3 ngu\u1ed3n WordPress v\u1edbi Theme Flatsome v\u00e0 UX Builder<br \/>\n<\/h2>\n<p>\n S\u1eed d\u1ee5ng m\u00e3 ngu\u1ed3n WordPress v\u1edbi theme Flatsome c\u00f9ng UX Builder, ch\u00fang t\u00f4i cung c\u1ea5p cho b\u1ea1n kh\u1ea3 n\u0103ng t\u00f9y bi\u1ebfn linh ho\u1ea1t, gi\u00fap b\u1ea1n d\u1ec5 d\u00e0ng ch\u1ec9nh s\u1eeda v\u00e0 qu\u1ea3n l\u00fd n\u1ed9i dung website theo \u00fd mu\u1ed1n. \u0110i\u1ec1u n\u00e0y \u0111\u1ed3ng ngh\u0129a v\u1edbi vi\u1ec7c b\u1ea1n c\u00f3 th\u1ec3 thay \u0111\u1ed5i giao di\u1ec7n, th\u00eam c\u00e1c th\u00e0nh ph\u1ea7n c\u1ea7n thi\u1ebft m\u00e0 kh\u00f4ng c\u1ea7n ki\u1ebfn th\u1ee9c l\u1eadp tr\u00ecnh ph\u1ee9c t\u1ea1p.\n<\/p>\n<h2>\n T\u1ed1c \u0111\u1ed9 t\u1ea3i trang nhanh<br \/>\n<\/h2>\n<p>\n T\u1ed1c \u0111\u1ed9 t\u1ea3i trang l\u00e0 m\u1ed9t y\u1ebfu t\u1ed1 quan tr\u1ecdng \u1ea3nh h\u01b0\u1edfng \u0111\u1ebfn tr\u1ea3i nghi\u1ec7m ng\u01b0\u1eddi d\u00f9ng v\u00e0 th\u1ee9 h\u1ea1ng SEO. Ch\u00fang t\u00f4i t\u1ed1i \u01b0u h\u00f3a t\u1eebng y\u1ebfu t\u1ed1 trong thi\u1ebft k\u1ebf website \u0111\u1ec3 \u0111\u1ea3m b\u1ea3o t\u1ed1c \u0111\u1ed9 t\u1ea3i trang nhanh ch\u00f3ng, gi\u00fap ng\u01b0\u1eddi d\u00f9ng kh\u00f4ng ph\u1ea3i ch\u1edd \u0111\u1ee3i l\u00e2u v\u00e0 n\u00e2ng cao kh\u1ea3 n\u0103ng gi\u1eef ch\u00e2n kh\u00e1ch h\u00e0ng.\n<\/p>\n<p>\n V\u1edbi t\u1ea5t c\u1ea3 nh\u1eefng \u01b0u \u0111i\u1ec3m tr\u00ean, ch\u00fang t\u00f4i t\u1ef1 h\u00e0o l\u00e0 \u0111\u01a1n v\u1ecb thi\u1ebft k\u1ebf website uy t\u00edn. N\u1ebfu b\u1ea1n \u0111ang t\u00ecm ki\u1ebfm m\u1ed9t d\u1ecbch v\u1ee5 thi\u1ebft k\u1ebf website ch\u1ea5t l\u01b0\u1ee3ng, h\u00e3y li\u00ean h\u1ec7 v\u1edbi<br \/>\n <strong><br \/>\n  LADIGI Agency<br \/>\n <\/strong><br \/>\n ngay h\u00f4m nay \u0111\u1ec3 \u0111\u01b0\u1ee3c t\u01b0 v\u1ea5n v\u00e0 h\u1ed7 tr\u1ee3.\n<\/p>\n<p>\n <a href=\"https:\/\/ladigi.vn\/thiet-ke-website\/\"><br \/>\n  X\u00e2y d\u1ef1ng website chu\u1ea9n SEO LADIGI<br \/>\n <\/a><\/p>\n","protected":false},"excerpt":{"rendered":"<p>D\u1ecbch v\u1ee5 thi\u1ebft k\u1ebf website v\u1edbi theme Wordpress chuy\u00ean nghi\u1ec7p, \u0111\u1eb9p m\u1eaft v\u00e0 d\u1ec5 s\u1eed d\u1ee5ng. Giao di\u1ec7n t\u01b0\u01a1ng th\u00edch tr\u00ean m\u1ecdi thi\u1ebft b\u1ecb, s\u1eed d\u1ee5ng m\u00e3 ngu\u1ed3n Wordpress v\u1edbi theme Flatsome v\u00e0 UX Builder d\u1ec5 d\u00e0ng t\u00f9y bi\u1ebfn. \u0110\u1ea3m b\u1ea3o t\u1ed1c \u0111\u1ed9 t\u1ea3i trang nhanh, mang \u0111\u1ebfn tr\u1ea3i nghi\u1ec7m t\u1ed1t nh\u1ea5t cho ng\u01b0\u1eddi d\u00f9ng.<\/p>\n","protected":false},"featured_media":9441,"comment_status":"open","ping_status":"closed","template":"","meta":[],"product_cat":[16],"product_tag":[],"class_list":{"0":"post-9440","1":"product","2":"type-product","3":"status-publish","4":"has-post-thumbnail","6":"product_cat-tat-ca","8":"first","9":"instock","10":"shipping-taxable","11":"product-type-external"},"_links":{"self":[{"href":"https:\/\/ladigi.vn\/thiet-ke-website\/wp-json\/wp\/v2\/product\/9440","targetHints":{"allow":["GET"]}}],"collection":[{"href":"https:\/\/ladigi.vn\/thiet-ke-website\/wp-json\/wp\/v2\/product"}],"about":[{"href":"https:\/\/ladigi.vn\/thiet-ke-website\/wp-json\/wp\/v2\/types\/product"}],"replies":[{"embeddable":true,"href":"https:\/\/ladigi.vn\/thiet-ke-website\/wp-json\/wp\/v2\/comments?post=9440"}],"wp:featuredmedia":[{"embeddable":true,"href":"https:\/\/ladigi.vn\/thiet-ke-website\/wp-json\/wp\/v2\/media\/9441"}],"wp:attachment":[{"href":"https:\/\/ladigi.vn\/thiet-ke-website\/wp-json\/wp\/v2\/media?parent=9440"}],"wp:term":[{"taxonomy":"product_cat","embeddable":true,"href":"https:\/\/ladigi.vn\/thiet-ke-website\/wp-json\/wp\/v2\/product_cat?post=9440"},{"taxonomy":"product_tag","embeddable":true,"href":"https:\/\/ladigi.vn\/thiet-ke-website\/wp-json\/wp\/v2\/product_tag?post=9440"}],"curies":[{"name":"wp","href":"https:\/\/api.w.org\/{rel}","templated":true}]}}