{"id":9444,"date":"2025-01-10T18:21:43","date_gmt":"2025-01-10T11:21:43","guid":{"rendered":"https:\/\/ladigi.vn\/thiet-ke-website\/?post_type=product&#038;p=9444"},"modified":"2025-01-10T18:23:19","modified_gmt":"2025-01-10T11:23:19","slug":"theme-wordpress-ban-giay-sneaker","status":"publish","type":"product","link":"https:\/\/ladigi.vn\/thiet-ke-website\/mau-web\/theme-wordpress-ban-giay-sneaker\/","title":{"rendered":"Shop b\u00e1n gi\u00e0y Sneaker"},"content":{"rendered":"<p>\n &#8220;`markdown\n<\/p>\n<h1>\n D\u1ecbch v\u1ee5 Thi\u1ebft k\u1ebf website Theme WordPress b\u00e1n gi\u00e0y Sneaker<br \/>\n<\/h1>\n<p>\n Ch\u00e0o m\u1eebng b\u1ea1n \u0111\u1ebfn v\u1edbi d\u1ecbch v\u1ee5 thi\u1ebft k\u1ebf website chuy\u00ean nghi\u1ec7p d\u00e0nh cho c\u00e1c c\u1eeda h\u00e0ng b\u00e1n gi\u00e0y sneaker! Ch\u00fang t\u00f4i t\u1ef1 h\u00e0o mang \u0111\u1ebfn m\u1ed9t gi\u1ea3i ph\u00e1p ho\u00e0n h\u1ea3o gi\u00fap b\u1ea1n x\u00e2y d\u1ef1ng m\u1ed9t trang web kh\u00f4ng ch\u1ec9 \u0111\u1eb9p m\u00e0 c\u00f2n hi\u1ec7u qu\u1ea3.\n<\/p>\n<h2>\n Giao di\u1ec7n web \u0111\u1eb9p v\u00e0 chuy\u00ean nghi\u1ec7p<br \/>\n<\/h2>\n<p>\n Ch\u00fang t\u00f4i t\u1ea1o ra giao di\u1ec7n web v\u1edbi thi\u1ebft k\u1ebf hi\u1ec7n \u0111\u1ea1i, chuy\u00ean nghi\u1ec7p v\u00e0 d\u1ec5 s\u1eed d\u1ee5ng. Kh\u00e1ch h\u00e0ng s\u1ebd \u0111\u01b0\u1ee3c tr\u1ea3i nghi\u1ec7m m\u1ed9t kh\u00f4ng gian mua s\u1eafm tr\u1ef1c tuy\u1ebfn thu h\u00fat v\u00e0 ti\u1ec7n l\u1ee3i, gi\u00fap gia t\u0103ng t\u1ef7 l\u1ec7 chuy\u1ec3n \u0111\u1ed5i.\n<\/p>\n<h2>\n T\u01b0\u01a1ng th\u00edch tr\u00ean m\u1ecdi thi\u1ebft b\u1ecb<br \/>\n<\/h2>\n<p>\n Website c\u1ee7a b\u1ea1n s\u1ebd ho\u00e0n to\u00e0n t\u01b0\u01a1ng th\u00edch tr\u00ean m\u1ecdi thi\u1ebft b\u1ecb, t\u1eeb m\u00e1y t\u00ednh, laptop \u0111\u1ebfn smartphone v\u00e0 tablet. \u0110i\u1ec1u n\u00e0y \u0111\u1ea3m b\u1ea3o r\u1eb1ng kh\u00e1ch h\u00e0ng c\u1ee7a b\u1ea1n lu\u00f4n c\u00f3 th\u1ec3 d\u1ec5 d\u00e0ng truy c\u1eadp v\u00e0 tr\u1ea3i nghi\u1ec7m c\u00e1c s\u1ea3n ph\u1ea9m sneaker m\u1ecdi l\u00fac, m\u1ecdi n\u01a1i.\n<\/p>\n<h2>\n M\u00e3 ngu\u1ed3n WordPress v\u1edbi Theme Flatsome v\u00e0 UX Builder<br \/>\n<\/h2>\n<p>\n Ch\u00fang t\u00f4i s\u1eed d\u1ee5ng m\u00e3 ngu\u1ed3n WordPress v\u1edbi Theme Flatsome v\u00e0 UX Builder, cho ph\u00e9p b\u1ea1n d\u1ec5 d\u00e0ng t\u00f9y bi\u1ebfn thi\u1ebft k\u1ebf theo \u00fd t\u01b0\u1edfng v\u00e0 phong c\u00e1ch ri\u00eang c\u1ee7a m\u00ecnh. Kh\u00f4ng c\u1ea7n ph\u1ea3i bi\u1ebft l\u1eadp tr\u00ecnh, b\u1ea1n ho\u00e0n to\u00e0n c\u00f3 th\u1ec3 ch\u1ec9nh s\u1eeda, th\u00eam b\u1edbt n\u1ed9i dung d\u1ec5 d\u00e0ng.\n<\/p>\n<h2>\n T\u1ed1c \u0111\u1ed9 t\u1ea3i trang nhanh<br \/>\n<\/h2>\n<p>\n Ch\u00fang t\u00f4i cam k\u1ebft t\u1ed1i \u01b0u h\u00f3a t\u1ed1c \u0111\u1ed9 t\u1ea3i trang nhanh nh\u1ea5t c\u00f3 th\u1ec3, gi\u00fap c\u1ea3i thi\u1ec7n tr\u1ea3i nghi\u1ec7m ng\u01b0\u1eddi d\u00f9ng v\u00e0 gi\u1ea3m thi\u1ec3u t\u1ef7 l\u1ec7 tho\u00e1t. M\u1ed9t trang web t\u1ea3i nhanh ch\u1eafc ch\u1eafn s\u1ebd gi\u1eef ch\u00e2n kh\u00e1ch h\u00e0ng quay l\u1ea1i nhi\u1ec1u h\u01a1n.\n<\/p>\n<hr\/>\n<p>\n N\u1ebfu b\u1ea1n \u0111ang t\u00ecm ki\u1ebfm m\u1ed9t \u0111\u01a1n v\u1ecb thi\u1ebft k\u1ebf website uy t\u00edn, h\u00e3y \u0111\u1ebfn v\u1edbi<br \/>\n <strong><br \/>\n  LADIGI Agency<br \/>\n <\/strong><br \/>\n . Ch\u00fang t\u00f4i lu\u00f4n s\u1eb5n s\u00e0ng h\u1ed7 tr\u1ee3 b\u1ea1n trong vi\u1ec7c x\u00e2y d\u1ef1ng m\u1ed9t trang web b\u00e1n gi\u00e0y sneaker ho\u00e0n h\u1ea3o!\n<\/p>\n<p>\n <a href=\"https:\/\/ladigi.vn\/thiet-ke-website\/\"><br \/>\n  Xem th\u00eam v\u1ec1 d\u1ecbch v\u1ee5 thi\u1ebft k\u1ebf web doanh nghi\u1ec7p LADIGI<br \/>\n <\/a><br \/>\n &#8220;`<\/p>\n","protected":false},"excerpt":{"rendered":"<p>D\u1ecbch v\u1ee5 thi\u1ebft k\u1ebf website b\u00e1n gi\u00e0y Sneaker s\u1eed d\u1ee5ng m\u00e3 ngu\u1ed3n WordPress v\u1edbi Theme Flatsome v\u00e0 UX Builder, mang \u0111\u1ebfn giao di\u1ec7n \u0111\u1eb9p, chuy\u00ean nghi\u1ec7p v\u00e0 d\u1ec5 s\u1eed d\u1ee5ng. Website t\u01b0\u01a1ng th\u00edch tr\u00ean m\u1ecdi thi\u1ebft b\u1ecb, t\u1ed1c \u0111\u1ed9 t\u1ea3i trang nhanh, gi\u00fap t\u1ed1i \u01b0u tr\u1ea3i nghi\u1ec7m kh\u00e1ch h\u00e0ng hi\u1ec7u qu\u1ea3.<\/p>\n","protected":false},"featured_media":9445,"comment_status":"open","ping_status":"closed","template":"","meta":[],"product_cat":[16],"product_tag":[],"class_list":{"0":"post-9444","1":"product","2":"type-product","3":"status-publish","4":"has-post-thumbnail","6":"product_cat-tat-ca","8":"first","9":"instock","10":"shipping-taxable","11":"product-type-external"},"_links":{"self":[{"href":"https:\/\/ladigi.vn\/thiet-ke-website\/wp-json\/wp\/v2\/product\/9444","targetHints":{"allow":["GET"]}}],"collection":[{"href":"https:\/\/ladigi.vn\/thiet-ke-website\/wp-json\/wp\/v2\/product"}],"about":[{"href":"https:\/\/ladigi.vn\/thiet-ke-website\/wp-json\/wp\/v2\/types\/product"}],"replies":[{"embeddable":true,"href":"https:\/\/ladigi.vn\/thiet-ke-website\/wp-json\/wp\/v2\/comments?post=9444"}],"wp:featuredmedia":[{"embeddable":true,"href":"https:\/\/ladigi.vn\/thiet-ke-website\/wp-json\/wp\/v2\/media\/9445"}],"wp:attachment":[{"href":"https:\/\/ladigi.vn\/thiet-ke-website\/wp-json\/wp\/v2\/media?parent=9444"}],"wp:term":[{"taxonomy":"product_cat","embeddable":true,"href":"https:\/\/ladigi.vn\/thiet-ke-website\/wp-json\/wp\/v2\/product_cat?post=9444"},{"taxonomy":"product_tag","embeddable":true,"href":"https:\/\/ladigi.vn\/thiet-ke-website\/wp-json\/wp\/v2\/product_tag?post=9444"}],"curies":[{"name":"wp","href":"https:\/\/api.w.org\/{rel}","templated":true}]}}