{"id":9448,"date":"2025-01-12T12:41:27","date_gmt":"2025-01-12T05:41:27","guid":{"rendered":"https:\/\/ladigi.vn\/thiet-ke-website\/?post_type=product&#038;p=9448"},"modified":"2025-01-12T12:43:09","modified_gmt":"2025-01-12T05:43:09","slug":"theme-wordpress-may-tinh-05","status":"publish","type":"product","link":"https:\/\/ladigi.vn\/thiet-ke-website\/mau-web\/theme-wordpress-may-tinh-05\/","title":{"rendered":"M\u00e1y t\u00ednh"},"content":{"rendered":"<p>\n Ch\u00e0o m\u1eebng qu\u00fd kh\u00e1ch \u0111\u1ebfn v\u1edbi LADIGI Agency &#8211; \u0111\u01a1n v\u1ecb chuy\u00ean cung c\u1ea5p d\u1ecbch v\u1ee5 thi\u1ebft k\u1ebf website chuy\u00ean nghi\u1ec7p v\u00e0 uy t\u00edn. V\u1edbi \u0111\u1ed9i ng\u0169 nh\u00e2n vi\u00ean gi\u00e0u kinh nghi\u1ec7m v\u00e0 nhi\u1ec7t huy\u1ebft, ch\u00fang t\u00f4i cam k\u1ebft s\u1ebd mang \u0111\u1ebfn cho qu\u00fd kh\u00e1ch nh\u1eefng giao di\u1ec7n website \u0111\u1eb9p, hi\u1ec7n \u0111\u1ea1i v\u00e0 d\u1ec5 s\u1eed d\u1ee5ng nh\u1ea5t.\n<\/p>\n<p>\n V\u1edbi s\u1ef1 ph\u00e1t tri\u1ec3n kh\u00f4ng ng\u1eebng c\u1ee7a c\u00f4ng ngh\u1ec7, vi\u1ec7c s\u1edf h\u1eefu m\u1ed9t website chuy\u00ean nghi\u1ec7p \u0111\u00e3 tr\u1edf th\u00e0nh c\u1ea7n thi\u1ebft \u0111\u1ed1i v\u1edbi m\u1ecdi doanh nghi\u1ec7p. V\u00e0 \u0111\u1ec3 \u0111\u00e1p \u1ee9ng nhu c\u1ea7u c\u1ee7a kh\u00e1ch h\u00e0ng, ch\u00fang t\u00f4i \u0111\u00e3 \u0111\u01b0a ra d\u1ecbch v\u1ee5 thi\u1ebft k\u1ebf website Theme wordpress m\u00e1y t\u00ednh 05.\n<\/p>\n<p>\n Giao di\u1ec7n web \u0111\u01b0\u1ee3c thi\u1ebft k\u1ebf b\u1edfi \u0111\u1ed9i ng\u0169 thi\u1ebft k\u1ebf t\u00e0i n\u0103ng, s\u00e1ng t\u1ea1o v\u00e0 c\u00f3 kinh nghi\u1ec7m l\u00e2u n\u0103m. Ch\u00fang t\u00f4i cam k\u1ebft s\u1ebd \u0111em \u0111\u1ebfn cho kh\u00e1ch h\u00e0ng nh\u1eefng giao di\u1ec7n \u0111\u1eb9p, chuy\u00ean nghi\u1ec7p v\u00e0 d\u1ec5 s\u1eed d\u1ee5ng nh\u1ea5t. V\u1edbi s\u1ef1 k\u1ebft h\u1ee3p gi\u1eefa m\u00e0u s\u1eafc, h\u00ecnh \u1ea3nh v\u00e0 n\u1ed9i dung, website c\u1ee7a qu\u00fd kh\u00e1ch s\u1ebd tr\u1edf n\u00ean \u0111\u1eb7c bi\u1ec7t v\u00e0 thu h\u00fat \u0111\u01b0\u1ee3c nhi\u1ec1u kh\u00e1ch h\u00e0ng.\n<\/p>\n<p>\n Kh\u00f4ng ch\u1ec9 \u0111\u1eb9p m\u1eaft tr\u00ean m\u00e1y t\u00ednh, giao di\u1ec7n web c\u1ee7a ch\u00fang t\u00f4i c\u00f2n \u0111\u01b0\u1ee3c t\u1ed1i \u01b0u h\u00f3a \u0111\u1ec3 t\u01b0\u01a1ng th\u00edch tr\u00ean m\u1ecdi thi\u1ebft b\u1ecb, t\u1eeb m\u00e1y t\u00ednh \u0111\u1ec3 b\u00e0n \u0111\u1ebfn \u0111i\u1ec7n tho\u1ea1i di \u0111\u1ed9ng. \u0110i\u1ec1u n\u00e0y s\u1ebd gi\u00fap qu\u00fd kh\u00e1ch ti\u1ebfp c\u1eadn \u0111\u01b0\u1ee3c nhi\u1ec1u kh\u00e1ch h\u00e0ng h\u01a1n, \u0111\u1ed3ng th\u1eddi t\u0103ng c\u01b0\u1eddng tr\u1ea3i nghi\u1ec7m c\u1ee7a ng\u01b0\u1eddi d\u00f9ng.\n<\/p>\n<p>\n M\u00e3 ngu\u1ed3n WordPress v\u1edbi Theme Flatsome v\u00e0 UX Builder s\u1ebd gi\u00fap cho vi\u1ec7c t\u00f9y bi\u1ebfn giao di\u1ec7n web tr\u1edf n\u00ean d\u1ec5 d\u00e0ng v\u00e0 linh ho\u1ea1t h\u01a1n bao gi\u1edd h\u1ebft. Ch\u00fang t\u00f4i cam k\u1ebft s\u1ebd \u0111\u00e1p \u1ee9ng \u0111\u01b0\u1ee3c m\u1ecdi y\u00eau c\u1ea7u c\u1ee7a kh\u00e1ch h\u00e0ng v\u00e0 mang \u0111\u1ebfn cho h\u1ecd m\u1ed9t website ho\u00e0n h\u1ea3o nh\u1ea5t.\n<\/p>\n<p>\n Kh\u00f4ng ch\u1ec9 \u0111\u1eb9p v\u00e0 d\u1ec5 s\u1eed d\u1ee5ng, website c\u1ee7a qu\u00fd kh\u00e1ch c\u00f2n \u0111\u01b0\u1ee3c \u0111\u1ea3m b\u1ea3o t\u1ed1c \u0111\u1ed9 t\u1ea3i trang nhanh nh\u1ea5t. V\u1edbi vi\u1ec7c t\u1ed1i \u01b0u h\u00f3a m\u00e3 ngu\u1ed3n v\u00e0 s\u1eed d\u1ee5ng c\u00e1c c\u00f4ng ngh\u1ec7 m\u1edbi nh\u1ea5t, ch\u00fang t\u00f4i cam k\u1ebft s\u1ebd gi\u00fap website c\u1ee7a qu\u00fd kh\u00e1ch ho\u1ea1t \u0111\u1ed9ng m\u01b0\u1ee3t m\u00e0 v\u00e0 nhanh ch\u00f3ng tr\u00ean m\u1ecdi thi\u1ebft b\u1ecb.\n<\/p>\n<p>\n N\u1ebfu qu\u00fd kh\u00e1ch \u0111ang t\u00ecm ki\u1ebfm m\u1ed9t \u0111\u01a1n v\u1ecb thi\u1ebft k\u1ebf website uy t\u00edn v\u00e0 chuy\u00ean nghi\u1ec7p, h\u00e3y \u0111\u1ebfn v\u1edbi LADIGI Agency. Ch\u00fang t\u00f4i cam k\u1ebft s\u1ebd mang \u0111\u1ebfn cho qu\u00fd kh\u00e1ch nh\u1eefng giao di\u1ec7n web \u0111\u1eb9p, hi\u1ec7n \u0111\u1ea1i v\u00e0 t\u1ed1t nh\u1ea5t \u0111\u1ec3 gi\u00fap qu\u00fd kh\u00e1ch ph\u00e1t tri\u1ec3n kinh doanh hi\u1ec7u qu\u1ea3.\n<\/p>\n<p>\n \u0110\u1ec3 bi\u1ebft th\u00eam th\u00f4ng tin chi ti\u1ebft v\u00e0 nh\u1eadn b\u00e1o gi\u00e1 d\u1ecbch v\u1ee5, qu\u00fd kh\u00e1ch vui l\u00f2ng truy c\u1eadp<br \/>\n <a href=\"https:\/\/ladigi.vn\/thiet-ke-website\/\"><br \/>\n  \u0110\u01a1n v\u1ecb thi\u1ebft k\u1ebf website uy t\u00edn<br \/>\n <\/a><br \/>\n . Ch\u00fang t\u00f4i lu\u00f4n s\u1eb5n s\u00e0ng h\u1ed7 tr\u1ee3 v\u00e0 t\u01b0 v\u1ea5n cho qu\u00fd kh\u00e1ch trong qu\u00e1 tr\u00ecnh thi\u1ebft k\u1ebf website. H\u00e3y \u0111\u1ec3 LADIGI Agency tr\u1edf th\u00e0nh \u0111\u1ed1i t\u00e1c \u0111\u00e1ng tin c\u1eady c\u1ee7a qu\u00fd kh\u00e1ch v\u00e0 c\u00f9ng nhau ph\u00e1t tri\u1ec3n th\u00e0nh c\u00f4ng!<\/p>\n","protected":false},"excerpt":{"rendered":"<p>&#8220;V\u1edbi d\u1ecbch v\u1ee5 Thi\u1ebft k\u1ebf website Theme Wordpress m\u00e1y t\u00ednh 05, kh\u00e1ch h\u00e0ng s\u1ebd \u0111\u01b0\u1ee3c tr\u1ea3i nghi\u1ec7m m\u1ed9t giao di\u1ec7n web \u0111\u1eb9p v\u00e0 chuy\u00ean nghi\u1ec7p, gi\u00fap t\u0103ng t\u00ednh th\u1ea9m m\u1ef9 v\u00e0 thu h\u00fat ng\u01b0\u1eddi d\u00f9ng. S\u1ea3n ph\u1ea9m \u0111\u01b0\u1ee3c t\u1ed1i \u01b0u h\u00f3a \u0111\u1ec3 t\u01b0\u01a1ng th\u00edch tr\u00ean m\u1ecdi thi\u1ebft b\u1ecb, \u0111\u1ea3m b\u1ea3o kh\u1ea3 n\u0103ng ti\u1ebfp c\u1eadn \u0111a d\u1ea1ng. S\u1eed d\u1ee5ng m\u00e3 ngu\u1ed3n Wordpress v\u1edbi Theme Flatsome v\u00e0 UX Builder, kh\u00e1ch h\u00e0ng c\u00f3 th\u1ec3 d\u1ec5 d\u00e0ng t\u00f9y bi\u1ebfn theo \u00fd mu\u1ed1n. T\u1ed1c \u0111\u1ed9 t\u1ea3i trang nhanh gi\u00fap mang l\u1ea1i tr\u1ea3i nghi\u1ec7m tuy\u1ec7t v\u1eddi cho ng\u01b0\u1eddi d\u00f9ng.&#8221;<\/p>\n","protected":false},"featured_media":9449,"comment_status":"open","ping_status":"closed","template":"","meta":[],"product_cat":[16],"product_tag":[],"class_list":{"0":"post-9448","1":"product","2":"type-product","3":"status-publish","4":"has-post-thumbnail","6":"product_cat-tat-ca","8":"first","9":"instock","10":"shipping-taxable","11":"product-type-external"},"_links":{"self":[{"href":"https:\/\/ladigi.vn\/thiet-ke-website\/wp-json\/wp\/v2\/product\/9448","targetHints":{"allow":["GET"]}}],"collection":[{"href":"https:\/\/ladigi.vn\/thiet-ke-website\/wp-json\/wp\/v2\/product"}],"about":[{"href":"https:\/\/ladigi.vn\/thiet-ke-website\/wp-json\/wp\/v2\/types\/product"}],"replies":[{"embeddable":true,"href":"https:\/\/ladigi.vn\/thiet-ke-website\/wp-json\/wp\/v2\/comments?post=9448"}],"wp:featuredmedia":[{"embeddable":true,"href":"https:\/\/ladigi.vn\/thiet-ke-website\/wp-json\/wp\/v2\/media\/9449"}],"wp:attachment":[{"href":"https:\/\/ladigi.vn\/thiet-ke-website\/wp-json\/wp\/v2\/media?parent=9448"}],"wp:term":[{"taxonomy":"product_cat","embeddable":true,"href":"https:\/\/ladigi.vn\/thiet-ke-website\/wp-json\/wp\/v2\/product_cat?post=9448"},{"taxonomy":"product_tag","embeddable":true,"href":"https:\/\/ladigi.vn\/thiet-ke-website\/wp-json\/wp\/v2\/product_tag?post=9448"}],"curies":[{"name":"wp","href":"https:\/\/api.w.org\/{rel}","templated":true}]}}