{"id":9454,"date":"2025-01-12T17:05:03","date_gmt":"2025-01-12T10:05:03","guid":{"rendered":"https:\/\/ladigi.vn\/thiet-ke-website\/?post_type=product&#038;p=9454"},"modified":"2025-01-12T17:06:44","modified_gmt":"2025-01-12T10:06:44","slug":"theme-wordpress-thong-bao-dam-cuoi","status":"publish","type":"product","link":"https:\/\/ladigi.vn\/thiet-ke-website\/mau-web\/theme-wordpress-thong-bao-dam-cuoi\/","title":{"rendered":"\u0110\u00e1m c\u01b0\u1edbi"},"content":{"rendered":"<p>\n Ch\u00e0o m\u1ecdi ng\u01b0\u1eddi,\n<\/p>\n<p>\n \u0110\u00e1m c\u01b0\u1edbi l\u00e0 m\u1ed9t s\u1ef1 ki\u1ec7n \u0111\u1eb7c bi\u1ec7t trong cu\u1ed9c \u0111\u1eddi c\u1ee7a m\u1ed7i ng\u01b0\u1eddi. \u0110\u1ec3 t\u1ea1o n\u00ean m\u1ed9t kh\u00f4ng gian th\u00f4ng b\u00e1o \u0111\u00e1m c\u01b0\u1edbi \u0111\u1eb9p v\u00e0 chuy\u00ean nghi\u1ec7p, kh\u00f4ng g\u00ec tuy\u1ec7t v\u1eddi h\u01a1n l\u00e0 c\u00f3 m\u1ed9t website ri\u00eang cho \u0111\u00e1m c\u01b0\u1edbi c\u1ee7a b\u1ea1n. V\u1edbi d\u1ecbch v\u1ee5 Thi\u1ebft k\u1ebf website Theme wordpress th\u00f4ng b\u00e1o \u0111\u00e1m c\u01b0\u1edbi c\u1ee7a ch\u00fang t\u00f4i, ch\u00fang t\u00f4i cam k\u1ebft s\u1ebd mang \u0111\u1ebfn cho b\u1ea1n m\u1ed9t giao di\u1ec7n web tuy\u1ec7t \u0111\u1eb9p v\u00e0 d\u1ec5 s\u1eed d\u1ee5ng.\n<\/p>\n<p>\n V\u1edbi s\u1ef1 ph\u00e1t tri\u1ec3n c\u1ee7a c\u00f4ng ngh\u1ec7, vi\u1ec7c truy c\u1eadp website tr\u00ean \u0111i\u1ec7n tho\u1ea1i di \u0111\u1ed9ng \u0111\u00e3 tr\u1edf th\u00e0nh m\u1ed9t nhu c\u1ea7u c\u1ea7n thi\u1ebft. V\u00ec v\u1eady, giao di\u1ec7n web \u0111\u01b0\u1ee3c thi\u1ebft k\u1ebf b\u1edfi ch\u00fang t\u00f4i \u0111\u1ea3m b\u1ea3o s\u1ebd t\u01b0\u01a1ng th\u00edch tr\u00ean m\u1ecdi thi\u1ebft b\u1ecb, t\u1eeb m\u00e1y t\u00ednh \u0111\u1ec3 b\u00e0n \u0111\u1ebfn \u0111i\u1ec7n tho\u1ea1i di \u0111\u1ed9ng.\n<\/p>\n<p>\n \u0110\u1ec3 \u0111\u00e1p \u1ee9ng nhu c\u1ea7u \u0111a d\u1ea1ng c\u1ee7a kh\u00e1ch h\u00e0ng, ch\u00fang t\u00f4i s\u1eed d\u1ee5ng m\u00e3 ngu\u1ed3n WordPress v\u1edbi Theme Flatsome v\u00e0 UX Builder. \u0110i\u1ec1u n\u00e0y gi\u00fap cho vi\u1ec7c t\u00f9y bi\u1ebfn v\u00e0 thay \u0111\u1ed5i giao di\u1ec7n web tr\u1edf n\u00ean d\u1ec5 d\u00e0ng v\u00e0 linh ho\u1ea1t h\u01a1n bao gi\u1edd h\u1ebft.\n<\/p>\n<p>\n Kh\u00f4ng ch\u1ec9 \u0111\u1eb9p m\u1eaft v\u00e0 d\u1ec5 s\u1eed d\u1ee5ng, website c\u1ee7a ch\u00fang t\u00f4i c\u00f2n \u0111\u01b0\u1ee3c \u0111\u1ea3m b\u1ea3o c\u00f3 t\u1ed1c \u0111\u1ed9 t\u1ea3i trang nhanh, gi\u00fap ng\u01b0\u1eddi d\u00f9ng c\u00f3 tr\u1ea3i nghi\u1ec7m tuy\u1ec7t v\u1eddi v\u00e0 kh\u00f4ng b\u1ecb gi\u00e1n \u0111o\u1ea1n trong qu\u00e1 tr\u00ecnh duy\u1ec7t web.\n<\/p>\n<p>\n V\u1edbi kinh nghi\u1ec7m v\u00e0 chuy\u00ean m\u00f4n trong l\u0129nh v\u1ef1c thi\u1ebft k\u1ebf website, LADIGI Agency t\u1ef1 tin s\u1ebd mang \u0111\u1ebfn cho b\u1ea1n m\u1ed9t website \u0111\u00e1m c\u01b0\u1edbi ho\u00e0n h\u1ea3o v\u00e0 \u0111\u00e1p \u1ee9ng \u0111\u1ea7y \u0111\u1ee7 c\u00e1c y\u00eau c\u1ea7u c\u1ee7a b\u1ea1n. Ch\u00fang t\u00f4i lu\u00f4n cam k\u1ebft \u0111em l\u1ea1i s\u1ef1 h\u00e0i l\u00f2ng cho kh\u00e1ch h\u00e0ng v\u00e0 t\u1ea1o n\u00ean nh\u1eefng s\u1ea3n ph\u1ea9m ch\u1ea5t l\u01b0\u1ee3ng nh\u1ea5t.\n<\/p>\n<p>\n N\u1ebfu b\u1ea1n \u0111ang c\u00f3 nhu c\u1ea7u thi\u1ebft k\u1ebf website th\u00f4ng b\u00e1o \u0111\u00e1m c\u01b0\u1edbi ho\u1eb7c c\u00e1c d\u1ecbch v\u1ee5 kh\u00e1c li\u00ean quan \u0111\u1ebfn website, h\u00e3y \u0111\u1ebfn v\u1edbi LADIGI Agency. Ch\u00fang t\u00f4i s\u1eb5n s\u00e0ng h\u1ed7 tr\u1ee3 v\u00e0 t\u01b0 v\u1ea5n cho b\u1ea1n v\u1ec1 c\u00e1c gi\u1ea3i ph\u00e1p t\u1ed1i \u01b0u nh\u1ea5t.\n<\/p>\n<p>\n \u0110\u1ec3 bi\u1ebft th\u00eam th\u00f4ng tin chi ti\u1ebft v\u00e0 xem c\u00e1c d\u1ef1 \u00e1n \u0111\u00e3 th\u1ef1c hi\u1ec7n, vui l\u00f2ng truy c\u1eadp<br \/>\n <a href=\"https:\/\/ladigi.vn\/thiet-ke-website\/\"><br \/>\n  C\u00f4ng ty x\u00e2y d\u1ef1ng website b\u00e1n h\u00e0ng<br \/>\n <\/a><br \/>\n . Ch\u00fang t\u00f4i hy v\u1ecdng s\u1ebd c\u00f3 c\u01a1 h\u1ed9i \u0111\u01b0\u1ee3c h\u1ee3p t\u00e1c c\u00f9ng b\u1ea1n trong t\u01b0\u01a1ng lai g\u1ea7n.\n<\/p>\n<p>\n C\u1ea3m \u01a1n b\u1ea1n \u0111\u00e3 \u0111\u1ecdc b\u00e0i vi\u1ebft c\u1ee7a ch\u00fang t\u00f4i. Ch\u00fac b\u1ea1n c\u00f3 m\u1ed9t \u0111\u00e1m c\u01b0\u1edbi tuy\u1ec7t v\u1eddi v\u00e0 m\u1ed9t website \u0111\u1eb9p nh\u01b0 \u00fd!<\/p>\n","protected":false},"excerpt":{"rendered":"<p>D\u1ecbch v\u1ee5 Thi\u1ebft k\u1ebf website Theme wordpress th\u00f4ng b\u00e1o \u0111\u00e1m c\u01b0\u1edbi mang \u0111\u1ebfn cho b\u1ea1n m\u1ed9t giao di\u1ec7n web \u0111\u1eb9p v\u00e0 chuy\u00ean nghi\u1ec7p, gi\u00fap b\u1ea1n d\u1ec5 d\u00e0ng chia s\u1ebb th\u00f4ng tin v\u1ec1 \u0111\u00e1m c\u01b0\u1edbi c\u1ee7a m\u00ecnh v\u1edbi m\u1ecdi ng\u01b0\u1eddi. V\u1edbi vi\u1ec7c t\u01b0\u01a1ng th\u00edch tr\u00ean m\u1ecdi thi\u1ebft b\u1ecb, b\u1ea1n c\u00f3 th\u1ec3 y\u00ean t\u00e2m r\u1eb1ng kh\u00e1ch m\u1eddi s\u1ebd c\u00f3 tr\u1ea3i nghi\u1ec7m tuy\u1ec7t v\u1eddi tr\u00ean m\u1ecdi n\u1ec1n t\u1ea3ng. M\u00e3 ngu\u1ed3n Wordpress v\u1edbi Theme Flatsome v\u00e0 UX Builder cung c\u1ea5p s\u1ef1 linh ho\u1ea1t v\u00e0 d\u1ec5 t\u00f9y bi\u1ebfn cho website c\u1ee7a b\u1ea1n. \u0110\u1eb7c bi\u1ec7t, t\u1ed1c \u0111\u1ed9 t\u1ea3i trang nhanh gi\u00fap kh\u00e1ch h\u00e0ng truy c\u1eadp v\u00e0 tr\u1ea3i nghi\u1ec7m th\u00f4ng tin m\u1ed9t c\u00e1ch nhanh ch\u00f3ng v\u00e0 thu\u1eadn ti\u1ec7n.<\/p>\n","protected":false},"featured_media":9455,"comment_status":"open","ping_status":"closed","template":"","meta":[],"product_cat":[16],"product_tag":[],"class_list":{"0":"post-9454","1":"product","2":"type-product","3":"status-publish","4":"has-post-thumbnail","6":"product_cat-tat-ca","8":"first","9":"instock","10":"shipping-taxable","11":"product-type-external"},"_links":{"self":[{"href":"https:\/\/ladigi.vn\/thiet-ke-website\/wp-json\/wp\/v2\/product\/9454","targetHints":{"allow":["GET"]}}],"collection":[{"href":"https:\/\/ladigi.vn\/thiet-ke-website\/wp-json\/wp\/v2\/product"}],"about":[{"href":"https:\/\/ladigi.vn\/thiet-ke-website\/wp-json\/wp\/v2\/types\/product"}],"replies":[{"embeddable":true,"href":"https:\/\/ladigi.vn\/thiet-ke-website\/wp-json\/wp\/v2\/comments?post=9454"}],"wp:featuredmedia":[{"embeddable":true,"href":"https:\/\/ladigi.vn\/thiet-ke-website\/wp-json\/wp\/v2\/media\/9455"}],"wp:attachment":[{"href":"https:\/\/ladigi.vn\/thiet-ke-website\/wp-json\/wp\/v2\/media?parent=9454"}],"wp:term":[{"taxonomy":"product_cat","embeddable":true,"href":"https:\/\/ladigi.vn\/thiet-ke-website\/wp-json\/wp\/v2\/product_cat?post=9454"},{"taxonomy":"product_tag","embeddable":true,"href":"https:\/\/ladigi.vn\/thiet-ke-website\/wp-json\/wp\/v2\/product_tag?post=9454"}],"curies":[{"name":"wp","href":"https:\/\/api.w.org\/{rel}","templated":true}]}}