{"id":9456,"date":"2025-01-12T14:50:16","date_gmt":"2025-01-12T07:50:16","guid":{"rendered":"https:\/\/ladigi.vn\/thiet-ke-website\/?post_type=product&#038;p=9456"},"modified":"2025-01-12T14:51:58","modified_gmt":"2025-01-12T07:51:58","slug":"theme-wordpress-resort-01","status":"publish","type":"product","link":"https:\/\/ladigi.vn\/thiet-ke-website\/mau-web\/theme-wordpress-resort-01\/","title":{"rendered":"Resort"},"content":{"rendered":"<p>\n Ch\u00e0o m\u1ecdi ng\u01b0\u1eddi,\n<\/p>\n<p>\n B\u1ea1n \u0111ang c\u00f3 k\u1ebf ho\u1ea1ch kinh doanh trong l\u0129nh v\u1ef1c du l\u1ecbch v\u00e0 mu\u1ed1n t\u1ea1o m\u1ed9t website \u0111\u1ec3 qu\u1ea3ng b\u00e1 d\u1ecbch v\u1ee5 c\u1ee7a m\u00ecnh? B\u1ea1n mu\u1ed1n m\u1ed9t giao di\u1ec7n \u0111\u1eb9p, chuy\u00ean nghi\u1ec7p v\u00e0 d\u1ec5 s\u1eed d\u1ee5ng \u0111\u1ec3 thu h\u00fat kh\u00e1ch h\u00e0ng? H\u00e3y \u0111\u1ec3 LADIGI Agency gi\u00fap b\u1ea1n v\u1edbi d\u1ecbch v\u1ee5 Thi\u1ebft k\u1ebf website Theme wordpress resort 01.\n<\/p>\n<p>\n V\u1edbi d\u1ecbch v\u1ee5 n\u00e0y, ch\u00fang t\u00f4i cam k\u1ebft mang \u0111\u1ebfn cho b\u1ea1n m\u1ed9t giao di\u1ec7n web \u0111\u1eb9p m\u1eaft, chuy\u00ean nghi\u1ec7p v\u00e0 d\u1ec5 s\u1eed d\u1ee5ng. Ch\u00fang t\u00f4i hi\u1ec3u r\u1eb1ng giao di\u1ec7n l\u00e0 y\u1ebfu t\u1ed1 quan tr\u1ecdng \u0111\u1ec3 thu h\u00fat kh\u00e1ch h\u00e0ng v\u00e0 t\u1ea1o n\u00ean \u1ea5n t\u01b0\u1ee3ng \u0111\u1ea7u ti\u00ean v\u1ec1 doanh nghi\u1ec7p c\u1ee7a b\u1ea1n. V\u00ec v\u1eady, ch\u00fang t\u00f4i s\u1ebd t\u1ea1o ra m\u1ed9t giao di\u1ec7n tuy\u1ec7t \u0111\u1eb9p v\u00e0 ph\u00f9 h\u1ee3p v\u1edbi l\u0129nh v\u1ef1c du l\u1ecbch c\u1ee7a b\u1ea1n.\n<\/p>\n<p>\n Kh\u00f4ng ch\u1ec9 \u0111\u1eb9p m\u1eaft, giao di\u1ec7n web c\u1ee7a ch\u00fang t\u00f4i c\u00f2n \u0111\u01b0\u1ee3c t\u1ed1i \u01b0u h\u00f3a \u0111\u1ec3 t\u01b0\u01a1ng th\u00edch tr\u00ean m\u1ecdi thi\u1ebft b\u1ecb, t\u1eeb m\u00e1y t\u00ednh \u0111\u1ec3 b\u00e0n \u0111\u1ebfn \u0111i\u1ec7n tho\u1ea1i di \u0111\u1ed9ng. \u0110i\u1ec1u n\u00e0y gi\u00fap kh\u00e1ch h\u00e0ng c\u00f3 th\u1ec3 truy c\u1eadp website c\u1ee7a b\u1ea1n m\u1ed9t c\u00e1ch thu\u1eadn ti\u1ec7n v\u00e0 d\u1ec5 d\u00e0ng tr\u00ean b\u1ea5t k\u1ef3 thi\u1ebft b\u1ecb n\u00e0o.\n<\/p>\n<p>\n \u0110\u1ec3 \u0111\u1ea3m b\u1ea3o t\u00ednh linh ho\u1ea1t v\u00e0 t\u00f9y bi\u1ebfn cao cho website c\u1ee7a b\u1ea1n, ch\u00fang t\u00f4i s\u1eed d\u1ee5ng m\u00e3 ngu\u1ed3n WordPress v\u1edbi Theme Flatsome v\u00e0 UX Builder. \u0110i\u1ec1u n\u00e0y cho ph\u00e9p b\u1ea1n d\u1ec5 d\u00e0ng t\u00f9y ch\u1ec9nh v\u00e0 thay \u0111\u1ed5i giao di\u1ec7n, n\u1ed9i dung v\u00e0 c\u00e1c t\u00ednh n\u0103ng tr\u00ean website c\u1ee7a m\u00ecnh m\u00e0 kh\u00f4ng c\u1ea7n c\u00f3 ki\u1ebfn th\u1ee9c v\u1ec1 l\u1eadp tr\u00ecnh.\n<\/p>\n<p>\n V\u1edbi vi\u1ec7c s\u1eed d\u1ee5ng m\u00e3 ngu\u1ed3n WordPress, website c\u1ee7a b\u1ea1n c\u0169ng s\u1ebd c\u00f3 t\u1ed1c \u0111\u1ed9 t\u1ea3i trang nhanh, gi\u00fap kh\u00e1ch h\u00e0ng tr\u1ea3i nghi\u1ec7m m\u1ed9t c\u00e1ch m\u01b0\u1ee3t m\u00e0 v\u00e0 kh\u00f4ng b\u1ecb gi\u00e1n \u0111o\u1ea1n. \u0110i\u1ec1u n\u00e0y c\u0169ng gi\u00fap website c\u1ee7a b\u1ea1n c\u00f3 th\u1ee9 h\u1ea1ng t\u1ed1t tr\u00ean c\u00e1c c\u00f4ng c\u1ee5 t\u00ecm ki\u1ebfm, t\u1eeb \u0111\u00f3 t\u0103ng kh\u1ea3 n\u0103ng ti\u1ebfp c\u1eadn v\u00e0 thu h\u00fat kh\u00e1ch h\u00e0ng m\u1edbi.\n<\/p>\n<p>\n LADIGI Agency l\u00e0 \u0111\u01a1n v\u1ecb chuy\u00ean cung c\u1ea5p d\u1ecbch v\u1ee5 thi\u1ebft k\u1ebf website chuy\u00ean nghi\u1ec7p v\u00e0 uy t\u00edn. V\u1edbi \u0111\u1ed9i ng\u0169 nh\u00e2n vi\u00ean gi\u00e0u kinh nghi\u1ec7m v\u00e0 t\u00e2m huy\u1ebft, ch\u00fang t\u00f4i cam k\u1ebft mang \u0111\u1ebfn cho b\u1ea1n m\u1ed9t website \u0111\u1ea7y \u0111\u1ee7 t\u00ednh n\u0103ng v\u00e0 \u0111\u00e1p \u1ee9ng \u0111\u01b0\u1ee3c m\u1ecdi nhu c\u1ea7u c\u1ee7a doanh nghi\u1ec7p.\n<\/p>\n<p>\n N\u1ebfu b\u1ea1n \u0111ang c\u00f3 nhu c\u1ea7u thi\u1ebft k\u1ebf website, h\u00e3y \u0111\u1ebfn v\u1edbi LADIGI Agency v\u00e0 tr\u1ea3i nghi\u1ec7m d\u1ecbch v\u1ee5 Thi\u1ebft k\u1ebf website \u0111\u1ea7y \u0111\u1ee7 t\u00ednh n\u0103ng c\u1ee7a ch\u00fang t\u00f4i. Ch\u00fang t\u00f4i cam k\u1ebft s\u1ebd mang \u0111\u1ebfn cho b\u1ea1n m\u1ed9t website chuy\u00ean nghi\u1ec7p v\u00e0 hi\u1ec7u qu\u1ea3.\n<\/p>\n<p>\n Xem th\u00eam th\u00f4ng tin v\u1ec1 d\u1ecbch v\u1ee5 Thi\u1ebft k\u1ebf website c\u1ee7a ch\u00fang t\u00f4i t\u1ea1i \u0111\u01b0\u1eddng link<br \/>\n <a href=\"https:\/\/ladigi.vn\/thiet-ke-website\/\"><br \/>\n  Thi\u1ebft k\u1ebf website \u0111\u1ea7y \u0111\u1ee7 t\u00ednh n\u0103ng LADIGI<br \/>\n <\/a><br \/>\n .\n<\/p>\n<p>\n H\u00e3y li\u00ean h\u1ec7 v\u1edbi ch\u00fang t\u00f4i ngay h\u00f4m nay \u0111\u1ec3 b\u1eaft \u0111\u1ea7u x\u00e2y d\u1ef1ng m\u1ed9t website tuy\u1ec7t v\u1eddi cho doanh nghi\u1ec7p c\u1ee7a b\u1ea1n!<\/p>\n","protected":false},"excerpt":{"rendered":"<p>D\u1ecbch v\u1ee5 Thi\u1ebft k\u1ebf website Theme wordpress resort 01 mang \u0111\u1ebfn cho kh\u00e1ch h\u00e0ng m\u1ed9t giao di\u1ec7n web \u0111\u1eb9p, chuy\u00ean nghi\u1ec7p v\u00e0 d\u1ec5 s\u1eed d\u1ee5ng. V\u1edbi t\u00ednh n\u0103ng t\u01b0\u01a1ng th\u00edch tr\u00ean m\u1ecdi thi\u1ebft b\u1ecb, kh\u00e1ch h\u00e0ng c\u00f3 th\u1ec3 truy c\u1eadp v\u00e0 tr\u1ea3i nghi\u1ec7m website m\u1ed9t c\u00e1ch thu\u1eadn ti\u1ec7n v\u00e0 linh ho\u1ea1t. S\u1eed d\u1ee5ng m\u00e3 ngu\u1ed3n Wordpress v\u1edbi Theme Flatsome v\u00e0 UX Builder, kh\u00e1ch h\u00e0ng c\u00f3 th\u1ec3 d\u1ec5 d\u00e0ng t\u00f9y bi\u1ebfn n\u1ed9i dung v\u00e0 thi\u1ebft k\u1ebf theo \u00fd mu\u1ed1n. \u0110i\u1ec1u \u0111\u00e1ng ch\u00fa \u00fd l\u00e0 t\u1ed1c \u0111\u1ed9 t\u1ea3i trang nhanh, gi\u00fap website ho\u1ea1t \u0111\u1ed9ng m\u01b0\u1ee3t m\u00e0 v\u00e0 thu h\u00fat \u0111\u01b0\u1ee3c nhi\u1ec1u kh\u00e1ch h\u00e0ng h\u01a1n.<\/p>\n","protected":false},"featured_media":9457,"comment_status":"open","ping_status":"closed","template":"","meta":[],"product_cat":[16],"product_tag":[],"class_list":{"0":"post-9456","1":"product","2":"type-product","3":"status-publish","4":"has-post-thumbnail","6":"product_cat-tat-ca","8":"first","9":"instock","10":"shipping-taxable","11":"product-type-external"},"_links":{"self":[{"href":"https:\/\/ladigi.vn\/thiet-ke-website\/wp-json\/wp\/v2\/product\/9456","targetHints":{"allow":["GET"]}}],"collection":[{"href":"https:\/\/ladigi.vn\/thiet-ke-website\/wp-json\/wp\/v2\/product"}],"about":[{"href":"https:\/\/ladigi.vn\/thiet-ke-website\/wp-json\/wp\/v2\/types\/product"}],"replies":[{"embeddable":true,"href":"https:\/\/ladigi.vn\/thiet-ke-website\/wp-json\/wp\/v2\/comments?post=9456"}],"wp:featuredmedia":[{"embeddable":true,"href":"https:\/\/ladigi.vn\/thiet-ke-website\/wp-json\/wp\/v2\/media\/9457"}],"wp:attachment":[{"href":"https:\/\/ladigi.vn\/thiet-ke-website\/wp-json\/wp\/v2\/media?parent=9456"}],"wp:term":[{"taxonomy":"product_cat","embeddable":true,"href":"https:\/\/ladigi.vn\/thiet-ke-website\/wp-json\/wp\/v2\/product_cat?post=9456"},{"taxonomy":"product_tag","embeddable":true,"href":"https:\/\/ladigi.vn\/thiet-ke-website\/wp-json\/wp\/v2\/product_tag?post=9456"}],"curies":[{"name":"wp","href":"https:\/\/api.w.org\/{rel}","templated":true}]}}