{"id":9460,"date":"2025-01-10T11:41:30","date_gmt":"2025-01-10T04:41:30","guid":{"rendered":"https:\/\/ladigi.vn\/thiet-ke-website\/?post_type=product&#038;p=9460"},"modified":"2025-01-10T11:46:37","modified_gmt":"2025-01-10T04:46:37","slug":"theme-wopress-ban-thuc-pham-chuc-nang-phong-gym","status":"publish","type":"product","link":"https:\/\/ladigi.vn\/thiet-ke-website\/mau-web\/theme-wopress-ban-thuc-pham-chuc-nang-phong-gym\/","title":{"rendered":"Ph\u00f2ng t\u1eadp gym v\u00e0 b\u00e1n th\u1ef1c ph\u1ea9m ch\u1ee9c n\u0103ng."},"content":{"rendered":"<h1>\n D\u1ecbch v\u1ee5 Thi\u1ebft k\u1ebf website Theme wopress b\u00e1n th\u1ef1c ph\u1ea9m ch\u1ee9c n\u0103ng ph\u00f2ng gym<br \/>\n<\/h1>\n<p>\n B\u1ea1n \u0111ang c\u00f3 \u00fd t\u01b0\u1edfng kinh doanh th\u1ef1c ph\u1ea9m ch\u1ee9c n\u0103ng cho ph\u00f2ng gym nh\u01b0ng ch\u01b0a bi\u1ebft c\u00e1ch \u0111\u1ec3 ti\u1ebfp c\u1eadn kh\u00e1ch h\u00e0ng m\u1ed9t c\u00e1ch hi\u1ec7u qu\u1ea3? H\u00e3y \u0111\u1ec3 ch\u00fang t\u00f4i gi\u00fap b\u1ea1n v\u1edbi d\u1ecbch v\u1ee5 Thi\u1ebft k\u1ebf website Theme wopress b\u00e1n th\u1ef1c ph\u1ea9m ch\u1ee9c n\u0103ng ph\u00f2ng gym.\n<\/p>\n<p>\n V\u1edbi s\u1ef1 ph\u00e1t tri\u1ec3n c\u1ee7a c\u00f4ng ngh\u1ec7, vi\u1ec7c c\u00f3 m\u1ed9t website chuy\u00ean nghi\u1ec7p l\u00e0 c\u1ef1c k\u1ef3 quan tr\u1ecdng \u0111\u1ec3 gi\u1edbi thi\u1ec7u s\u1ea3n ph\u1ea9m c\u1ee7a b\u1ea1n \u0111\u1ebfn v\u1edbi kh\u00e1ch h\u00e0ng. V\u00e0 ch\u00ednh v\u00ec v\u1eady, ch\u00fang t\u00f4i \u0111\u00e3 t\u1ea1o ra d\u1ecbch v\u1ee5 Thi\u1ebft k\u1ebf website Theme wopress b\u00e1n th\u1ef1c ph\u1ea9m ch\u1ee9c n\u0103ng ph\u00f2ng gym v\u1edbi nh\u1eefng t\u00ednh n\u0103ng \u0111\u1eb7c bi\u1ec7t \u0111\u1ec3 gi\u00fap b\u1ea1n thu h\u00fat v\u00e0 gi\u1eef ch\u00e2n kh\u00e1ch h\u00e0ng.\n<\/p>\n<p>\n V\u1edbi giao di\u1ec7n \u0111\u01b0\u1ee3c thi\u1ebft k\u1ebf \u0111\u1eb9p m\u1eaft, chuy\u00ean nghi\u1ec7p v\u00e0 d\u1ec5 s\u1eed d\u1ee5ng, website c\u1ee7a b\u1ea1n s\u1ebd tr\u1edf n\u00ean thu h\u00fat ngay t\u1eeb c\u00e1i nh\u00ecn \u0111\u1ea7u ti\u00ean. B\u00ean c\u1ea1nh \u0111\u00f3, giao di\u1ec7n n\u00e0y c\u0169ng \u0111\u01b0\u1ee3c t\u1ed1i \u01b0u h\u00f3a \u0111\u1ec3 t\u01b0\u01a1ng th\u00edch tr\u00ean m\u1ecdi thi\u1ebft b\u1ecb, t\u1eeb m\u00e1y t\u00ednh \u0111\u1ec3 b\u00e0n \u0111\u1ebfn \u0111i\u1ec7n tho\u1ea1i di \u0111\u1ed9ng, gi\u00fap kh\u00e1ch h\u00e0ng d\u1ec5 d\u00e0ng truy c\u1eadp v\u00e0 mua h\u00e0ng tr\u00ean website c\u1ee7a b\u1ea1n.\n<\/p>\n<p>\n M\u00e3 ngu\u1ed3n WordPress v\u1edbi Theme Flatsome v\u00e0 UX Builder \u0111\u01b0\u1ee3c s\u1eed d\u1ee5ng trong vi\u1ec7c thi\u1ebft k\u1ebf website, gi\u00fap cho vi\u1ec7c t\u00f9y bi\u1ebfn n\u1ed9i dung tr\u1edf n\u00ean d\u1ec5 d\u00e0ng v\u00e0 linh ho\u1ea1t. B\u1ea1n c\u00f3 th\u1ec3 thay \u0111\u1ed5i giao di\u1ec7n, th\u00eam b\u1edbt c\u00e1c t\u00ednh n\u0103ng m\u1ed9t c\u00e1ch nhanh ch\u00f3ng v\u00e0 d\u1ec5 d\u00e0ng theo \u00fd mu\u1ed1n c\u1ee7a m\u00ecnh.\n<\/p>\n<p>\n \u0110\u1eb7c bi\u1ec7t, website \u0111\u01b0\u1ee3c thi\u1ebft k\u1ebf b\u1eb1ng m\u00e3 ngu\u1ed3n WordPress c\u00f2n c\u00f3 t\u1ed1c \u0111\u1ed9 t\u1ea3i trang nhanh, gi\u00fap cho kh\u00e1ch h\u00e0ng c\u00f3 tr\u1ea3i nghi\u1ec7m mua h\u00e0ng t\u1ed1t h\u01a1n v\u00e0 gi\u1ea3m thi\u1ec3u t\u1ef7 l\u1ec7 tho\u00e1t trang.\n<\/p>\n<p>\n Ch\u00fang t\u00f4i l\u00e0 \u0111\u01a1n v\u1ecb thi\u1ebft k\u1ebf website LADIGI (LADIGI Agency) v\u1edbi h\u01a1n 10 n\u0103m kinh nghi\u1ec7m trong l\u0129nh v\u1ef1c thi\u1ebft k\u1ebf website v\u00e0 marketing online. Ch\u00fang t\u00f4i cam k\u1ebft mang \u0111\u1ebfn cho b\u1ea1n m\u1ed9t website chuy\u00ean nghi\u1ec7p, hi\u1ec7u qu\u1ea3 v\u00e0 ho\u00e0n to\u00e0n \u0111\u00e1p \u1ee9ng \u0111\u01b0\u1ee3c m\u1ee5c ti\u00eau kinh doanh c\u1ee7a b\u1ea1n.\n<\/p>\n<p>\n V\u1edbi d\u1ecbch v\u1ee5 thi\u1ebft k\u1ebf web tr\u1ecdn g\u00f3i uy t\u00edn c\u1ee7a LADIGI, b\u1ea1n s\u1ebd \u0111\u01b0\u1ee3c h\u01b0\u1edfng c\u00e1c d\u1ecbch v\u1ee5 bao g\u1ed3m: t\u01b0 v\u1ea5n thi\u1ebft k\u1ebf, t\u1ed1i \u01b0u h\u00f3a website, qu\u1ea3n l\u00fd n\u1ed9i dung v\u00e0 h\u1ed7 tr\u1ee3 k\u1ef9 thu\u1eadt sau khi ho\u00e0n th\u00e0nh. Ch\u00fang t\u00f4i cam k\u1ebft mang \u0111\u1ebfn cho b\u1ea1n m\u1ed9t trang web chuy\u00ean nghi\u1ec7p v\u00e0 ho\u00e0n to\u00e0n \u0111\u00e1p \u1ee9ng \u0111\u01b0\u1ee3c m\u1ee5c ti\u00eau kinh doanh c\u1ee7a b\u1ea1n.\n<\/p>\n<p>\n H\u00e3y \u0111\u1ec3 ch\u00fang t\u00f4i gi\u00fap b\u1ea1n ti\u1ebfp c\u1eadn kh\u00e1ch h\u00e0ng m\u1ed9t c\u00e1ch hi\u1ec7u qu\u1ea3 v\u1edbi d\u1ecbch v\u1ee5 Thi\u1ebft k\u1ebf website Theme wopress b\u00e1n th\u1ef1c ph\u1ea9m ch\u1ee9c n\u0103ng ph\u00f2ng gym. Li\u00ean h\u1ec7 ngay v\u1edbi ch\u00fang t\u00f4i \u0111\u1ec3 \u0111\u01b0\u1ee3c t\u01b0 v\u1ea5n v\u00e0 b\u00e1o gi\u00e1 chi ti\u1ebft.\n<\/p>\n<p>\n <a href=\"https:\/\/ladigi.vn\/thiet-ke-website\/\"><br \/>\n  D\u1ecbch v\u1ee5 thi\u1ebft k\u1ebf web tr\u1ecdn g\u00f3i uy t\u00edn LADIGI<br \/>\n <\/a><br \/>\n &#8211; \u0110\u1ed3ng h\u00e0nh c\u00f9ng b\u1ea1n tr\u00ean con \u0111\u01b0\u1eddng kinh doanh th\u00e0nh c\u00f4ng!<\/p>\n","protected":false},"excerpt":{"rendered":"<p>D\u1ecbch v\u1ee5 Thi\u1ebft k\u1ebf website Theme wopress b\u00e1n th\u1ef1c ph\u1ea9m ch\u1ee9c n\u0103ng ph\u00f2ng gym l\u00e0 s\u1ef1 l\u1ef1a ch\u1ecdn ho\u00e0n h\u1ea3o cho c\u00e1c doanh nghi\u1ec7p trong l\u0129nh v\u1ef1c th\u1ec3 d\u1ee5c th\u1ec3 thao. V\u1edbi giao di\u1ec7n \u0111\u1eb9p m\u1eaft, chuy\u00ean nghi\u1ec7p v\u00e0 d\u1ec5 s\u1eed d\u1ee5ng, website s\u1ebd gi\u00fap kh\u00e1ch h\u00e0ng d\u1ec5 d\u00e0ng t\u00ecm ki\u1ebfm v\u00e0 mua s\u1eafm c\u00e1c s\u1ea3n ph\u1ea9m th\u1ef1c ph\u1ea9m ch\u1ee9c n\u0103ng ph\u00f2ng gym. \u0110\u1eb7c bi\u1ec7t, website \u0111\u01b0\u1ee3c thi\u1ebft k\u1ebf t\u01b0\u01a1ng th\u00edch tr\u00ean m\u1ecdi thi\u1ebft b\u1ecb v\u00e0 s\u1eed d\u1ee5ng m\u00e3 ngu\u1ed3n Wordpress v\u1edbi Theme Flatsome v\u00e0 UX Builder, gi\u00fap d\u1ec5 d\u00e0ng t\u00f9y bi\u1ebfn theo nhu c\u1ea7u c\u1ee7a doanh nghi\u1ec7p. T\u1ed1c \u0111\u1ed9 t\u1ea3i trang nhanh c\u0169ng l\u00e0 \u0111i\u1ec3m c\u1ed9ng gi\u00fap kh\u00e1ch h\u00e0ng tr\u1ea3i nghi\u1ec7m mua s\u1eafm m\u1ed9t c\u00e1ch thu\u1eadn ti\u1ec7n v\u00e0 nhanh ch\u00f3ng.<\/p>\n","protected":false},"featured_media":9461,"comment_status":"open","ping_status":"closed","template":"","meta":[],"product_cat":[16],"product_tag":[],"class_list":{"0":"post-9460","1":"product","2":"type-product","3":"status-publish","4":"has-post-thumbnail","6":"product_cat-tat-ca","8":"first","9":"instock","10":"shipping-taxable","11":"product-type-external"},"_links":{"self":[{"href":"https:\/\/ladigi.vn\/thiet-ke-website\/wp-json\/wp\/v2\/product\/9460","targetHints":{"allow":["GET"]}}],"collection":[{"href":"https:\/\/ladigi.vn\/thiet-ke-website\/wp-json\/wp\/v2\/product"}],"about":[{"href":"https:\/\/ladigi.vn\/thiet-ke-website\/wp-json\/wp\/v2\/types\/product"}],"replies":[{"embeddable":true,"href":"https:\/\/ladigi.vn\/thiet-ke-website\/wp-json\/wp\/v2\/comments?post=9460"}],"wp:featuredmedia":[{"embeddable":true,"href":"https:\/\/ladigi.vn\/thiet-ke-website\/wp-json\/wp\/v2\/media\/9461"}],"wp:attachment":[{"href":"https:\/\/ladigi.vn\/thiet-ke-website\/wp-json\/wp\/v2\/media?parent=9460"}],"wp:term":[{"taxonomy":"product_cat","embeddable":true,"href":"https:\/\/ladigi.vn\/thiet-ke-website\/wp-json\/wp\/v2\/product_cat?post=9460"},{"taxonomy":"product_tag","embeddable":true,"href":"https:\/\/ladigi.vn\/thiet-ke-website\/wp-json\/wp\/v2\/product_tag?post=9460"}],"curies":[{"name":"wp","href":"https:\/\/api.w.org\/{rel}","templated":true}]}}