{"id":9468,"date":"2025-01-10T18:19:07","date_gmt":"2025-01-10T11:19:07","guid":{"rendered":"https:\/\/ladigi.vn\/thiet-ke-website\/?post_type=product&#038;p=9468"},"modified":"2025-01-10T18:21:10","modified_gmt":"2025-01-10T11:21:10","slug":"theme-wordpress-ban-giay-nu-01","status":"publish","type":"product","link":"https:\/\/ladigi.vn\/thiet-ke-website\/mau-web\/theme-wordpress-ban-giay-nu-01\/","title":{"rendered":"Shop b\u00e1n gi\u00e0y n\u1eef"},"content":{"rendered":"<p>\n <strong><br \/>\n  D\u1ecaCH V\u1ee4 THI\u1ebeT K\u1ebe WEBSITE THEME WORDPRESS B\u00c1N GI\u00c0Y N\u1eee 01<br \/>\n <\/strong>\n<\/p>\n<p>\n B\u1ea1n \u0111ang c\u00f3 kinh doanh b\u00e1n gi\u00e0y n\u1eef v\u00e0 mu\u1ed1n t\u0103ng c\u01b0\u1eddng hi\u1ec7u qu\u1ea3 b\u00e1n h\u00e0ng tr\u1ef1c tuy\u1ebfn? B\u1ea1n \u0111ang t\u00ecm ki\u1ebfm m\u1ed9t gi\u1ea3i ph\u00e1p thi\u1ebft k\u1ebf website chuy\u00ean nghi\u1ec7p v\u00e0 d\u1ec5 s\u1eed d\u1ee5ng? H\u00e3y \u0111\u1ebfn v\u1edbi ch\u00fang t\u00f4i &#8211; LADIGI Agency, \u0111\u01a1n v\u1ecb chuy\u00ean cung c\u1ea5p d\u1ecbch v\u1ee5 thi\u1ebft k\u1ebf website tr\u00ean n\u1ec1n t\u1ea3ng WordPress v\u1edbi theme Flatsome v\u00e0 UX Builder.\n<\/p>\n<p>\n V\u1edbi s\u1ef1 ph\u00e1t tri\u1ec3n kh\u00f4ng ng\u1eebng c\u1ee7a c\u00f4ng ngh\u1ec7, vi\u1ec7c c\u00f3 m\u1ed9t giao di\u1ec7n website \u0111\u1eb9p v\u00e0 chuy\u00ean nghi\u1ec7p l\u00e0 \u0111i\u1ec1u r\u1ea5t quan tr\u1ecdng \u0111\u1ec3 thu h\u00fat kh\u00e1ch h\u00e0ng v\u00e0 t\u1ea1o d\u1ef1ng uy t\u00edn cho th\u01b0\u01a1ng hi\u1ec7u c\u1ee7a b\u1ea1n. \u0110\u1eb7c bi\u1ec7t, v\u1edbi s\u1ef1 ph\u1ed5 bi\u1ebfn c\u1ee7a c\u00e1c thi\u1ebft b\u1ecb di \u0111\u1ed9ng, website c\u1ee7a b\u1ea1n c\u1ea7n ph\u1ea3i t\u01b0\u01a1ng th\u00edch tr\u00ean m\u1ecdi lo\u1ea1i thi\u1ebft b\u1ecb \u0111\u1ec3 \u0111\u00e1p \u1ee9ng nhu c\u1ea7u c\u1ee7a ng\u01b0\u1eddi d\u00f9ng.\n<\/p>\n<p>\n V\u1edbi d\u1ecbch v\u1ee5 thi\u1ebft k\u1ebf website theme WordPress b\u00e1n gi\u00e0y n\u1eef 01 c\u1ee7a ch\u00fang t\u00f4i, b\u1ea1n s\u1ebd \u0111\u01b0\u1ee3c s\u1edf h\u1eefu m\u1ed9t giao di\u1ec7n website \u0111\u1eb9p, chuy\u00ean nghi\u1ec7p v\u00e0 t\u01b0\u01a1ng th\u00edch tr\u00ean m\u1ecdi thi\u1ebft b\u1ecb. \u0110\u1eb7c bi\u1ec7t, m\u00e3 ngu\u1ed3n WordPress v\u1edbi theme Flatsome v\u00e0 UX Builder cho ph\u00e9p t\u00f9y bi\u1ebfn d\u1ec5 d\u00e0ng theo \u00fd mu\u1ed1n c\u1ee7a b\u1ea1n, t\u1eeb vi\u1ec7c thay \u0111\u1ed5i m\u00e0u s\u1eafc, font ch\u1eef \u0111\u1ebfn c\u1ea5u tr\u00fac v\u00e0 giao di\u1ec7n c\u1ee7a trang web.\n<\/p>\n<p>\n Kh\u00f4ng ch\u1ec9 \u0111\u1eb9p m\u1eaft, website c\u1ee7a b\u1ea1n c\u1ea7n ph\u1ea3i c\u00f3 t\u1ed1c \u0111\u1ed9 t\u1ea3i trang nhanh \u0111\u1ec3 \u0111\u1ea3m b\u1ea3o tr\u1ea3i nghi\u1ec7m t\u1ed1t cho ng\u01b0\u1eddi d\u00f9ng. Ch\u00fang t\u00f4i cam k\u1ebft s\u1ebd cung c\u1ea5p cho b\u1ea1n m\u1ed9t website t\u1ed1i \u01b0u v\u1edbi t\u1ed1c \u0111\u1ed9 t\u1ea3i trang nhanh, gi\u00fap b\u1ea1n thu h\u00fat \u0111\u01b0\u1ee3c nhi\u1ec1u kh\u00e1ch h\u00e0ng h\u01a1n v\u00e0 t\u0103ng doanh thu b\u00e1n h\u00e0ng.\n<\/p>\n<p>\n LADIGI Agency l\u00e0 \u0111\u01a1n v\u1ecb c\u00f3 kinh nghi\u1ec7m v\u00e0 uy t\u00edn trong l\u0129nh v\u1ef1c thi\u1ebft k\u1ebf website. Ch\u00fang t\u00f4i lu\u00f4n cam k\u1ebft mang \u0111\u1ebfn cho kh\u00e1ch h\u00e0ng nh\u1eefng gi\u1ea3i ph\u00e1p t\u1ed1i \u01b0u v\u00e0 chuy\u00ean nghi\u1ec7p nh\u1ea5t \u0111\u1ec3 gi\u00fap b\u1ea1n ph\u00e1t tri\u1ec3n kinh doanh tr\u1ef1c tuy\u1ebfn hi\u1ec7u qu\u1ea3.\n<\/p>\n<p>\n H\u00e3y \u0111\u1ebfn v\u1edbi LADIGI Agency v\u00e0 \u0111\u0103ng k\u00fd d\u1ecbch v\u1ee5 thi\u1ebft k\u1ebf website theme WordPress b\u00e1n gi\u00e0y n\u1eef 01 ngay h\u00f4m nay \u0111\u1ec3 b\u1eaft \u0111\u1ea7u h\u00e0nh tr\u00ecnh kinh doanh tr\u1ef1c tuy\u1ebfn th\u00e0nh c\u00f4ng c\u1ee7a b\u1ea1n.\n<\/p>\n<p>\n <a href=\"https:\/\/ladigi.vn\/thiet-ke-website\/\"><br \/>\n  C\u00f4ng ty thi\u1ebft k\u1ebf web qu\u1ed1c t\u1ebf<br \/>\n <\/a><\/p>\n","protected":false},"excerpt":{"rendered":"<p>D\u1ecbch v\u1ee5 thi\u1ebft k\u1ebf website b\u00e1n gi\u00e0y n\u1eef s\u1eed d\u1ee5ng WordPress v\u1edbi theme Flatsome v\u00e0 UX Builder. Giao di\u1ec7n web \u0111\u1eb9p, chuy\u00ean nghi\u1ec7p v\u00e0 d\u1ec5 s\u1eed d\u1ee5ng, t\u01b0\u01a1ng th\u00edch tr\u00ean t\u1ea5t c\u1ea3 thi\u1ebft b\u1ecb. \u0110\u1eb7c bi\u1ec7t, t\u1ed1c \u0111\u1ed9 t\u1ea3i trang nhanh ch\u00f3ng, gi\u00fap n\u00e2ng cao tr\u1ea3i nghi\u1ec7m kh\u00e1ch h\u00e0ng v\u00e0 t\u0103ng c\u01b0\u1eddng hi\u1ec7u qu\u1ea3 kinh doanh.<\/p>\n","protected":false},"featured_media":9469,"comment_status":"open","ping_status":"closed","template":"","meta":[],"product_cat":[16],"product_tag":[],"class_list":{"0":"post-9468","1":"product","2":"type-product","3":"status-publish","4":"has-post-thumbnail","6":"product_cat-tat-ca","8":"first","9":"instock","10":"shipping-taxable","11":"product-type-external"},"_links":{"self":[{"href":"https:\/\/ladigi.vn\/thiet-ke-website\/wp-json\/wp\/v2\/product\/9468","targetHints":{"allow":["GET"]}}],"collection":[{"href":"https:\/\/ladigi.vn\/thiet-ke-website\/wp-json\/wp\/v2\/product"}],"about":[{"href":"https:\/\/ladigi.vn\/thiet-ke-website\/wp-json\/wp\/v2\/types\/product"}],"replies":[{"embeddable":true,"href":"https:\/\/ladigi.vn\/thiet-ke-website\/wp-json\/wp\/v2\/comments?post=9468"}],"wp:featuredmedia":[{"embeddable":true,"href":"https:\/\/ladigi.vn\/thiet-ke-website\/wp-json\/wp\/v2\/media\/9469"}],"wp:attachment":[{"href":"https:\/\/ladigi.vn\/thiet-ke-website\/wp-json\/wp\/v2\/media?parent=9468"}],"wp:term":[{"taxonomy":"product_cat","embeddable":true,"href":"https:\/\/ladigi.vn\/thiet-ke-website\/wp-json\/wp\/v2\/product_cat?post=9468"},{"taxonomy":"product_tag","embeddable":true,"href":"https:\/\/ladigi.vn\/thiet-ke-website\/wp-json\/wp\/v2\/product_tag?post=9468"}],"curies":[{"name":"wp","href":"https:\/\/api.w.org\/{rel}","templated":true}]}}