{"id":9474,"date":"2025-01-10T17:04:55","date_gmt":"2025-01-10T10:04:55","guid":{"rendered":"https:\/\/ladigi.vn\/thiet-ke-website\/?post_type=product&#038;p=9474"},"modified":"2025-01-10T17:06:27","modified_gmt":"2025-01-10T10:06:27","slug":"theme-wordpress-ban-dien-thoai-04","status":"publish","type":"product","link":"https:\/\/ladigi.vn\/thiet-ke-website\/mau-web\/theme-wordpress-ban-dien-thoai-04\/","title":{"rendered":"Shop b\u00e1n \u0111i\u1ec7n tho\u1ea1i"},"content":{"rendered":"<h1>\n D\u1ecbch v\u1ee5 Thi\u1ebft k\u1ebf website Theme WordPress b\u00e1n \u0111i\u1ec7n tho\u1ea1i<br \/>\n<\/h1>\n<p>\n Ch\u00e0o m\u1eebng b\u1ea1n \u0111\u1ebfn v\u1edbi d\u1ecbch v\u1ee5 thi\u1ebft k\u1ebf website chuy\u00ean nghi\u1ec7p d\u00e0nh ri\u00eang cho l\u0129nh v\u1ef1c b\u00e1n \u0111i\u1ec7n tho\u1ea1i! Ch\u00fang t\u00f4i mang \u0111\u1ebfn cho b\u1ea1n m\u1ed9t gi\u1ea3i ph\u00e1p ho\u00e0n h\u1ea3o \u0111\u1ec3 hi\u1ec7n th\u1ef1c h\u00f3a \u00fd t\u01b0\u1edfng kinh doanh c\u1ee7a m\u00ecnh.\n<\/p>\n<h2>\n Giao di\u1ec7n \u0111\u1eb9p, chuy\u00ean nghi\u1ec7p v\u00e0 d\u1ec5 s\u1eed d\u1ee5ng<br \/>\n<\/h2>\n<p>\n Website c\u1ee7a b\u1ea1n s\u1ebd \u0111\u01b0\u1ee3c thi\u1ebft k\u1ebf v\u1edbi giao di\u1ec7n \u1ea5n t\u01b0\u1ee3ng, mang t\u00ednh chuy\u00ean nghi\u1ec7p cao v\u00e0 d\u1ec5 d\u00e0ng s\u1eed d\u1ee5ng. Ch\u00fang t\u00f4i ch\u00fa tr\u1ecdng v\u00e0o vi\u1ec7c t\u1ea1o ra m\u1ed9t tr\u1ea3i nghi\u1ec7m ng\u01b0\u1eddi d\u00f9ng t\u1ed1i \u01b0u, t\u1eeb \u0111\u00f3 gi\u00fap kh\u00e1ch h\u00e0ng d\u1ec5 d\u00e0ng t\u00ecm ki\u1ebfm v\u00e0 mua s\u1eafm s\u1ea3n ph\u1ea9m c\u1ee7a b\u1ea1n.\n<\/p>\n<h2>\n T\u01b0\u01a1ng th\u00edch tr\u00ean m\u1ecdi thi\u1ebft b\u1ecb<br \/>\n<\/h2>\n<p>\n Ng\u00e0y nay, vi\u1ec7c s\u1eed d\u1ee5ng nhi\u1ec1u thi\u1ebft b\u1ecb kh\u00e1c nhau \u0111\u1ec3 truy c\u1eadp internet l\u00e0 \u0111i\u1ec1u th\u01b0\u1eddng xuy\u00ean x\u1ea3y ra. V\u1edbi d\u1ecbch v\u1ee5 thi\u1ebft k\u1ebf c\u1ee7a ch\u00fang t\u00f4i, website s\u1ebd ho\u00e0n to\u00e0n t\u01b0\u01a1ng th\u00edch tr\u00ean m\u1ecdi thi\u1ebft b\u1ecb, t\u1eeb m\u00e1y t\u00ednh \u0111\u1ec3 b\u00e0n \u0111\u1ebfn \u0111i\u1ec7n tho\u1ea1i di \u0111\u1ed9ng, \u0111\u1ea3m b\u1ea3o r\u1eb1ng kh\u00e1ch h\u00e0ng c\u00f3 th\u1ec3 d\u1ec5 d\u00e0ng truy c\u1eadp v\u00e0 tr\u1ea3i nghi\u1ec7m d\u1ecbch v\u1ee5 m\u1ecdi l\u00fac, m\u1ecdi n\u01a1i.\n<\/p>\n<h2>\n M\u00e3 ngu\u1ed3n WordPress v\u1edbi Theme Flatsome v\u00e0 UX Builder d\u1ec5 t\u00f9y bi\u1ebfn<br \/>\n<\/h2>\n<p>\n Ch\u00fang t\u00f4i s\u1eed d\u1ee5ng m\u00e3 ngu\u1ed3n WordPress k\u1ebft h\u1ee3p v\u1edbi theme Flatsome n\u1ed5i ti\u1ebfng, gi\u00fap cho vi\u1ec7c thi\u1ebft k\u1ebf v\u00e0 t\u00f9y bi\u1ebfn website tr\u1edf n\u00ean d\u1ec5 d\u00e0ng h\u01a1n bao gi\u1edd h\u1ebft. V\u1edbi UX Builder, b\u1ea1n c\u00f3 th\u1ec3 t\u1ef1 m\u00ecnh ch\u1ec9nh s\u1eeda v\u00e0 t\u1ea1o n\u00ean m\u1ed9t website ho\u00e0n to\u00e0n theo \u00fd mu\u1ed1n m\u00e0 kh\u00f4ng c\u1ea7n \u0111\u1ebfn ki\u1ebfn th\u1ee9c l\u1eadp tr\u00ecnh ph\u1ee9c t\u1ea1p.\n<\/p>\n<h2>\n T\u1ed1c \u0111\u1ed9 t\u1ea3i trang nhanh<br \/>\n<\/h2>\n<p>\n Ch\u00fang t\u00f4i hi\u1ec3u r\u1eb1ng t\u1ed1c \u0111\u1ed9 t\u1ea3i trang l\u00e0 m\u1ed9t trong nh\u1eefng y\u1ebfu t\u1ed1 quan tr\u1ecdng nh\u1ea5t \u1ea3nh h\u01b0\u1edfng \u0111\u1ebfn tr\u1ea3i nghi\u1ec7m c\u1ee7a ng\u01b0\u1eddi d\u00f9ng. V\u00ec v\u1eady, website c\u1ee7a b\u1ea1n s\u1ebd \u0111\u01b0\u1ee3c t\u1ed1i \u01b0u h\u00f3a \u0111\u1ec3 \u0111\u1ea3m b\u1ea3o t\u1ed1c \u0111\u1ed9 t\u1ea3i trang nhanh nh\u1ea5t c\u00f3 th\u1ec3, gi\u00fap gi\u1ea3m thi\u1ec3u t\u1ef7 l\u1ec7 tho\u00e1t v\u00e0 t\u1ea1o \u0111i\u1ec1u ki\u1ec7n thu\u1eadn l\u1ee3i cho vi\u1ec7c chuy\u1ec3n \u0111\u1ed5i kh\u00e1ch h\u00e0ng.\n<\/p>\n<h3>\n Gi\u1edbi thi\u1ec7u v\u1ec1 LADIGI<br \/>\n<\/h3>\n<p>\n Ch\u00fang t\u00f4i, LADIGI Agency, l\u00e0 \u0111\u01a1n v\u1ecb thi\u1ebft k\u1ebf website uy t\u00edn v\u1edbi nhi\u1ec1u n\u0103m kinh nghi\u1ec7m trong l\u0129nh v\u1ef1c thi\u1ebft k\u1ebf v\u00e0 ph\u00e1t tri\u1ec3n website. Ch\u00fang t\u00f4i cam k\u1ebft mang l\u1ea1i nh\u1eefng s\u1ea3n ph\u1ea9m ch\u1ea5t l\u01b0\u1ee3ng cao \u0111\u00e1p \u1ee9ng nguy\u1ec7n v\u1ecdng c\u1ee7a kh\u00e1ch h\u00e0ng. \u0110\u1ec3 t\u00ecm hi\u1ec3u th\u00eam v\u1ec1 d\u1ecbch v\u1ee5 c\u1ee7a ch\u00fang t\u00f4i, vui l\u00f2ng truy c\u1eadp v\u00e0o<br \/>\n <a href=\"https:\/\/ladigi.vn\/thiet-ke-website\/\"><br \/>\n  \u0110\u01a1n v\u1ecb thi\u1ebft k\u1ebf website uy t\u00edn<br \/>\n <\/a><br \/>\n .<\/p>\n","protected":false},"excerpt":{"rendered":"<p>D\u1ecbch v\u1ee5 thi\u1ebft k\u1ebf website b\u00e1n \u0111i\u1ec7n tho\u1ea1i v\u1edbi giao di\u1ec7n \u0111\u1eb9p, chuy\u00ean nghi\u1ec7p v\u00e0 th\u00e2n thi\u1ec7n, t\u01b0\u01a1ng th\u00edch m\u1ecdi thi\u1ebft b\u1ecb. S\u1eed d\u1ee5ng m\u00e3 ngu\u1ed3n WordPress c\u00f9ng theme Flatsome v\u00e0 UX Builder, d\u1ec5 d\u00e0ng t\u00f9y ch\u1ec9nh. \u0110\u1eb7c bi\u1ec7t, website c\u00f3 t\u1ed1c \u0111\u1ed9 t\u1ea3i trang nhanh, mang \u0111\u1ebfn tr\u1ea3i nghi\u1ec7m ng\u01b0\u1eddi d\u00f9ng tuy\u1ec7t v\u1eddi.<\/p>\n","protected":false},"featured_media":9475,"comment_status":"open","ping_status":"closed","template":"","meta":[],"product_cat":[16],"product_tag":[],"class_list":{"0":"post-9474","1":"product","2":"type-product","3":"status-publish","4":"has-post-thumbnail","6":"product_cat-tat-ca","8":"first","9":"instock","10":"shipping-taxable","11":"product-type-external"},"_links":{"self":[{"href":"https:\/\/ladigi.vn\/thiet-ke-website\/wp-json\/wp\/v2\/product\/9474","targetHints":{"allow":["GET"]}}],"collection":[{"href":"https:\/\/ladigi.vn\/thiet-ke-website\/wp-json\/wp\/v2\/product"}],"about":[{"href":"https:\/\/ladigi.vn\/thiet-ke-website\/wp-json\/wp\/v2\/types\/product"}],"replies":[{"embeddable":true,"href":"https:\/\/ladigi.vn\/thiet-ke-website\/wp-json\/wp\/v2\/comments?post=9474"}],"wp:featuredmedia":[{"embeddable":true,"href":"https:\/\/ladigi.vn\/thiet-ke-website\/wp-json\/wp\/v2\/media\/9475"}],"wp:attachment":[{"href":"https:\/\/ladigi.vn\/thiet-ke-website\/wp-json\/wp\/v2\/media?parent=9474"}],"wp:term":[{"taxonomy":"product_cat","embeddable":true,"href":"https:\/\/ladigi.vn\/thiet-ke-website\/wp-json\/wp\/v2\/product_cat?post=9474"},{"taxonomy":"product_tag","embeddable":true,"href":"https:\/\/ladigi.vn\/thiet-ke-website\/wp-json\/wp\/v2\/product_tag?post=9474"}],"curies":[{"name":"wp","href":"https:\/\/api.w.org\/{rel}","templated":true}]}}