{"id":9476,"date":"2025-01-10T15:58:21","date_gmt":"2025-01-10T08:58:21","guid":{"rendered":"https:\/\/ladigi.vn\/thiet-ke-website\/?post_type=product&#038;p=9476"},"modified":"2025-01-10T15:59:32","modified_gmt":"2025-01-10T08:59:32","slug":"theme-wordpress-ban-bep-tu","status":"publish","type":"product","link":"https:\/\/ladigi.vn\/thiet-ke-website\/mau-web\/theme-wordpress-ban-bep-tu\/","title":{"rendered":"Shop b\u00e1n b\u1ebfp t\u1eeb"},"content":{"rendered":"<h1>\n D\u1ecbch v\u1ee5 Thi\u1ebft k\u1ebf website Theme WordPress b\u00e1n b\u1ebfp t\u1eeb<br \/>\n<\/h1>\n<p>\n Ch\u00e0o m\u1eebng b\u1ea1n \u0111\u1ebfn v\u1edbi d\u1ecbch v\u1ee5 thi\u1ebft k\u1ebf website chuy\u00ean nghi\u1ec7p d\u00e0nh cho c\u1eeda h\u00e0ng b\u00e1n b\u1ebfp t\u1eeb! Ch\u00fang t\u00f4i t\u1ef1 h\u00e0o mang \u0111\u1ebfn cho b\u1ea1n m\u1ed9t gi\u1ea3i ph\u00e1p thi\u1ebft k\u1ebf website ho\u00e0n h\u1ea3o, gi\u00fap b\u1ea1n n\u00e2ng cao tr\u1ea3i nghi\u1ec7m mua s\u1eafm v\u00e0 t\u0103ng tr\u01b0\u1edfng doanh thu.\n<\/p>\n<h2>\n Giao di\u1ec7n \u0111\u1eb9p, chuy\u00ean nghi\u1ec7p v\u00e0 d\u1ec5 s\u1eed d\u1ee5ng<br \/>\n<\/h2>\n<p>\n Website c\u1ee7a b\u1ea1n s\u1ebd \u0111\u01b0\u1ee3c thi\u1ebft k\u1ebf v\u1edbi giao di\u1ec7n hi\u1ec7n \u0111\u1ea1i, chuy\u00ean nghi\u1ec7p v\u00e0 d\u1ec5 d\u00e0ng s\u1eed d\u1ee5ng. Ch\u00fang t\u00f4i hi\u1ec3u r\u1eb1ng m\u1ed9t giao di\u1ec7n h\u1ea5p d\u1eabn s\u1ebd thu h\u00fat kh\u00e1ch h\u00e0ng v\u00e0 t\u1ea1o c\u1ea3m gi\u00e1c tin t\u01b0\u1edfng, t\u1eeb \u0111\u00f3 th\u00fac \u0111\u1ea9y doanh s\u1ed1 b\u00e1n h\u00e0ng.\n<\/p>\n<h2>\n T\u01b0\u01a1ng th\u00edch tr\u00ean m\u1ecdi thi\u1ebft b\u1ecb<br \/>\n<\/h2>\n<p>\n Ch\u00fang t\u00f4i cam k\u1ebft r\u1eb1ng website c\u1ee7a b\u1ea1n s\u1ebd ho\u1ea1t \u0111\u1ed9ng ho\u00e0n h\u1ea3o tr\u00ean t\u1ea5t c\u1ea3 c\u00e1c thi\u1ebft b\u1ecb, t\u1eeb m\u00e1y t\u00ednh \u0111\u1ec3 b\u00e0n cho \u0111\u1ebfn \u0111i\u1ec7n tho\u1ea1i th\u00f4ng minh. V\u1edbi thi\u1ebft k\u1ebf responsive, b\u1ea1n s\u1ebd kh\u00f4ng ph\u1ea3i lo l\u1eafng v\u1ec1 vi\u1ec7c kh\u00e1ch h\u00e0ng truy c\u1eadp website c\u1ee7a b\u1ea1n t\u1eeb \u0111\u00e2u, h\u1ecd v\u1eabn s\u1ebd c\u00f3 m\u1ed9t tr\u1ea3i nghi\u1ec7m m\u01b0\u1ee3t m\u00e0 v\u00e0 nh\u1ea5t qu\u00e1n.\n<\/p>\n<h2>\n M\u00e3 ngu\u1ed3n WordPress v\u1edbi Theme Flatsome v\u00e0 UX Builder d\u1ec5 t\u00f9y bi\u1ebfn<br \/>\n<\/h2>\n<p>\n S\u1eed d\u1ee5ng m\u00e3 ngu\u1ed3n WordPress k\u1ebft h\u1ee3p v\u1edbi theme Flatsome v\u00e0 plugin UX Builder, b\u1ea1n s\u1ebd c\u00f3 m\u1ed9t trang web d\u1ec5 d\u00e0ng t\u00f9y ch\u1ec9nh theo \u00fd mu\u1ed1n. Kh\u00f4ng c\u1ea7n ph\u1ea3i l\u00e0 chuy\u00ean gia v\u1ec1 c\u00f4ng ngh\u1ec7, b\u1ea1n v\u1eabn c\u00f3 th\u1ec3 th\u00eam, s\u1eeda \u0111\u1ed5i n\u1ed9i dung v\u00e0 h\u00ecnh \u1ea3nh m\u1ed9t c\u00e1ch linh ho\u1ea1t \u0111\u1ec3 ph\u00f9 h\u1ee3p v\u1edbi nhu c\u1ea7u kinh doanh c\u1ee7a m\u00ecnh.\n<\/p>\n<h2>\n T\u1ed1c \u0111\u1ed9 t\u1ea3i trang nhanh<br \/>\n<\/h2>\n<p>\n \u0110\u1ec3 \u0111\u1ea3m b\u1ea3o kh\u00e1ch h\u00e0ng kh\u00f4ng ph\u1ea3i ch\u1edd \u0111\u1ee3i, ch\u00fang t\u00f4i t\u1ed1i \u01b0u h\u00f3a t\u1ed1c \u0111\u1ed9 t\u1ea3i trang, gi\u00fap ng\u01b0\u1eddi d\u00f9ng c\u00f3 th\u1ec3 truy c\u1eadp th\u00f4ng tin nhanh ch\u00f3ng m\u00e0 kh\u00f4ng g\u1eb7p ph\u1ea3i tr\u1edf ng\u1ea1i. M\u1ed9t website ch\u1ea1y nhanh kh\u00f4ng ch\u1ec9 c\u1ea3i thi\u1ec7n tr\u1ea3i nghi\u1ec7m ng\u01b0\u1eddi d\u00f9ng m\u00e0 c\u00f2n t\u00e1c \u0111\u1ed9ng t\u00edch c\u1ef1c \u0111\u1ebfn th\u1ee9 h\u1ea1ng SEO c\u1ee7a b\u1ea1n.\n<\/p>\n<hr\/>\n<p>\n H\u00e3y \u0111\u1ec3 LADIGI Agency \u0111\u1ed3ng h\u00e0nh c\u00f9ng b\u1ea1n trong vi\u1ec7c thi\u1ebft k\u1ebf website b\u00e1n b\u1ebfp t\u1eeb chuy\u00ean nghi\u1ec7p v\u00e0 hi\u1ec7u qu\u1ea3. V\u1edbi kinh nghi\u1ec7m d\u00e0y d\u1ea1n v\u00e0 \u0111\u1ed9i ng\u0169 s\u00e1ng t\u1ea1o, ch\u00fang t\u00f4i s\u1eb5n s\u00e0ng mang \u0111\u1ebfn cho b\u1ea1n nh\u1eefng s\u1ea3n ph\u1ea9m t\u1ed1t nh\u1ea5t.\n<\/p>\n<p>\n Cho th\u00eam chi ti\u1ebft v\u1ec1 d\u1ecbch v\u1ee5 c\u1ee7a ch\u00fang t\u00f4i t\u1ea1i \u0111\u00e2y:<br \/>\n <a href=\"https:\/\/ladigi.vn\/thiet-ke-website\/\"><br \/>\n  C\u00f4ng ty l\u1eadp tr\u00ecnh website<br \/>\n <\/a><br \/>\n .<\/p>\n","protected":false},"excerpt":{"rendered":"<p>D\u1ecbch v\u1ee5 thi\u1ebft k\u1ebf website b\u00e1n b\u1ebfp t\u1eeb s\u1eed d\u1ee5ng theme Wordpress chuy\u00ean nghi\u1ec7p v\u1edbi giao di\u1ec7n \u0111\u1eb9p m\u1eaft, d\u1ec5 s\u1eed d\u1ee5ng. T\u01b0\u01a1ng th\u00edch tr\u00ean m\u1ecdi thi\u1ebft b\u1ecb, m\u00e3 ngu\u1ed3n linh ho\u1ea1t v\u1edbi Theme Flatsome v\u00e0 UX Builder, cho ph\u00e9p t\u00f9y bi\u1ebfn d\u1ec5 d\u00e0ng. \u0110\u1eb7c bi\u1ec7t, trang web c\u00f3 t\u1ed1c \u0111\u1ed9 t\u1ea3i nhanh, n\u00e2ng cao tr\u1ea3i nghi\u1ec7m ng\u01b0\u1eddi d\u00f9ng.<\/p>\n","protected":false},"featured_media":9477,"comment_status":"open","ping_status":"closed","template":"","meta":[],"product_cat":[16],"product_tag":[],"class_list":{"0":"post-9476","1":"product","2":"type-product","3":"status-publish","4":"has-post-thumbnail","6":"product_cat-tat-ca","8":"first","9":"instock","10":"shipping-taxable","11":"product-type-external"},"_links":{"self":[{"href":"https:\/\/ladigi.vn\/thiet-ke-website\/wp-json\/wp\/v2\/product\/9476","targetHints":{"allow":["GET"]}}],"collection":[{"href":"https:\/\/ladigi.vn\/thiet-ke-website\/wp-json\/wp\/v2\/product"}],"about":[{"href":"https:\/\/ladigi.vn\/thiet-ke-website\/wp-json\/wp\/v2\/types\/product"}],"replies":[{"embeddable":true,"href":"https:\/\/ladigi.vn\/thiet-ke-website\/wp-json\/wp\/v2\/comments?post=9476"}],"wp:featuredmedia":[{"embeddable":true,"href":"https:\/\/ladigi.vn\/thiet-ke-website\/wp-json\/wp\/v2\/media\/9477"}],"wp:attachment":[{"href":"https:\/\/ladigi.vn\/thiet-ke-website\/wp-json\/wp\/v2\/media?parent=9476"}],"wp:term":[{"taxonomy":"product_cat","embeddable":true,"href":"https:\/\/ladigi.vn\/thiet-ke-website\/wp-json\/wp\/v2\/product_cat?post=9476"},{"taxonomy":"product_tag","embeddable":true,"href":"https:\/\/ladigi.vn\/thiet-ke-website\/wp-json\/wp\/v2\/product_tag?post=9476"}],"curies":[{"name":"wp","href":"https:\/\/api.w.org\/{rel}","templated":true}]}}