{"id":9504,"date":"2025-01-12T12:46:19","date_gmt":"2025-01-12T05:46:19","guid":{"rendered":"https:\/\/ladigi.vn\/thiet-ke-website\/?post_type=product&#038;p=9504"},"modified":"2025-01-12T19:34:39","modified_gmt":"2025-01-12T12:34:39","slug":"theme-wordpress-me-va-be","status":"publish","type":"product","link":"https:\/\/ladigi.vn\/thiet-ke-website\/mau-web\/theme-wordpress-me-va-be\/","title":{"rendered":"M\u1eb9 v\u00e0 b\u00e9"},"content":{"rendered":"<h1>\n Thi\u1ebft k\u1ebf website Theme WordPress m\u1eb9 v\u00e0 b\u00e9 t\u1ea1i LADIGI Agency<br \/>\n<\/h1>\n<p>\n B\u1ea1n \u0111ang t\u00ecm ki\u1ebfm m\u1ed9t giao di\u1ec7n website chuy\u00ean v\u1ec1 m\u1eb9 v\u00e0 b\u00e9 \u0111\u1ec3 gi\u1edbi thi\u1ec7u s\u1ea3n ph\u1ea9m v\u00e0 d\u1ecbch v\u1ee5 c\u1ee7a m\u00ecnh? B\u1ea1n mu\u1ed1n c\u00f3 m\u1ed9t trang web \u0111\u1eb9p, chuy\u00ean nghi\u1ec7p v\u00e0 d\u1ec5 s\u1eed d\u1ee5ng \u0111\u1ec3 thu h\u00fat kh\u00e1ch h\u00e0ng? H\u00e3y \u0111\u1ebfn v\u1edbi LADIGI Agency &#8211; \u0111\u01a1n v\u1ecb thi\u1ebft k\u1ebf website chuy\u00ean nghi\u1ec7p v\u1edbi nhi\u1ec1u n\u0103m kinh nghi\u1ec7m trong l\u0129nh v\u1ef1c n\u00e0y.\n<\/p>\n<p>\n V\u1edbi s\u1ef1 ph\u00e1t tri\u1ec3n c\u1ee7a c\u00f4ng ngh\u1ec7, vi\u1ec7c c\u00f3 m\u1ed9t website ch\u1ea5t l\u01b0\u1ee3ng l\u00e0 \u0111i\u1ec1u c\u1ea7n thi\u1ebft \u0111\u1ec3 kinh doanh th\u00e0nh c\u00f4ng. \u0110\u1eb7c bi\u1ec7t, trong l\u0129nh v\u1ef1c m\u1eb9 v\u00e0 b\u00e9, vi\u1ec7c t\u1ea1o d\u1ef1ng m\u1ed9t h\u00ecnh \u1ea3nh \u0111\u1eb9p v\u00e0 uy t\u00edn l\u00e0 y\u1ebfu t\u1ed1 quan tr\u1ecdng \u0111\u1ec3 thu h\u00fat kh\u00e1ch h\u00e0ng. V\u00ec v\u1eady, vi\u1ec7c l\u1ef1a ch\u1ecdn m\u1ed9t giao di\u1ec7n website \u0111\u1eb9p v\u00e0 chuy\u00ean nghi\u1ec7p l\u00e0 \u0111i\u1ec1u c\u1ea7n thi\u1ebft.\n<\/p>\n<p>\n T\u1ea1i LADIGI Agency, ch\u00fang t\u00f4i cung c\u1ea5p d\u1ecbch v\u1ee5 thi\u1ebft k\u1ebf website Theme WordPress m\u1eb9 v\u00e0 b\u00e9 v\u1edbi nhi\u1ec1u t\u00ednh n\u0103ng n\u1ed5i b\u1eadt:\n<\/p>\n<h2>\n Giao di\u1ec7n web \u0111\u01b0\u1ee3c thi\u1ebft k\u1ebf \u0111\u1eb9p, chuy\u00ean nghi\u1ec7p, d\u1ec5 s\u1eed d\u1ee5ng<br \/>\n<\/h2>\n<p>\n Ch\u00fang t\u00f4i cam k\u1ebft mang \u0111\u1ebfn cho b\u1ea1n m\u1ed9t giao di\u1ec7n website \u0111\u1eb9p v\u00e0 chuy\u00ean nghi\u1ec7p \u0111\u1ec3 th\u1ec3 hi\u1ec7n \u0111\u00fang th\u01b0\u01a1ng hi\u1ec7u v\u00e0 s\u1ea3n ph\u1ea9m c\u1ee7a b\u1ea1n. V\u1edbi s\u1ef1 k\u1ebft h\u1ee3p gi\u1eefa m\u00e0u s\u1eafc, h\u00ecnh \u1ea3nh v\u00e0 n\u1ed9i dung, ch\u00fang t\u00f4i s\u1ebd t\u1ea1o ra m\u1ed9t trang web \u1ea5n t\u01b0\u1ee3ng v\u00e0 d\u1ec5 nh\u00ecn.\n<\/p>\n<h2>\n T\u01b0\u01a1ng th\u00edch tr\u00ean m\u1ecdi thi\u1ebft b\u1ecb<br \/>\n<\/h2>\n<p>\n V\u1edbi s\u1ef1 ph\u00e1t tri\u1ec3n c\u1ee7a smartphone v\u00e0 tablet, vi\u1ec7c c\u00f3 m\u1ed9t website t\u01b0\u01a1ng th\u00edch tr\u00ean m\u1ecdi thi\u1ebft b\u1ecb l\u00e0 \u0111i\u1ec1u c\u1ea7n thi\u1ebft. Ch\u00fang t\u00f4i s\u1ebd thi\u1ebft k\u1ebf website c\u1ee7a b\u1ea1n \u0111\u1ec3 hi\u1ec3n th\u1ecb t\u1ed1t tr\u00ean m\u1ecdi k\u00edch th\u01b0\u1edbc m\u00e0n h\u00ecnh, gi\u00fap kh\u00e1ch h\u00e0ng d\u1ec5 d\u00e0ng truy c\u1eadp v\u00e0 tr\u1ea3i nghi\u1ec7m s\u1ea3n ph\u1ea9m c\u1ee7a b\u1ea1n.\n<\/p>\n<h2>\n M\u00e3 ngu\u1ed3n WordPress v\u1edbi Theme Flatsome v\u00e0 UX Builder d\u1ec5 t\u00f9y bi\u1ebfn<br \/>\n<\/h2>\n<p>\n Ch\u00fang t\u00f4i s\u1eed d\u1ee5ng m\u00e3 ngu\u1ed3n WordPress v\u1edbi Theme Flatsome v\u00e0 UX Builder \u0111\u1ec3 thi\u1ebft k\u1ebf website cho b\u1ea1n. \u0110\u00e2y l\u00e0 hai c\u00f4ng c\u1ee5 m\u1ea1nh m\u1ebd v\u00e0 d\u1ec5 s\u1eed d\u1ee5ng, gi\u00fap b\u1ea1n t\u00f9y bi\u1ebfn giao di\u1ec7n v\u00e0 n\u1ed9i dung trang web m\u1ed9t c\u00e1ch d\u1ec5 d\u00e0ng v\u00e0 linh ho\u1ea1t.\n<\/p>\n<h2>\n T\u1ed1c \u0111\u1ed9 t\u1ea3i trang nhanh<br \/>\n<\/h2>\n<p>\n Ch\u00fang t\u00f4i lu\u00f4n quan t\u00e2m \u0111\u1ebfn tr\u1ea3i nghi\u1ec7m c\u1ee7a kh\u00e1ch h\u00e0ng khi truy c\u1eadp website. V\u00ec v\u1eady, ch\u00fang t\u00f4i s\u1ebd t\u1ed1i \u01b0u h\u00f3a t\u1ed1c \u0111\u1ed9 t\u1ea3i trang \u0111\u1ec3 \u0111\u1ea3m b\u1ea3o website c\u1ee7a b\u1ea1n lu\u00f4n ho\u1ea1t \u0111\u1ed9ng m\u01b0\u1ee3t m\u00e0 v\u00e0 nhanh ch\u00f3ng.\n<\/p>\n<p>\n V\u1edbi nh\u1eefng t\u00ednh n\u0103ng n\u1ed5i b\u1eadt tr\u00ean, ch\u00fang t\u00f4i tin r\u1eb1ng d\u1ecbch v\u1ee5 thi\u1ebft k\u1ebf website Theme WordPress m\u1eb9 v\u00e0 b\u00e9 t\u1ea1i LADIGI Agency s\u1ebd l\u00e0 l\u1ef1a ch\u1ecdn ho\u00e0n h\u1ea3o cho b\u1ea1n.\n<\/p>\n<p>\n H\u00e3y \u0111\u1ebfn v\u1edbi ch\u00fang t\u00f4i \u0111\u1ec3 \u0111\u01b0\u1ee3c t\u01b0 v\u1ea5n v\u00e0 thi\u1ebft k\u1ebf m\u1ed9t website chuy\u00ean nghi\u1ec7p, \u0111\u1eb9p v\u00e0 hi\u1ec7u qu\u1ea3 cho b\u1ea1n.\n<\/p>\n<p>\n <a href=\"https:\/\/ladigi.vn\/thiet-ke-website\/\"><br \/>\n  Thi\u1ebft k\u1ebf giao di\u1ec7n website LADIGI<br \/>\n <\/a><br \/>\n &#8211; \u0111\u1ec3 kh\u00e1ch h\u00e0ng c\u1ee7a b\u1ea1n c\u00f3 tr\u1ea3i nghi\u1ec7m tuy\u1ec7t v\u1eddi khi truy c\u1eadp website c\u1ee7a b\u1ea1n. H\u00e3y li\u00ean h\u1ec7 v\u1edbi ch\u00fang t\u00f4i ngay h\u00f4m nay \u0111\u1ec3 b\u1eaft \u0111\u1ea7u!<\/p>\n","protected":false},"excerpt":{"rendered":"<p>D\u1ecbch v\u1ee5 Thi\u1ebft k\u1ebf website Theme WordPress m\u1eb9 v\u00e0 b\u00e9 l\u00e0 gi\u1ea3i ph\u00e1p ho\u00e0n h\u1ea3o cho c\u00e1c doanh nghi\u1ec7p kinh doanh trong l\u0129nh v\u1ef1c m\u1eb9 v\u00e0 b\u00e9. V\u1edbi giao di\u1ec7n \u0111\u1eb9p, chuy\u00ean nghi\u1ec7p v\u00e0 d\u1ec5 s\u1eed d\u1ee5ng, website s\u1ebd thu h\u00fat kh\u00e1ch h\u00e0ng v\u00e0 gi\u00fap t\u0103ng doanh thu. B\u00ean c\u1ea1nh \u0111\u00f3, giao di\u1ec7n c\u00f2n t\u01b0\u01a1ng th\u00edch tr\u00ean m\u1ecdi thi\u1ebft b\u1ecb, \u0111\u1ea3m b\u1ea3o kh\u00e1ch h\u00e0ng c\u00f3 tr\u1ea3i nghi\u1ec7m t\u1ed1t nh\u1ea5t. S\u1eed d\u1ee5ng m\u00e3 ngu\u1ed3n Wordpress v\u1edbi Theme Flatsome v\u00e0 UX Builder, vi\u1ec7c t\u00f9y bi\u1ebfn tr\u1edf n\u00ean d\u1ec5 d\u00e0ng v\u00e0 t\u1ed1c \u0111\u1ed9 t\u1ea3i trang nhanh s\u1ebd gi\u00fap website c\u1ee7a b\u1ea1n lu\u00f4n \u0111\u01b0\u1ee3c \u0111\u00e1nh gi\u00e1 cao v\u1ec1 hi\u1ec7u su\u1ea5t v\u00e0 tr\u1ea3i nghi\u1ec7m ng\u01b0\u1eddi d\u00f9ng.<\/p>\n","protected":false},"featured_media":9505,"comment_status":"open","ping_status":"closed","template":"","meta":[],"product_cat":[16],"product_tag":[],"class_list":{"0":"post-9504","1":"product","2":"type-product","3":"status-publish","4":"has-post-thumbnail","6":"product_cat-tat-ca","8":"first","9":"instock","10":"shipping-taxable","11":"product-type-external"},"_links":{"self":[{"href":"https:\/\/ladigi.vn\/thiet-ke-website\/wp-json\/wp\/v2\/product\/9504","targetHints":{"allow":["GET"]}}],"collection":[{"href":"https:\/\/ladigi.vn\/thiet-ke-website\/wp-json\/wp\/v2\/product"}],"about":[{"href":"https:\/\/ladigi.vn\/thiet-ke-website\/wp-json\/wp\/v2\/types\/product"}],"replies":[{"embeddable":true,"href":"https:\/\/ladigi.vn\/thiet-ke-website\/wp-json\/wp\/v2\/comments?post=9504"}],"wp:featuredmedia":[{"embeddable":true,"href":"https:\/\/ladigi.vn\/thiet-ke-website\/wp-json\/wp\/v2\/media\/9505"}],"wp:attachment":[{"href":"https:\/\/ladigi.vn\/thiet-ke-website\/wp-json\/wp\/v2\/media?parent=9504"}],"wp:term":[{"taxonomy":"product_cat","embeddable":true,"href":"https:\/\/ladigi.vn\/thiet-ke-website\/wp-json\/wp\/v2\/product_cat?post=9504"},{"taxonomy":"product_tag","embeddable":true,"href":"https:\/\/ladigi.vn\/thiet-ke-website\/wp-json\/wp\/v2\/product_tag?post=9504"}],"curies":[{"name":"wp","href":"https:\/\/api.w.org\/{rel}","templated":true}]}}