{"id":9516,"date":"2025-01-11T19:47:53","date_gmt":"2025-01-11T12:47:53","guid":{"rendered":"https:\/\/ladigi.vn\/thiet-ke-website\/?post_type=product&#038;p=9516"},"modified":"2025-01-12T06:29:00","modified_gmt":"2025-01-11T23:29:00","slug":"theme-wordpress-flatsome-ban-ghe-matxa","status":"publish","type":"product","link":"https:\/\/ladigi.vn\/thiet-ke-website\/mau-web\/theme-wordpress-flatsome-ban-ghe-matxa\/","title":{"rendered":"B\u00e1n gh\u1ebf matxa"},"content":{"rendered":"<p>\n Ch\u00e0o c\u00e1c b\u1ea1n,\n<\/p>\n<p>\n B\u1ea1n \u0111ang t\u00ecm ki\u1ebfm m\u1ed9t d\u1ecbch v\u1ee5 thi\u1ebft k\u1ebf website chuy\u00ean nghi\u1ec7p \u0111\u1ec3 b\u00e1n s\u1ea3n ph\u1ea9m gh\u1ebf matxa c\u1ee7a m\u00ecnh? V\u1eady th\u00ec h\u00e3y c\u00f9ng LADIGI Agency kh\u00e1m ph\u00e1 d\u1ecbch v\u1ee5 Thi\u1ebft k\u1ebf website Theme wordpress flatsome b\u00e1n gh\u1ebf matxa c\u1ee7a ch\u00fang t\u00f4i.\n<\/p>\n<p>\n V\u1edbi s\u1ef1 ph\u00e1t tri\u1ec3n c\u1ee7a c\u00f4ng ngh\u1ec7, vi\u1ec7c s\u1edf h\u1eefu m\u1ed9t website b\u00e1n h\u00e0ng tr\u1edf n\u00ean c\u1ef1c k\u1ef3 quan tr\u1ecdng \u0111\u1ed1i v\u1edbi b\u1ea5t k\u1ef3 doanh nghi\u1ec7p n\u00e0o. V\u00e0 \u0111\u1ec3 thu h\u00fat kh\u00e1ch h\u00e0ng v\u00e0 t\u1ea1o s\u1ef1 tin t\u01b0\u1edfng, giao di\u1ec7n web chuy\u00ean nghi\u1ec7p v\u00e0 d\u1ec5 s\u1eed d\u1ee5ng l\u00e0 y\u1ebfu t\u1ed1 kh\u00f4ng th\u1ec3 thi\u1ebfu. \u0110\u00f3 l\u00e0 l\u00fd do t\u1ea1i sao ch\u00fang t\u00f4i \u0111\u00e3 \u0111\u1ea7u t\u01b0 \u0111\u1ec3 thi\u1ebft k\u1ebf giao di\u1ec7n web cho d\u1ecbch v\u1ee5 b\u00e1n gh\u1ebf matxa c\u1ee7a b\u1ea1n tr\u1edf n\u00ean \u0111\u1eb9p v\u00e0 chuy\u00ean nghi\u1ec7p.\n<\/p>\n<p>\n Giao di\u1ec7n web c\u1ee7a ch\u00fang t\u00f4i \u0111\u01b0\u1ee3c thi\u1ebft k\u1ebf v\u1edbi s\u1ef1 t\u01b0\u01a1ng th\u00edch tr\u00ean m\u1ecdi thi\u1ebft b\u1ecb, \u0111\u1ea3m b\u1ea3o kh\u00e1ch h\u00e0ng c\u1ee7a b\u1ea1n c\u00f3 th\u1ec3 tr\u1ea3i nghi\u1ec7m s\u1ea3n ph\u1ea9m c\u1ee7a b\u1ea1n m\u1ed9t c\u00e1ch thu\u1eadn ti\u1ec7n nh\u1ea5t. B\u00ean c\u1ea1nh \u0111\u00f3, m\u00e3 ngu\u1ed3n WordPress v\u1edbi Theme Flatsome v\u00e0 UX Builder gi\u00fap cho vi\u1ec7c t\u00f9y bi\u1ebfn giao di\u1ec7n web tr\u1edf n\u00ean d\u1ec5 d\u00e0ng v\u00e0 linh ho\u1ea1t.\n<\/p>\n<p>\n Kh\u00f4ng ch\u1ec9 \u0111\u1eb9p m\u1eaft v\u00e0 d\u1ec5 s\u1eed d\u1ee5ng, giao di\u1ec7n web c\u1ee7a ch\u00fang t\u00f4i c\u00f2n \u0111\u01b0\u1ee3c t\u1ed1i \u01b0u h\u00f3a \u0111\u1ec3 t\u0103ng t\u1ed1c \u0111\u1ed9 t\u1ea3i trang, gi\u00fap kh\u00e1ch h\u00e0ng c\u1ee7a b\u1ea1n c\u00f3 tr\u1ea3i nghi\u1ec7m mua s\u1eafm tr\u1ef1c tuy\u1ebfn tuy\u1ec7t v\u1eddi v\u00e0 kh\u00f4ng b\u1ecb gi\u00e1n \u0111o\u1ea1n.\n<\/p>\n<p>\n N\u1ebfu b\u1ea1n \u0111ang t\u00ecm ki\u1ebfm m\u1ed9t \u0111\u01a1n v\u1ecb thi\u1ebft k\u1ebf website chuy\u00ean nghi\u1ec7p v\u00e0 \u0111\u00e1ng tin c\u1eady, h\u00e3y \u0111\u1ebfn v\u1edbi LADIGI Agency. Ch\u00fang t\u00f4i cam k\u1ebft s\u1ebd mang \u0111\u1ebfn cho b\u1ea1n m\u1ed9t giao di\u1ec7n web ho\u00e0n h\u1ea3o cho d\u1ecbch v\u1ee5 b\u00e1n gh\u1ebf matxa c\u1ee7a b\u1ea1n.\n<\/p>\n<p>\n \u0110\u1eebng ng\u1ea7n ng\u1ea1i li\u00ean h\u1ec7 v\u1edbi ch\u00fang t\u00f4i \u0111\u1ec3 \u0111\u01b0\u1ee3c t\u01b0 v\u1ea5n v\u00e0 b\u00e1o gi\u00e1 chi ti\u1ebft. B\u1ea1n c\u00f3 th\u1ec3 t\u00ecm hi\u1ec3u th\u00eam v\u1ec1 d\u1ecbch v\u1ee5 thi\u1ebft k\u1ebf website b\u00e1n h\u00e0ng c\u1ee7a ch\u00fang t\u00f4i t\u1ea1i<br \/>\n <a href=\"https:\/\/ladigi.vn\/thiet-ke-website\/\"><br \/>\n  Thi\u1ebft k\u1ebf website b\u00e1n h\u00e0ng LADIGI<br \/>\n <\/a><br \/>\n .\n<\/p>\n<p>\n H\u00e3y \u0111\u1ec3 LADIGI Agency gi\u00fap b\u1ea1n mang s\u1ea3n ph\u1ea9m gh\u1ebf matxa c\u1ee7a m\u00ecnh \u0111\u1ebfn g\u1ea7n h\u01a1n v\u1edbi kh\u00e1ch h\u00e0ng v\u00e0 t\u1ea1o n\u00ean s\u1ef1 th\u00e0nh c\u00f4ng trong kinh doanh tr\u1ef1c tuy\u1ebfn. C\u1ea3m \u01a1n b\u1ea1n \u0111\u00e3 \u0111\u1ecdc b\u00e0i vi\u1ebft c\u1ee7a ch\u00fang t\u00f4i!<\/p>\n","protected":false},"excerpt":{"rendered":"<p>D\u1ecbch v\u1ee5 thi\u1ebft k\u1ebf website Theme Wordpress Flatsome b\u00e1n gh\u1ebf matxa mang \u0111\u1ebfn cho kh\u00e1ch h\u00e0ng m\u1ed9t giao di\u1ec7n web \u0111\u1eb9p, chuy\u00ean nghi\u1ec7p v\u00e0 d\u1ec5 s\u1eed d\u1ee5ng. V\u1edbi thi\u1ebft k\u1ebf t\u01b0\u01a1ng th\u00edch tr\u00ean m\u1ecdi thi\u1ebft b\u1ecb, kh\u00e1ch h\u00e0ng c\u00f3 th\u1ec3 truy c\u1eadp v\u00e0 tr\u1ea3i nghi\u1ec7m tr\u00ean m\u1ecdi n\u1ec1n t\u1ea3ng. M\u00e3 ngu\u1ed3n Wordpress c\u00f9ng v\u1edbi Theme Flatsome v\u00e0 UX Builder gi\u00fap d\u1ec5 d\u00e0ng t\u00f9y bi\u1ebfn theo \u00fd mu\u1ed1n c\u1ee7a kh\u00e1ch h\u00e0ng. \u0110\u1eb7c bi\u1ec7t, t\u1ed1c \u0111\u1ed9 t\u1ea3i trang nhanh gi\u00fap kh\u00e1ch h\u00e0ng ti\u1ebft ki\u1ec7m th\u1eddi gian v\u00e0 tr\u1ea3i nghi\u1ec7m website m\u1ed9t c\u00e1ch tr\u01a1n tru.<\/p>\n","protected":false},"featured_media":9517,"comment_status":"open","ping_status":"closed","template":"","meta":[],"product_cat":[16],"product_tag":[],"class_list":{"0":"post-9516","1":"product","2":"type-product","3":"status-publish","4":"has-post-thumbnail","6":"product_cat-tat-ca","8":"first","9":"instock","10":"shipping-taxable","11":"product-type-external"},"_links":{"self":[{"href":"https:\/\/ladigi.vn\/thiet-ke-website\/wp-json\/wp\/v2\/product\/9516","targetHints":{"allow":["GET"]}}],"collection":[{"href":"https:\/\/ladigi.vn\/thiet-ke-website\/wp-json\/wp\/v2\/product"}],"about":[{"href":"https:\/\/ladigi.vn\/thiet-ke-website\/wp-json\/wp\/v2\/types\/product"}],"replies":[{"embeddable":true,"href":"https:\/\/ladigi.vn\/thiet-ke-website\/wp-json\/wp\/v2\/comments?post=9516"}],"wp:featuredmedia":[{"embeddable":true,"href":"https:\/\/ladigi.vn\/thiet-ke-website\/wp-json\/wp\/v2\/media\/9517"}],"wp:attachment":[{"href":"https:\/\/ladigi.vn\/thiet-ke-website\/wp-json\/wp\/v2\/media?parent=9516"}],"wp:term":[{"taxonomy":"product_cat","embeddable":true,"href":"https:\/\/ladigi.vn\/thiet-ke-website\/wp-json\/wp\/v2\/product_cat?post=9516"},{"taxonomy":"product_tag","embeddable":true,"href":"https:\/\/ladigi.vn\/thiet-ke-website\/wp-json\/wp\/v2\/product_tag?post=9516"}],"curies":[{"name":"wp","href":"https:\/\/api.w.org\/{rel}","templated":true}]}}