{"id":9530,"date":"2025-01-11T07:42:37","date_gmt":"2025-01-11T00:42:37","guid":{"rendered":"https:\/\/ladigi.vn\/thiet-ke-website\/?post_type=product&#038;p=9530"},"modified":"2025-01-11T07:44:17","modified_gmt":"2025-01-11T00:44:17","slug":"theme-wordpress-landing-page-ban-thit-trau","status":"publish","type":"product","link":"https:\/\/ladigi.vn\/thiet-ke-website\/mau-web\/theme-wordpress-landing-page-ban-thit-trau\/","title":{"rendered":"C\u1eeda h\u00e0ng b\u00e1n th\u1ecbt tr\u00e2u"},"content":{"rendered":"<h1>\n D\u1ecbch v\u1ee5 Thi\u1ebft k\u1ebf Website Theme WordPress Landing Page B\u00e1n Th\u1ecbt Tr\u00e2u<br \/>\n<\/h1>\n<p>\n N\u1ebfu b\u1ea1n \u0111ang t\u00ecm ki\u1ebfm m\u1ed9t gi\u1ea3i ph\u00e1p hi\u1ec7u qu\u1ea3 \u0111\u1ec3 thi\u1ebft k\u1ebf website b\u00e1n th\u1ecbt tr\u00e2u c\u1ee7a m\u00ecnh, h\u00e3y \u0111\u1ec3 ch\u00fang t\u00f4i gi\u1edbi thi\u1ec7u d\u1ecbch v\u1ee5 thi\u1ebft k\u1ebf website v\u1edbi theme WordPress Landing Page \u0111\u1ed9c \u0111\u00e1o v\u00e0 hi\u1ec7n \u0111\u1ea1i. Ch\u00fang t\u00f4i mang \u0111\u1ebfn cho b\u1ea1n m\u1ed9t giao di\u1ec7n web \u0111\u1eb9p, chuy\u00ean nghi\u1ec7p v\u00e0 d\u1ec5 s\u1eed d\u1ee5ng, nh\u1eb1m thu h\u00fat v\u00e0 gi\u1eef ch\u00e2n kh\u00e1ch h\u00e0ng.\n<\/p>\n<h2>\n Giao Di\u1ec7n Web \u0110\u1eb9p v\u00e0 Chuy\u00ean Nghi\u1ec7p<br \/>\n<\/h2>\n<p>\n Ch\u00fang t\u00f4i hi\u1ec3u r\u1eb1ng giao di\u1ec7n l\u00e0 y\u1ebfu t\u1ed1 h\u00e0ng \u0111\u1ea7u thu h\u00fat kh\u00e1ch h\u00e0ng. V\u1edbi thi\u1ebft k\u1ebf tinh t\u1ebf, s\u1eafc n\u00e9t v\u00e0 d\u1ec5 d\u00e0ng \u0111i\u1ec1u h\u01b0\u1edbng, trang web c\u1ee7a b\u1ea1n s\u1ebd kh\u00f4ng ch\u1ec9 tr\u00f4ng hi\u1ec7n \u0111\u1ea1i m\u00e0 c\u00f2n t\u1ea1o c\u1ea3m gi\u00e1c tho\u1ea3i m\u00e1i cho ng\u01b0\u1eddi d\u00f9ng.\n<\/p>\n<h2>\n T\u01b0\u01a1ng Th\u00edch Tr\u00ean M\u1ecdi Thi\u1ebft B\u1ecb<br \/>\n<\/h2>\n<p>\n V\u1edbi xu th\u1ebf ng\u00e0y c\u00e0ng t\u0103ng c\u1ee7a vi\u1ec7c ng\u01b0\u1eddi d\u00f9ng truy c\u1eadp internet b\u1eb1ng \u0111i\u1ec7n tho\u1ea1i di \u0111\u1ed9ng, ch\u00fang t\u00f4i \u0111\u1ea3m b\u1ea3o r\u1eb1ng website c\u1ee7a b\u1ea1n s\u1ebd ho\u00e0n to\u00e0n t\u01b0\u01a1ng th\u00edch tr\u00ean m\u1ecdi thi\u1ebft b\u1ecb, t\u1eeb m\u00e1y t\u00ednh b\u1ea3ng \u0111\u1ebfn \u0111i\u1ec7n tho\u1ea1i th\u00f4ng minh. \u0110i\u1ec1u n\u00e0y kh\u00f4ng ch\u1ec9 t\u1ea1o ra tr\u1ea3i nghi\u1ec7m t\u1ed1t h\u01a1n cho kh\u00e1ch h\u00e0ng m\u00e0 c\u00f2n gi\u00fap t\u1ed1i \u01b0u h\u00f3a SEO.\n<\/p>\n<h2>\n M\u00e3 Ngu\u1ed3n WordPress v\u1edbi Theme Flatsome v\u00e0 UX Builder<br \/>\n<\/h2>\n<p>\n Ch\u00fang t\u00f4i s\u1eed d\u1ee5ng m\u00e3 ngu\u1ed3n WordPress v\u1edbi theme Flatsome n\u1ed5i ti\u1ebfng, k\u1ebft h\u1ee3p c\u00f9ng c\u00f4ng c\u1ee5 UX Builder tr\u1ef1c quan, gi\u00fap b\u1ea1n d\u1ec5 d\u00e0ng t\u00f9y bi\u1ebfn m\u1ecdi chi ti\u1ebft c\u1ee7a website theo \u00fd mu\u1ed1n. \u0110i\u1ec1u n\u00e0y cho ph\u00e9p b\u1ea1n t\u1ef1 do t\u1ea1o ra n\u1ed9i dung v\u00e0 h\u00ecnh \u1ea3nh h\u1ea5p d\u1eabn m\u00e0 kh\u00f4ng c\u1ea7n ph\u1ea3i c\u00f3 ki\u1ebfn th\u1ee9c l\u1eadp tr\u00ecnh.\n<\/p>\n<h2>\n T\u1ed1c \u0110\u1ed9 T\u1ea3i Trang Nhanh<br \/>\n<\/h2>\n<p>\n M\u1ed9t y\u1ebfu t\u1ed1 quan tr\u1ecdng kh\u00f4ng th\u1ec3 thi\u1ebfu l\u00e0 t\u1ed1c \u0111\u1ed9 t\u1ea3i trang. Trang web c\u1ee7a b\u1ea1n s\u1ebd \u0111\u01b0\u1ee3c t\u1ed1i \u01b0u h\u00f3a \u0111\u1ec3 \u0111\u1ea3m b\u1ea3o t\u1ed1c \u0111\u1ed9 t\u1ea3i nhanh nh\u1ea5t c\u00f3 th\u1ec3, gi\u00fap c\u1ea3i thi\u1ec7n tr\u1ea3i nghi\u1ec7m ng\u01b0\u1eddi d\u00f9ng v\u00e0 t\u0103ng kh\u1ea3 n\u0103ng chuy\u1ec3n \u0111\u1ed5i kh\u00e1ch h\u00e0ng.\n<\/p>\n<h2>\n Gi\u1edbi thi\u1ec7u v\u1ec1 LADIGI Agency<br \/>\n<\/h2>\n<p>\n Ch\u00fang t\u00f4i, LADIGI Agency, l\u00e0 \u0111\u01a1n v\u1ecb chuy\u00ean thi\u1ebft k\u1ebf website chuy\u00ean nghi\u1ec7p v\u1edbi nhi\u1ec1u n\u0103m kinh nghi\u1ec7m trong l\u0129nh v\u1ef1c. Ch\u00fang t\u00f4i cam k\u1ebft mang \u0111\u1ebfn cho b\u1ea1n m\u1ed9t s\u1ea3n ph\u1ea9m ch\u1ea5t l\u01b0\u1ee3ng, \u0111\u00e1p \u1ee9ng \u0111\u00fang nhu c\u1ea7u c\u1ee7a b\u1ea1n. \u0110\u1ec3 bi\u1ebft th\u00eam th\u00f4ng tin v\u1ec1 d\u1ecbch v\u1ee5 thi\u1ebft k\u1ebf website gi\u00e1 r\u1ebb, h\u00e3y tham kh\u1ea3o<br \/>\n <a href=\"https:\/\/ladigi.vn\/thiet-ke-website\/\"><br \/>\n  D\u1ecbch v\u1ee5 thi\u1ebft k\u1ebf website gi\u00e1 r\u1ebb LADIGI<br \/>\n <\/a><br \/>\n .\n<\/p>\n<p>\n H\u00e3y li\u00ean h\u1ec7 v\u1edbi ch\u00fang t\u00f4i ngay h\u00f4m nay \u0111\u1ec3 b\u1eaft \u0111\u1ea7u x\u00e2y d\u1ef1ng website b\u00e1n th\u1ecbt tr\u00e2u c\u1ee7a b\u1ea1n!<\/p>\n","protected":false},"excerpt":{"rendered":"<p>D\u1ecbch v\u1ee5 thi\u1ebft k\u1ebf website landing page b\u00e1n th\u1ecbt tr\u00e2u s\u1eed d\u1ee5ng m\u00e3 ngu\u1ed3n Wordpress v\u1edbi Theme Flatsome v\u00e0 UX Builder d\u1ec5 t\u00f9y bi\u1ebfn. Giao di\u1ec7n chuy\u00ean nghi\u1ec7p, \u0111\u1eb9p m\u1eaft, d\u1ec5 s\u1eed d\u1ee5ng, t\u01b0\u01a1ng th\u00edch t\u1ed1t tr\u00ean m\u1ecdi thi\u1ebft b\u1ecb. \u0110\u1eb7c bi\u1ec7t, t\u1ed1c \u0111\u1ed9 t\u1ea3i trang nhanh gi\u00fap t\u1ed1i \u01b0u tr\u1ea3i nghi\u1ec7m ng\u01b0\u1eddi d\u00f9ng.<\/p>\n","protected":false},"featured_media":9531,"comment_status":"open","ping_status":"closed","template":"","meta":[],"product_cat":[16],"product_tag":[],"class_list":{"0":"post-9530","1":"product","2":"type-product","3":"status-publish","4":"has-post-thumbnail","6":"product_cat-tat-ca","8":"first","9":"instock","10":"shipping-taxable","11":"product-type-external"},"_links":{"self":[{"href":"https:\/\/ladigi.vn\/thiet-ke-website\/wp-json\/wp\/v2\/product\/9530","targetHints":{"allow":["GET"]}}],"collection":[{"href":"https:\/\/ladigi.vn\/thiet-ke-website\/wp-json\/wp\/v2\/product"}],"about":[{"href":"https:\/\/ladigi.vn\/thiet-ke-website\/wp-json\/wp\/v2\/types\/product"}],"replies":[{"embeddable":true,"href":"https:\/\/ladigi.vn\/thiet-ke-website\/wp-json\/wp\/v2\/comments?post=9530"}],"wp:featuredmedia":[{"embeddable":true,"href":"https:\/\/ladigi.vn\/thiet-ke-website\/wp-json\/wp\/v2\/media\/9531"}],"wp:attachment":[{"href":"https:\/\/ladigi.vn\/thiet-ke-website\/wp-json\/wp\/v2\/media?parent=9530"}],"wp:term":[{"taxonomy":"product_cat","embeddable":true,"href":"https:\/\/ladigi.vn\/thiet-ke-website\/wp-json\/wp\/v2\/product_cat?post=9530"},{"taxonomy":"product_tag","embeddable":true,"href":"https:\/\/ladigi.vn\/thiet-ke-website\/wp-json\/wp\/v2\/product_tag?post=9530"}],"curies":[{"name":"wp","href":"https:\/\/api.w.org\/{rel}","templated":true}]}}